{"id":2685,"date":"2026-01-29T20:52:09","date_gmt":"2026-01-29T19:52:09","guid":{"rendered":"https:\/\/miramarevenezia.it\/maerkte\/"},"modified":"2026-03-16T22:02:32","modified_gmt":"2026-03-16T21:02:32","slug":"maerkte","status":"publish","type":"page","link":"https:\/\/miramarevenezia.it\/de\/gebiet\/maerkte\/","title":{"rendered":"M\u00e4rkte"},"content":{"rendered":"\t\t<div data-elementor-type=\"wp-page\" data-elementor-id=\"2685\" class=\"elementor elementor-2685 elementor-1419\">\n\t\t\t\t<div class=\"wpr-jarallax elementor-element elementor-element-e458469 parallax-sopra wpr-jarallax-yes e-flex e-con-boxed wpr-particle-no wpr-parallax-no wpr-sticky-section-no wpr-equal-height-no e-con e-parent\" speed-data=\"1.1\" bg-image=\"https:\/\/miramarevenezia.it\/wp-content\/uploads\/35f7898f-634d-46c8-a8e3-cb24311a7483.jpg\" bg-image-mobile=\"\" scroll-effect=\"scroll\" data-id=\"e458469\" data-element_type=\"container\" data-e-type=\"container\" data-settings=\"{&quot;background_background&quot;:&quot;classic&quot;}\">\n\t\t\t\t\t<div class=\"e-con-inner\">\n\t\t\t\t<div class=\"elementor-element elementor-element-7c1df26 elementor-widget elementor-widget-heading\" data-id=\"7c1df26\" data-element_type=\"widget\" data-e-type=\"widget\" data-widget_type=\"heading.default\">\n\t\t\t\t\t<h1 class=\"elementor-heading-title elementor-size-default\">Die lokalen M\u00e4rkte von Cavallino Treporti<\/h1>\t\t\t\t<\/div>\n\t\t\t\t\t<\/div>\n\t\t\t\t<\/div>\n\t\t<div class=\"elementor-element elementor-element-a9d570e e-flex e-con-boxed wpr-particle-no wpr-jarallax-no wpr-parallax-no wpr-sticky-section-no wpr-equal-height-no e-con e-parent\" data-id=\"a9d570e\" data-element_type=\"container\" data-e-type=\"container\">\n\t\t\t\t\t<div class=\"e-con-inner\">\n\t\t\t\t<div class=\"elementor-element elementor-element-f33ae19 elementor-widget elementor-widget-heading\" data-id=\"f33ae19\" data-element_type=\"widget\" data-e-type=\"widget\" data-widget_type=\"heading.default\">\n\t\t\t\t\t<h2 class=\"elementor-heading-title elementor-size-default\">Lokale Produkte, Obst, Fisch und vieles mehr<\/h2>\t\t\t\t<\/div>\n\t\t\t\t<div class=\"elementor-element elementor-element-0ffc42d elementor-widget elementor-widget-text-editor\" data-id=\"0ffc42d\" data-element_type=\"widget\" data-e-type=\"widget\" data-widget_type=\"text-editor.default\">\n\t\t\t\t\t\t\t\t\t<p>Eine der St\u00e4rken Venetiens und von Cavallino Treporti sind die Produkte, die von der lokalen Bev\u00f6lkerung geliebt und von Touristen aus ganz Europa gesch\u00e4tzt werden, die sich f\u00fcr einen Aufenthalt hier im Camping Village Miramare entscheiden.<\/p>\t\t\t\t\t\t\t\t<\/div>\n\t\t\t\t\t<\/div>\n\t\t\t\t<\/div>\n\t\t<div class=\"elementor-element elementor-element-b6b5b97 e-flex e-con-boxed wpr-particle-no wpr-jarallax-no wpr-parallax-no wpr-sticky-section-no wpr-equal-height-no e-con e-parent\" data-id=\"b6b5b97\" data-element_type=\"container\" data-e-type=\"container\" data-settings=\"{&quot;background_background&quot;:&quot;classic&quot;}\">\n\t\t\t\t\t<div class=\"e-con-inner\">\n\t\t<div class=\"elementor-element elementor-element-f4e53da e-con-full e-flex wpr-particle-no wpr-jarallax-no wpr-parallax-no wpr-sticky-section-no wpr-equal-height-no e-con e-child\" data-id=\"f4e53da\" data-element_type=\"container\" data-e-type=\"container\" data-settings=\"{&quot;background_background&quot;:&quot;classic&quot;}\">\n\t\t<div class=\"elementor-element elementor-element-cb110df e-con-full e-flex wpr-particle-no wpr-jarallax-no wpr-parallax-no wpr-sticky-section-no wpr-equal-height-no e-con e-child\" data-id=\"cb110df\" data-element_type=\"container\" data-e-type=\"container\">\n\t\t\t\t<div class=\"elementor-element elementor-element-575cfe0 elementor-widget elementor-widget-text-editor\" data-id=\"575cfe0\" data-element_type=\"widget\" data-e-type=\"widget\" data-widget_type=\"text-editor.default\">\n\t\t\t\t\t\t\t\t\t<p>Zwischen Cavallino, Ca&#8216; Savio und Treporti gibt es jede Woche verschiedene Termine f\u00fcr lokale M\u00e4rkte, auf denen du Folgendes finden kannst: <strong>Obst, Gem\u00fcse, fangfrischen Fisch, Textilien, Kleidung und Haushaltswaren<\/strong>.<\/p><p>Ein Spaziergang zwischen den Marktst\u00e4nden ist definitiv ein Erlebnis, das du dir nicht entgehen lassen solltest, wenn du <strong>echte Produkte<\/strong> entdecken und dich als Teil der Region f\u00fchlen m\u00f6chtest, w\u00e4hrend du den Verk\u00e4ufern lauschst, die Kuriosit\u00e4ten und Anekdoten erz\u00e4hlen, die dich in die Atmosph\u00e4re der venezianischen Lagune eintauchen lassen.<\/p><p>Neben kulinarischen Gen\u00fcssen kannst du auf den lokalen M\u00e4rkten auch <strong>Geschenke und Souvenirs<\/strong> f\u00fcr deine Liebsten kaufen.<\/p>\t\t\t\t\t\t\t\t<\/div>\n\t\t\t\t<\/div>\n\t\t<div class=\"elementor-element elementor-element-f6115bb e-con-full e-grid wpr-particle-no wpr-jarallax-no wpr-parallax-no wpr-sticky-section-no wpr-equal-height-no e-con e-child\" data-id=\"f6115bb\" data-element_type=\"container\" data-e-type=\"container\">\n\t\t<div class=\"elementor-element elementor-element-2f85744 e-con-full e-flex wpr-particle-no wpr-jarallax-no wpr-parallax-no wpr-sticky-section-no wpr-equal-height-no e-con e-child\" data-id=\"2f85744\" data-element_type=\"container\" data-e-type=\"container\">\n\t\t<div class=\"elementor-element elementor-element-050d07b e-con-full e-flex wpr-particle-no wpr-jarallax-no wpr-parallax-no wpr-sticky-section-no wpr-equal-height-no e-con e-child\" data-id=\"050d07b\" data-element_type=\"container\" data-e-type=\"container\" data-settings=\"{&quot;background_background&quot;:&quot;classic&quot;}\">\n\t\t\t\t<\/div>\n\t\t<div class=\"elementor-element elementor-element-2dd8540 e-con-full e-flex wpr-particle-no wpr-jarallax-no wpr-parallax-no wpr-sticky-section-no wpr-equal-height-no e-con e-child\" data-id=\"2dd8540\" data-element_type=\"container\" data-e-type=\"container\" data-settings=\"{&quot;background_background&quot;:&quot;classic&quot;}\">\n\t\t\t\t<\/div>\n\t\t\t\t<\/div>\n\t\t<div class=\"elementor-element elementor-element-5486cef e-con-full e-flex wpr-particle-no wpr-jarallax-no wpr-parallax-no wpr-sticky-section-no wpr-equal-height-no e-con e-child\" data-id=\"5486cef\" data-element_type=\"container\" data-e-type=\"container\">\n\t\t<div class=\"elementor-element elementor-element-f73e171 e-con-full e-flex wpr-particle-no wpr-jarallax-no wpr-parallax-no wpr-sticky-section-no wpr-equal-height-no e-con e-child\" data-id=\"f73e171\" data-element_type=\"container\" data-e-type=\"container\" data-settings=\"{&quot;background_background&quot;:&quot;classic&quot;}\">\n\t\t\t\t<\/div>\n\t\t\t\t<\/div>\n\t\t\t\t<\/div>\n\t\t\t\t<\/div>\n\t\t<div class=\"elementor-element elementor-element-67269bb e-con-full e-flex wpr-particle-no wpr-jarallax-no wpr-parallax-no wpr-sticky-section-no wpr-equal-height-no e-con e-child\" data-id=\"67269bb\" data-element_type=\"container\" data-e-type=\"container\" data-settings=\"{&quot;background_background&quot;:&quot;classic&quot;}\">\n\t\t<div class=\"elementor-element elementor-element-22522ed e-con-full e-flex wpr-particle-no wpr-jarallax-no wpr-parallax-no wpr-sticky-section-no wpr-equal-height-no e-con e-child\" data-id=\"22522ed\" data-element_type=\"container\" data-e-type=\"container\">\n\t\t\t\t<div class=\"elementor-element elementor-element-49e7713 elementor-widget elementor-widget-heading\" data-id=\"49e7713\" data-element_type=\"widget\" data-e-type=\"widget\" data-widget_type=\"heading.default\">\n\t\t\t\t\t<h2 class=\"elementor-heading-title elementor-size-default\">Der Rialtomarkt<\/h2>\t\t\t\t<\/div>\n\t\t\t\t<div class=\"elementor-element elementor-element-388f3f0 elementor-widget elementor-widget-text-editor\" data-id=\"388f3f0\" data-element_type=\"widget\" data-e-type=\"widget\" data-widget_type=\"text-editor.default\">\n\t\t\t\t\t\t\t\t\t<p>F\u00fcr alle, die noch tiefer in die lokalen Spezialit\u00e4ten eintauchen m\u00f6chten, lohnt sich ein Besuch des ber\u00fchmten <strong>Rialtomarktes in Venedig<\/strong>, <strong>einer der authentischsten historischen M\u00e4rkte der Stadt<\/strong>, wo sich Farben, D\u00fcfte und typische Produkte der Lagune vermischen.<\/p><p>Hier ist der <strong>Fischmarkt<\/strong> von Dienstag bis Samstag in den fr\u00fchen Morgenstunden aktiv (normalerweise von 7:00\/7:30 Uhr bis ca. 12:00\/14:00 Uhr), w\u00e4hrend der angrenzende <strong>Obst- und Gem\u00fcsemarkt<\/strong> von Montag bis Samstag ebenfalls vormittags ge\u00f6ffnet ist.<\/p><p>Ein Spaziergang durch die St\u00e4nde des Rialtomarktes ist ein einzigartiges Erlebnis, um zu sehen, wie die Venezianer die tagesfrischen Produkte ausw\u00e4hlen und um die lokale kulinarische Tradition aus n\u00e4chster N\u00e4he zu bewundern, bevor es weiter in die Gassen und Kan\u00e4le der Stadt geht.<\/p>\t\t\t\t\t\t\t\t<\/div>\n\t\t\t\t<\/div>\n\t\t<div class=\"elementor-element elementor-element-ad46912 e-con-full e-grid wpr-particle-no wpr-jarallax-no wpr-parallax-no wpr-sticky-section-no wpr-equal-height-no e-con e-child\" data-id=\"ad46912\" data-element_type=\"container\" data-e-type=\"container\">\n\t\t<div class=\"elementor-element elementor-element-1a4c2d2 e-con-full e-flex wpr-particle-no wpr-jarallax-no wpr-parallax-no wpr-sticky-section-no wpr-equal-height-no e-con e-child\" data-id=\"1a4c2d2\" data-element_type=\"container\" data-e-type=\"container\">\n\t\t<div class=\"elementor-element elementor-element-c616275 e-con-full e-flex wpr-particle-no wpr-jarallax-no wpr-parallax-no wpr-sticky-section-no wpr-equal-height-no e-con e-child\" data-id=\"c616275\" data-element_type=\"container\" data-e-type=\"container\" data-settings=\"{&quot;background_background&quot;:&quot;classic&quot;}\">\n\t\t\t\t<\/div>\n\t\t\t\t<\/div>\n\t\t<div class=\"elementor-element elementor-element-cbeea21 e-con-full e-flex wpr-particle-no wpr-jarallax-no wpr-parallax-no wpr-sticky-section-no wpr-equal-height-no e-con e-child\" data-id=\"cbeea21\" data-element_type=\"container\" data-e-type=\"container\">\n\t\t<div class=\"elementor-element elementor-element-3c49ca0 e-con-full e-flex wpr-particle-no wpr-jarallax-no wpr-parallax-no wpr-sticky-section-no wpr-equal-height-no e-con e-child\" data-id=\"3c49ca0\" data-element_type=\"container\" data-e-type=\"container\" data-settings=\"{&quot;background_background&quot;:&quot;classic&quot;}\">\n\t\t\t\t<\/div>\n\t\t\t\t<\/div>\n\t\t\t\t<\/div>\n\t\t\t\t<\/div>\n\t\t\t\t\t<\/div>\n\t\t\t\t<\/div>\n\t\t\t\t<\/div>\n\t\t","protected":false},"excerpt":{"rendered":"<p>Die lokalen M\u00e4rkte von Cavallino Treporti Lokale Produkte, Obst, Fisch und vieles mehr Eine der St\u00e4rken Venetiens und von Cavallino Treporti sind die Produkte, die von der lokalen Bev\u00f6lkerung geliebt und von Touristen aus ganz Europa gesch\u00e4tzt werden, die sich f\u00fcr einen Aufenthalt hier im Camping Village Miramare entscheiden. Zwischen Cavallino, Ca&#8216; Savio und Treporti gibt es jede Woche verschiedene Termine f\u00fcr lokale M\u00e4rkte, auf denen du Folgendes finden kannst: Obst, Gem\u00fcse, fangfrischen Fisch, Textilien, Kleidung und Haushaltswaren. Ein Spaziergang zwischen den Marktst\u00e4nden ist definitiv ein Erlebnis, das du dir nicht entgehen lassen solltest, wenn du echte Produkte entdecken und dich als Teil der Region f\u00fchlen m\u00f6chtest, w\u00e4hrend du den Verk\u00e4ufern lauschst, die Kuriosit\u00e4ten und Anekdoten erz\u00e4hlen, die dich in die Atmosph\u00e4re der venezianischen Lagune eintauchen lassen. Neben kulinarischen Gen\u00fcssen kannst du auf den lokalen M\u00e4rkten auch Geschenke und Souvenirs f\u00fcr deine Liebsten kaufen. Der Rialtomarkt F\u00fcr alle, die noch tiefer in die lokalen Spezialit\u00e4ten eintauchen m\u00f6chten, lohnt sich ein Besuch des ber\u00fchmten Rialtomarktes in Venedig, einer der authentischsten historischen M\u00e4rkte der Stadt, wo sich Farben, D\u00fcfte und typische Produkte der Lagune vermischen. Hier ist der Fischmarkt von Dienstag bis Samstag in den fr\u00fchen Morgenstunden aktiv (normalerweise von 7:00\/7:30 Uhr bis ca. 12:00\/14:00 Uhr), w\u00e4hrend der angrenzende Obst- und Gem\u00fcsemarkt von Montag bis Samstag ebenfalls vormittags ge\u00f6ffnet ist. Ein Spaziergang durch die St\u00e4nde des Rialtomarktes ist ein einzigartiges Erlebnis, um zu sehen, wie die Venezianer die tagesfrischen Produkte ausw\u00e4hlen und um die lokale kulinarische Tradition aus n\u00e4chster N\u00e4he zu bewundern, bevor es weiter in die Gassen und Kan\u00e4le der Stadt geht.<\/p>\n","protected":false},"author":1,"featured_media":2692,"parent":3242,"menu_order":0,"comment_status":"closed","ping_status":"closed","template":"","meta":{"footnotes":""},"class_list":["post-2685","page","type-page","status-publish","has-post-thumbnail","hentry"],"blocksy_meta":[],"_links":{"self":[{"href":"https:\/\/miramarevenezia.it\/de\/wp-json\/wp\/v2\/pages\/2685","targetHints":{"allow":["GET"]}}],"collection":[{"href":"https:\/\/miramarevenezia.it\/de\/wp-json\/wp\/v2\/pages"}],"about":[{"href":"https:\/\/miramarevenezia.it\/de\/wp-json\/wp\/v2\/types\/page"}],"author":[{"embeddable":true,"href":"https:\/\/miramarevenezia.it\/de\/wp-json\/wp\/v2\/users\/1"}],"replies":[{"embeddable":true,"href":"https:\/\/miramarevenezia.it\/de\/wp-json\/wp\/v2\/comments?post=2685"}],"version-history":[{"count":4,"href":"https:\/\/miramarevenezia.it\/de\/wp-json\/wp\/v2\/pages\/2685\/revisions"}],"predecessor-version":[{"id":4280,"href":"https:\/\/miramarevenezia.it\/de\/wp-json\/wp\/v2\/pages\/2685\/revisions\/4280"}],"up":[{"embeddable":true,"href":"https:\/\/miramarevenezia.it\/de\/wp-json\/wp\/v2\/pages\/3242"}],"wp:featuredmedia":[{"embeddable":true,"href":"https:\/\/miramarevenezia.it\/de\/wp-json\/wp\/v2\/media\/2692"}],"wp:attachment":[{"href":"https:\/\/miramarevenezia.it\/de\/wp-json\/wp\/v2\/media?parent=2685"}],"curies":[{"name":"wp","href":"https:\/\/api.w.org\/{rel}","templated":true}]}}