{"id":2776,"date":"2025-12-26T17:43:36","date_gmt":"2025-12-26T16:43:36","guid":{"rendered":"https:\/\/miramarevenezia.it\/venedig\/"},"modified":"2026-03-10T21:13:15","modified_gmt":"2026-03-10T20:13:15","slug":"venedig","status":"publish","type":"page","link":"https:\/\/miramarevenezia.it\/de\/gebiet\/venedig\/","title":{"rendered":"Venedig"},"content":{"rendered":"\t\t<div data-elementor-type=\"wp-page\" data-elementor-id=\"2776\" class=\"elementor elementor-2776 elementor-239\">\n\t\t\t\t<div class=\"wpr-jarallax elementor-element elementor-element-e458469 parallax-sopra wpr-jarallax-yes e-flex e-con-boxed wpr-particle-no wpr-parallax-no wpr-sticky-section-no wpr-equal-height-no e-con e-parent\" speed-data=\"1.2\" bg-image=\"https:\/\/miramarevenezia.it\/wp-content\/uploads\/VeneziaByNight.jpg\" bg-image-mobile=\"\" scroll-effect=\"scroll\" data-id=\"e458469\" data-element_type=\"container\" data-e-type=\"container\" data-settings=\"{&quot;background_background&quot;:&quot;classic&quot;}\">\n\t\t\t\t\t<div class=\"e-con-inner\">\n\t\t\t\t<div class=\"elementor-element elementor-element-7c1df26 elementor-widget elementor-widget-heading\" data-id=\"7c1df26\" data-element_type=\"widget\" data-e-type=\"widget\" data-widget_type=\"heading.default\">\n\t\t\t\t\t<h1 class=\"elementor-heading-title elementor-size-default\">Venedig<\/h1>\t\t\t\t<\/div>\n\t\t\t\t\t<\/div>\n\t\t\t\t<\/div>\n\t\t<div class=\"elementor-element elementor-element-a9d570e e-flex e-con-boxed wpr-particle-no wpr-jarallax-no wpr-parallax-no wpr-sticky-section-no wpr-equal-height-no e-con e-parent\" data-id=\"a9d570e\" data-element_type=\"container\" data-e-type=\"container\">\n\t\t\t\t\t<div class=\"e-con-inner\">\n\t\t\t\t<div class=\"elementor-element elementor-element-f33ae19 elementor-widget elementor-widget-heading\" data-id=\"f33ae19\" data-element_type=\"widget\" data-e-type=\"widget\" data-widget_type=\"heading.default\">\n\t\t\t\t\t<h2 class=\"elementor-heading-title elementor-size-default\">Nur wenige Schritte vom Campingplatz entfernt erreichst du Venedig mit dem Schiff und gehst direkt am Markusplatz an Land<\/h2>\t\t\t\t<\/div>\n\t\t\t\t<div class=\"elementor-element elementor-element-0ffc42d elementor-widget elementor-widget-text-editor\" data-id=\"0ffc42d\" data-element_type=\"widget\" data-e-type=\"widget\" data-widget_type=\"text-editor.default\">\n\t\t\t\t\t\t\t\t\t<p>Ein Urlaub in Venetien ist nicht komplett, ohne in die magische Atmosph\u00e4re Venedigs einzutauchen: Vom Camping Village Miramare aus sind es nur wenige Schritte und Minuten, um mit dem Schiff den herrlichen Markusplatz zu erreichen. Lass dich dort von den st\u00e4ndig wechselnden Farben, D\u00fcften und Eindr\u00fccken verzaubern, die nur eine so einzigartige Stadt wie Venedig bieten kann.<\/p>\t\t\t\t\t\t\t\t<\/div>\n\t\t\t\t\t<\/div>\n\t\t\t\t<\/div>\n\t\t<div class=\"elementor-element elementor-element-b6b5b97 e-flex e-con-boxed wpr-particle-no wpr-jarallax-no wpr-parallax-no wpr-sticky-section-no wpr-equal-height-no e-con e-parent\" data-id=\"b6b5b97\" data-element_type=\"container\" data-e-type=\"container\" data-settings=\"{&quot;background_background&quot;:&quot;classic&quot;}\">\n\t\t\t\t\t<div class=\"e-con-inner\">\n\t\t<div class=\"elementor-element elementor-element-f4e53da e-con-full e-flex wpr-particle-no wpr-jarallax-no wpr-parallax-no wpr-sticky-section-no wpr-equal-height-no e-con e-child\" data-id=\"f4e53da\" data-element_type=\"container\" data-e-type=\"container\" data-settings=\"{&quot;background_background&quot;:&quot;classic&quot;}\">\n\t\t<div class=\"elementor-element elementor-element-cb110df e-con-full e-flex wpr-particle-no wpr-jarallax-no wpr-parallax-no wpr-sticky-section-no wpr-equal-height-no e-con e-child\" data-id=\"cb110df\" data-element_type=\"container\" data-e-type=\"container\">\n\t\t\t\t<div class=\"elementor-element elementor-element-098f38e elementor-widget elementor-widget-heading\" data-id=\"098f38e\" data-element_type=\"widget\" data-e-type=\"widget\" data-widget_type=\"heading.default\">\n\t\t\t\t\t<h2 class=\"elementor-heading-title elementor-size-default\">Eine Geschichte, die auf dem Wasser schwebt<\/h2>\t\t\t\t<\/div>\n\t\t\t\t<div class=\"elementor-element elementor-element-575cfe0 elementor-widget elementor-widget-text-editor\" data-id=\"575cfe0\" data-element_type=\"widget\" data-e-type=\"widget\" data-widget_type=\"text-editor.default\">\n\t\t\t\t\t\t\t\t\t<p>Verlier dich in den engen Gassen und auf den kleinen Pl\u00e4tzen, besuche die <strong>Kirchen<\/strong> und <strong>Museen<\/strong>: Nutze die <strong>Wasserstra\u00dfen<\/strong>, steig in eine <strong>Gondel<\/strong> oder ein <strong>Vaporetto<\/strong> und bewundere die Pal\u00e4ste, die den Canal Grande s\u00e4umen und sich darin spiegeln, sowie die Br\u00fccken, die ihre Schatten auf die Kan\u00e4le werfen, wie die <strong>Rialtobr\u00fccke<\/strong>.<\/p>\t\t\t\t\t\t\t\t<\/div>\n\t\t\t\t<\/div>\n\t\t<div class=\"elementor-element elementor-element-d1f2b8e e-con-full e-grid wpr-particle-no wpr-jarallax-no wpr-parallax-no wpr-sticky-section-no wpr-equal-height-no e-con e-child\" data-id=\"d1f2b8e\" data-element_type=\"container\" data-e-type=\"container\">\n\t\t<div class=\"elementor-element elementor-element-dc52e22 e-con-full e-flex wpr-particle-no wpr-jarallax-no wpr-parallax-no wpr-sticky-section-no wpr-equal-height-no e-con e-child\" data-id=\"dc52e22\" data-element_type=\"container\" data-e-type=\"container\">\n\t\t<div class=\"elementor-element elementor-element-b08b4b7 e-con-full e-flex wpr-particle-no wpr-jarallax-no wpr-parallax-no wpr-sticky-section-no wpr-equal-height-no e-con e-child\" data-id=\"b08b4b7\" data-element_type=\"container\" data-e-type=\"container\" data-settings=\"{&quot;background_background&quot;:&quot;classic&quot;}\">\n\t\t\t\t<\/div>\n\t\t\t\t<\/div>\n\t\t<div class=\"elementor-element elementor-element-d4d0517 e-con-full e-flex wpr-particle-no wpr-jarallax-no wpr-parallax-no wpr-sticky-section-no wpr-equal-height-no e-con e-child\" data-id=\"d4d0517\" data-element_type=\"container\" data-e-type=\"container\">\n\t\t<div class=\"elementor-element elementor-element-be0f7fb e-con-full e-flex wpr-particle-no wpr-jarallax-no wpr-parallax-no wpr-sticky-section-no wpr-equal-height-no e-con e-child\" data-id=\"be0f7fb\" data-element_type=\"container\" data-e-type=\"container\" data-settings=\"{&quot;background_background&quot;:&quot;classic&quot;}\">\n\t\t\t\t<\/div>\n\t\t\t\t<\/div>\n\t\t\t\t<\/div>\n\t\t<div class=\"elementor-element elementor-element-5c5bca4 e-con-full e-grid elementor-hidden-mobile wpr-particle-no wpr-jarallax-no wpr-parallax-no wpr-sticky-section-no wpr-equal-height-no e-con e-child\" data-id=\"5c5bca4\" data-element_type=\"container\" data-e-type=\"container\">\n\t\t<div class=\"elementor-element elementor-element-e13139f e-con-full e-flex wpr-particle-no wpr-jarallax-no wpr-parallax-no wpr-sticky-section-no wpr-equal-height-no e-con e-child\" data-id=\"e13139f\" data-element_type=\"container\" data-e-type=\"container\">\n\t\t<div class=\"elementor-element elementor-element-0211277 e-con-full e-flex wpr-particle-no wpr-jarallax-no wpr-parallax-no wpr-sticky-section-no wpr-equal-height-no e-con e-child\" data-id=\"0211277\" data-element_type=\"container\" data-e-type=\"container\" data-settings=\"{&quot;background_background&quot;:&quot;classic&quot;}\">\n\t\t\t\t<\/div>\n\t\t\t\t<\/div>\n\t\t<div class=\"elementor-element elementor-element-1a8521f e-con-full e-flex wpr-particle-no wpr-jarallax-no wpr-parallax-no wpr-sticky-section-no wpr-equal-height-no e-con e-child\" data-id=\"1a8521f\" data-element_type=\"container\" data-e-type=\"container\">\n\t\t<div class=\"elementor-element elementor-element-16d09a1 e-con-full e-flex wpr-particle-no wpr-jarallax-no wpr-parallax-no wpr-sticky-section-no wpr-equal-height-no e-con e-child\" data-id=\"16d09a1\" data-element_type=\"container\" data-e-type=\"container\" data-settings=\"{&quot;background_background&quot;:&quot;classic&quot;}\">\n\t\t\t\t<\/div>\n\t\t\t\t<\/div>\n\t\t\t\t<\/div>\n\t\t\t\t<\/div>\n\t\t<div class=\"elementor-element elementor-element-20f34a8 e-con-full e-flex wpr-particle-no wpr-jarallax-no wpr-parallax-no wpr-sticky-section-no wpr-equal-height-no e-con e-child\" data-id=\"20f34a8\" data-element_type=\"container\" data-e-type=\"container\" data-settings=\"{&quot;background_background&quot;:&quot;classic&quot;}\">\n\t\t<div class=\"elementor-element elementor-element-ed9002b e-con-full e-flex wpr-particle-no wpr-jarallax-no wpr-parallax-no wpr-sticky-section-no wpr-equal-height-no e-con e-child\" data-id=\"ed9002b\" data-element_type=\"container\" data-e-type=\"container\">\n\t\t\t\t<div class=\"elementor-element elementor-element-fddc146 elementor-widget elementor-widget-heading\" data-id=\"fddc146\" data-element_type=\"widget\" data-e-type=\"widget\" data-widget_type=\"heading.default\">\n\t\t\t\t\t<h2 class=\"elementor-heading-title elementor-size-default\">Die alten Traditionen<\/h2>\t\t\t\t<\/div>\n\t\t\t\t<div class=\"elementor-element elementor-element-7b6f4cd elementor-widget elementor-widget-text-editor\" data-id=\"7b6f4cd\" data-element_type=\"widget\" data-e-type=\"widget\" data-widget_type=\"text-editor.default\">\n\t\t\t\t\t\t\t\t\t<p>Entdecke die alten Traditionen, die besondere Atmosph\u00e4re der Feste und die Begeisterung, mit der die Venezianer sie noch heute feiern: San Marco, la Sensa, die <strong>Vogalonga<\/strong>, Redentore, die <strong>Regata Storica<\/strong>, Madonna della Salute, den ber\u00fchmten <strong>Karneval von Venedig<\/strong> mit seinen traditionellen Masken.<br>Aber auch die zahlreichen kulturellen Termine in der Lagune: die <strong>Biennale<\/strong>, das <strong>Filmfestival<\/strong>, Besuche in historischen Museen und die verschiedenen Ausstellungen.<\/p>\t\t\t\t\t\t\t\t<\/div>\n\t\t\t\t<\/div>\n\t\t<div class=\"elementor-element elementor-element-fe8cd92 e-con-full e-grid wpr-particle-no wpr-jarallax-no wpr-parallax-no wpr-sticky-section-no wpr-equal-height-no e-con e-child\" data-id=\"fe8cd92\" data-element_type=\"container\" data-e-type=\"container\">\n\t\t<div class=\"elementor-element elementor-element-4b94c6d e-con-full e-flex wpr-particle-no wpr-jarallax-no wpr-parallax-no wpr-sticky-section-no wpr-equal-height-no e-con e-child\" data-id=\"4b94c6d\" data-element_type=\"container\" data-e-type=\"container\">\n\t\t<div class=\"elementor-element elementor-element-b8001c1 e-con-full e-flex wpr-particle-no wpr-jarallax-no wpr-parallax-no wpr-sticky-section-no wpr-equal-height-no e-con e-child\" data-id=\"b8001c1\" data-element_type=\"container\" data-e-type=\"container\" data-settings=\"{&quot;background_background&quot;:&quot;classic&quot;}\">\n\t\t\t\t<\/div>\n\t\t\t\t<\/div>\n\t\t<div class=\"elementor-element elementor-element-7e11471 e-con-full e-flex wpr-particle-no wpr-jarallax-no wpr-parallax-no wpr-sticky-section-no wpr-equal-height-no e-con e-child\" data-id=\"7e11471\" data-element_type=\"container\" data-e-type=\"container\">\n\t\t<div class=\"elementor-element elementor-element-dbc5283 e-con-full e-flex wpr-particle-no wpr-jarallax-no wpr-parallax-no wpr-sticky-section-no wpr-equal-height-no e-con e-child\" data-id=\"dbc5283\" data-element_type=\"container\" data-e-type=\"container\" data-settings=\"{&quot;background_background&quot;:&quot;classic&quot;}\">\n\t\t\t\t<\/div>\n\t\t\t\t<\/div>\n\t\t\t\t<\/div>\n\t\t<div class=\"elementor-element elementor-element-2c5729b e-con-full e-grid elementor-hidden-mobile wpr-particle-no wpr-jarallax-no wpr-parallax-no wpr-sticky-section-no wpr-equal-height-no e-con e-child\" data-id=\"2c5729b\" data-element_type=\"container\" data-e-type=\"container\">\n\t\t<div class=\"elementor-element elementor-element-7038b51 e-con-full e-flex wpr-particle-no wpr-jarallax-no wpr-parallax-no wpr-sticky-section-no wpr-equal-height-no e-con e-child\" data-id=\"7038b51\" data-element_type=\"container\" data-e-type=\"container\">\n\t\t<div class=\"elementor-element elementor-element-8e0f0ba e-con-full e-flex wpr-particle-no wpr-jarallax-no wpr-parallax-no wpr-sticky-section-no wpr-equal-height-no e-con e-child\" data-id=\"8e0f0ba\" data-element_type=\"container\" data-e-type=\"container\" data-settings=\"{&quot;background_background&quot;:&quot;classic&quot;}\">\n\t\t\t\t<\/div>\n\t\t\t\t<\/div>\n\t\t<div class=\"elementor-element elementor-element-a7fde4b e-con-full e-flex wpr-particle-no wpr-jarallax-no wpr-parallax-no wpr-sticky-section-no wpr-equal-height-no e-con e-child\" data-id=\"a7fde4b\" data-element_type=\"container\" data-e-type=\"container\">\n\t\t<div class=\"elementor-element elementor-element-73746ab e-con-full e-flex wpr-particle-no wpr-jarallax-no wpr-parallax-no wpr-sticky-section-no wpr-equal-height-no e-con e-child\" data-id=\"73746ab\" data-element_type=\"container\" data-e-type=\"container\" data-settings=\"{&quot;background_background&quot;:&quot;classic&quot;}\">\n\t\t\t\t<\/div>\n\t\t\t\t<\/div>\n\t\t\t\t<\/div>\n\t\t\t\t<\/div>\n\t\t\t\t\t<\/div>\n\t\t\t\t<\/div>\n\t\t\t\t<\/div>\n\t\t","protected":false},"excerpt":{"rendered":"<p>Venedig Nur wenige Schritte vom Campingplatz entfernt erreichst du Venedig mit dem Schiff und gehst direkt am Markusplatz an Land Ein Urlaub in Venetien ist nicht komplett, ohne in die magische Atmosph\u00e4re Venedigs einzutauchen: Vom Camping Village Miramare aus sind es nur wenige Schritte und Minuten, um mit dem Schiff den herrlichen Markusplatz zu erreichen. Lass dich dort von den st\u00e4ndig wechselnden Farben, D\u00fcften und Eindr\u00fccken verzaubern, die nur eine so einzigartige Stadt wie Venedig bieten kann. Eine Geschichte, die auf dem Wasser schwebt Verlier dich in den engen Gassen und auf den kleinen Pl\u00e4tzen, besuche die Kirchen und Museen: Nutze die Wasserstra\u00dfen, steig in eine Gondel oder ein Vaporetto und bewundere die Pal\u00e4ste, die den Canal Grande s\u00e4umen und sich darin spiegeln, sowie die Br\u00fccken, die ihre Schatten auf die Kan\u00e4le werfen, wie die Rialtobr\u00fccke. Die alten Traditionen Entdecke die alten Traditionen, die besondere Atmosph\u00e4re der Feste und die Begeisterung, mit der die Venezianer sie noch heute feiern: San Marco, la Sensa, die Vogalonga, Redentore, die Regata Storica, Madonna della Salute, den ber\u00fchmten Karneval von Venedig mit seinen traditionellen Masken.Aber auch die zahlreichen kulturellen Termine in der Lagune: die Biennale, das Filmfestival, Besuche in historischen Museen und die verschiedenen Ausstellungen.<\/p>\n","protected":false},"author":1,"featured_media":0,"parent":3242,"menu_order":0,"comment_status":"closed","ping_status":"closed","template":"","meta":{"footnotes":""},"class_list":["post-2776","page","type-page","status-publish","hentry"],"blocksy_meta":[],"_links":{"self":[{"href":"https:\/\/miramarevenezia.it\/de\/wp-json\/wp\/v2\/pages\/2776","targetHints":{"allow":["GET"]}}],"collection":[{"href":"https:\/\/miramarevenezia.it\/de\/wp-json\/wp\/v2\/pages"}],"about":[{"href":"https:\/\/miramarevenezia.it\/de\/wp-json\/wp\/v2\/types\/page"}],"author":[{"embeddable":true,"href":"https:\/\/miramarevenezia.it\/de\/wp-json\/wp\/v2\/users\/1"}],"replies":[{"embeddable":true,"href":"https:\/\/miramarevenezia.it\/de\/wp-json\/wp\/v2\/comments?post=2776"}],"version-history":[{"count":1,"href":"https:\/\/miramarevenezia.it\/de\/wp-json\/wp\/v2\/pages\/2776\/revisions"}],"predecessor-version":[{"id":2787,"href":"https:\/\/miramarevenezia.it\/de\/wp-json\/wp\/v2\/pages\/2776\/revisions\/2787"}],"up":[{"embeddable":true,"href":"https:\/\/miramarevenezia.it\/de\/wp-json\/wp\/v2\/pages\/3242"}],"wp:attachment":[{"href":"https:\/\/miramarevenezia.it\/de\/wp-json\/wp\/v2\/media?parent=2776"}],"curies":[{"name":"wp","href":"https:\/\/api.w.org\/{rel}","templated":true}]}}