{"id":2894,"date":"2025-12-26T20:36:03","date_gmt":"2025-12-26T19:36:03","guid":{"rendered":"https:\/\/miramarevenezia.it\/punta-sabbioni\/"},"modified":"2026-03-11T21:33:49","modified_gmt":"2026-03-11T20:33:49","slug":"punta-sabbioni","status":"publish","type":"page","link":"https:\/\/miramarevenezia.it\/de\/gebiet\/punta-sabbioni\/","title":{"rendered":"Punta Sabbioni"},"content":{"rendered":"\t\t<div data-elementor-type=\"wp-page\" data-elementor-id=\"2894\" class=\"elementor elementor-2894 elementor-259\">\n\t\t\t\t<div class=\"wpr-jarallax elementor-element elementor-element-e458469 parallax-sopra wpr-jarallax-yes e-flex e-con-boxed wpr-particle-no wpr-parallax-no wpr-sticky-section-no wpr-equal-height-no e-con e-parent\" speed-data=\"1.1\" bg-image=\"https:\/\/miramarevenezia.it\/wp-content\/uploads\/venezia-camping-1.jpg\" bg-image-mobile=\"\" scroll-effect=\"scroll\" data-id=\"e458469\" data-element_type=\"container\" data-e-type=\"container\" data-settings=\"{&quot;background_background&quot;:&quot;classic&quot;}\">\n\t\t\t\t\t<div class=\"e-con-inner\">\n\t\t\t\t<div class=\"elementor-element elementor-element-7c1df26 elementor-widget elementor-widget-heading\" data-id=\"7c1df26\" data-element_type=\"widget\" data-e-type=\"widget\" data-widget_type=\"heading.default\">\n\t\t\t\t\t<h1 class=\"elementor-heading-title elementor-size-default\">F\u00e4hre Punta Sabbioni<\/h1>\t\t\t\t<\/div>\n\t\t\t\t\t<\/div>\n\t\t\t\t<\/div>\n\t\t<div class=\"elementor-element elementor-element-a9d570e e-flex e-con-boxed wpr-particle-no wpr-jarallax-no wpr-parallax-no wpr-sticky-section-no wpr-equal-height-no e-con e-parent\" data-id=\"a9d570e\" data-element_type=\"container\" data-e-type=\"container\">\n\t\t\t\t\t<div class=\"e-con-inner\">\n\t\t\t\t<div class=\"elementor-element elementor-element-f33ae19 elementor-widget elementor-widget-heading\" data-id=\"f33ae19\" data-element_type=\"widget\" data-e-type=\"widget\" data-widget_type=\"heading.default\">\n\t\t\t\t\t<h2 class=\"elementor-heading-title elementor-size-default\">Das Eingangstor nach Venedig und zur Entdeckung der Inseln der Lagune<\/h2>\t\t\t\t<\/div>\n\t\t\t\t<div class=\"elementor-element elementor-element-0ffc42d elementor-widget elementor-widget-text-editor\" data-id=\"0ffc42d\" data-element_type=\"widget\" data-e-type=\"widget\" data-widget_type=\"text-editor.default\">\n\t\t\t\t\t\t\t\t\t<p>Mit einem kurzen Spaziergang oder mit unserem Shuttle-Service erreichst du den Platz von Punta Sabbioni,<strong> etwa 700 Meter vom Campingplatz entfernt.<\/strong><\/p>\t\t\t\t\t\t\t\t<\/div>\n\t\t\t\t<div class=\"elementor-element elementor-element-ff1da73 elementor-widget elementor-widget-text-editor\" data-id=\"ff1da73\" data-element_type=\"widget\" data-e-type=\"widget\" data-widget_type=\"text-editor.default\">\n\t\t\t\t\t\t\t\t\t<p>Hier gehst du an Bord der ACTV-Motorschiffe der Linien 14 und 15 in Richtung <strong>Venedig San Marco<\/strong>, in nur 30 Minuten, mit einem Zwischenstopp am <strong>Lido di Venezia<\/strong>.<\/p>\t\t\t\t\t\t\t\t<\/div>\n\t\t\t\t<div class=\"elementor-element elementor-element-c9a1d81 elementor-widget elementor-widget-text-editor\" data-id=\"c9a1d81\" data-element_type=\"widget\" data-e-type=\"widget\" data-widget_type=\"text-editor.default\">\n\t\t\t\t\t\t\t\t\t<p>In die entgegengesetzte Richtung f\u00fchrt die Linie 12 nach Venedig Fondamenta Nuove (dem \u00f6stlichen Teil der Stadt), entlang der malerischen Route zwischen <strong>den Inseln Burano, Torcello und Murano<\/strong>.<\/p>\t\t\t\t\t\t\t\t<\/div>\n\t\t\t\t\t<\/div>\n\t\t\t\t<\/div>\n\t\t<div class=\"elementor-element elementor-element-b6b5b97 e-flex e-con-boxed wpr-particle-no wpr-jarallax-no wpr-parallax-no wpr-sticky-section-no wpr-equal-height-no e-con e-parent\" data-id=\"b6b5b97\" data-element_type=\"container\" data-e-type=\"container\" data-settings=\"{&quot;background_background&quot;:&quot;classic&quot;}\">\n\t\t\t\t\t<div class=\"e-con-inner\">\n\t\t<div class=\"elementor-element elementor-element-f4e53da e-con-full e-flex wpr-particle-no wpr-jarallax-no wpr-parallax-no wpr-sticky-section-no wpr-equal-height-no e-con e-child\" data-id=\"f4e53da\" data-element_type=\"container\" data-e-type=\"container\" data-settings=\"{&quot;background_background&quot;:&quot;classic&quot;}\">\n\t\t<div class=\"elementor-element elementor-element-cb110df e-con-full e-flex wpr-particle-no wpr-jarallax-no wpr-parallax-no wpr-sticky-section-no wpr-equal-height-no e-con e-child\" data-id=\"cb110df\" data-element_type=\"container\" data-e-type=\"container\">\n\t\t\t\t<div class=\"elementor-element elementor-element-098f38e elementor-widget elementor-widget-heading\" data-id=\"098f38e\" data-element_type=\"widget\" data-e-type=\"widget\" data-widget_type=\"heading.default\">\n\t\t\t\t\t<h2 class=\"elementor-heading-title elementor-size-default\">Lido di Venezia<\/h2>\t\t\t\t<\/div>\n\t\t\t\t<div class=\"elementor-element elementor-element-575cfe0 elementor-widget elementor-widget-text-editor\" data-id=\"575cfe0\" data-element_type=\"widget\" data-e-type=\"widget\" data-widget_type=\"text-editor.default\">\n\t\t\t\t\t\t\t\t\t<p>Von Punta Sabbioni aus erreichst du <strong>in knapp einer halben Stunde (Linie 14)<\/strong> die Insel Lido di Venezia, <strong>eine lange Sandbank<\/strong>, die Venedig vor dem Meer sch\u00fctzt. <br>Die gro\u00dfen Str\u00e4nde, die in vergangenen Jahren vor allem von einem aristokratischen Publikum besucht wurden, verzauberten Schriftsteller wie Byron, Shelley und Mann und machten sie zu einem renommierten Badeort. Au\u00dferdem findet seit 1932 jedes Jahr im September am Lido die ber\u00fchmte <strong>Filmfestspiele von Venedig<\/strong> statt, eine Veranstaltung, die zu ihrer Ber\u00fchmtheit beigetragen hat.<\/p>\t\t\t\t\t\t\t\t<\/div>\n\t\t\t\t<\/div>\n\t\t<div class=\"elementor-element elementor-element-d227968 e-con-full e-grid wpr-particle-no wpr-jarallax-no wpr-parallax-no wpr-sticky-section-no wpr-equal-height-no e-con e-child\" data-id=\"d227968\" data-element_type=\"container\" data-e-type=\"container\">\n\t\t<div class=\"elementor-element elementor-element-273d5ce e-con-full e-flex wpr-particle-no wpr-jarallax-no wpr-parallax-no wpr-sticky-section-no wpr-equal-height-no e-con e-child\" data-id=\"273d5ce\" data-element_type=\"container\" data-e-type=\"container\">\n\t\t<div class=\"elementor-element elementor-element-c80dc87 e-con-full e-flex wpr-particle-no wpr-jarallax-no wpr-parallax-no wpr-sticky-section-no wpr-equal-height-no e-con e-child\" data-id=\"c80dc87\" data-element_type=\"container\" data-e-type=\"container\" data-settings=\"{&quot;background_background&quot;:&quot;classic&quot;}\">\n\t\t\t\t<\/div>\n\t\t\t\t<\/div>\n\t\t<div class=\"elementor-element elementor-element-ece37a0 e-con-full e-flex wpr-particle-no wpr-jarallax-no wpr-parallax-no wpr-sticky-section-no wpr-equal-height-no e-con e-child\" data-id=\"ece37a0\" data-element_type=\"container\" data-e-type=\"container\">\n\t\t<div class=\"elementor-element elementor-element-755d62a e-con-full e-flex wpr-particle-no wpr-jarallax-no wpr-parallax-no wpr-sticky-section-no wpr-equal-height-no e-con e-child\" data-id=\"755d62a\" data-element_type=\"container\" data-e-type=\"container\" data-settings=\"{&quot;background_background&quot;:&quot;classic&quot;}\">\n\t\t\t\t<\/div>\n\t\t\t\t<\/div>\n\t\t\t\t<\/div>\n\t\t\t\t<\/div>\n\t\t<div class=\"elementor-element elementor-element-20f34a8 e-con-full e-flex wpr-particle-no wpr-jarallax-no wpr-parallax-no wpr-sticky-section-no wpr-equal-height-no e-con e-child\" data-id=\"20f34a8\" data-element_type=\"container\" data-e-type=\"container\" data-settings=\"{&quot;background_background&quot;:&quot;classic&quot;}\">\n\t\t<div class=\"elementor-element elementor-element-ed9002b e-con-full e-flex wpr-particle-no wpr-jarallax-no wpr-parallax-no wpr-sticky-section-no wpr-equal-height-no e-con e-child\" data-id=\"ed9002b\" data-element_type=\"container\" data-e-type=\"container\">\n\t\t\t\t<div class=\"elementor-element elementor-element-fddc146 elementor-widget elementor-widget-heading\" data-id=\"fddc146\" data-element_type=\"widget\" data-e-type=\"widget\" data-widget_type=\"heading.default\">\n\t\t\t\t\t<h2 class=\"elementor-heading-title elementor-size-default\">Venedig<\/h2>\t\t\t\t<\/div>\n\t\t\t\t<div class=\"elementor-element elementor-element-7b6f4cd elementor-widget elementor-widget-text-editor\" data-id=\"7b6f4cd\" data-element_type=\"widget\" data-e-type=\"widget\" data-widget_type=\"text-editor.default\">\n\t\t\t\t\t\t\t\t\t<p>Nachdem wir den Lido verlassen haben und einen letzten Blick auf die \u201ekleineren\u201c Inseln San Lazzaro degli Armeni, San Servolo und San Giorgio Maggiore geworfen haben, sind wir in wenigen Minuten in Venedig. Wir betreten die Stadt durch das \u201eHaupttor\u201c, das durch die zwei S\u00e4ulen markiert wird.<br>Der Blick auf den <strong>Markusplatz<\/strong>, der zu jeder Tageszeit und bei jedem Lichtwechsel einzigartig und wundervoll ist, ist einfach begeisternd. <br>Der <strong>Dogenpalast<\/strong>, die <strong>Basilika San Marco<\/strong>, der <strong>Campanile<\/strong> und der <strong>Uhrturm<\/strong> werden dich sprachlos machen.<\/p>\t\t\t\t\t\t\t\t<\/div>\n\t\t\t\t<div class=\"elementor-element elementor-element-10c2f6c elementor-widget elementor-widget-button\" data-id=\"10c2f6c\" data-element_type=\"widget\" data-e-type=\"widget\" data-widget_type=\"button.default\">\n\t\t\t\t\t\t\t\t\t\t<a class=\"elementor-button elementor-button-link elementor-size-sm\" href=\"https:\/\/miramarevenezia.it\/de\/gebiet\/venedig\/\">\n\t\t\t\t\t\t<span class=\"elementor-button-content-wrapper\">\n\t\t\t\t\t\t<span class=\"elementor-button-icon\">\n\t\t\t\t<svg aria-hidden=\"true\" class=\"e-font-icon-svg e-fas-chevron-right\" viewBox=\"0 0 320 512\" xmlns=\"http:\/\/www.w3.org\/2000\/svg\"><path d=\"M285.476 272.971L91.132 467.314c-9.373 9.373-24.569 9.373-33.941 0l-22.667-22.667c-9.357-9.357-9.375-24.522-.04-33.901L188.505 256 34.484 101.255c-9.335-9.379-9.317-24.544.04-33.901l22.667-22.667c9.373-9.373 24.569-9.373 33.941 0L285.475 239.03c9.373 9.372 9.373 24.568.001 33.941z\"><\/path><\/svg>\t\t\t<\/span>\n\t\t\t\t\t\t\t\t\t<span class=\"elementor-button-text\">Setze die Reise nach Venedig fort<\/span>\n\t\t\t\t\t<\/span>\n\t\t\t\t\t<\/a>\n\t\t\t\t\t\t\t\t<\/div>\n\t\t\t\t<\/div>\n\t\t<div class=\"elementor-element elementor-element-dcfda20 e-con-full e-grid wpr-particle-no wpr-jarallax-no wpr-parallax-no wpr-sticky-section-no wpr-equal-height-no e-con e-child\" data-id=\"dcfda20\" data-element_type=\"container\" data-e-type=\"container\">\n\t\t<div class=\"elementor-element elementor-element-772a8e9 e-con-full e-flex wpr-particle-no wpr-jarallax-no wpr-parallax-no wpr-sticky-section-no wpr-equal-height-no e-con e-child\" data-id=\"772a8e9\" data-element_type=\"container\" data-e-type=\"container\">\n\t\t<div class=\"elementor-element elementor-element-f9f0f9f e-con-full e-flex wpr-particle-no wpr-jarallax-no wpr-parallax-no wpr-sticky-section-no wpr-equal-height-no e-con e-child\" data-id=\"f9f0f9f\" data-element_type=\"container\" data-e-type=\"container\" data-settings=\"{&quot;background_background&quot;:&quot;classic&quot;}\">\n\t\t\t\t<\/div>\n\t\t\t\t<\/div>\n\t\t<div class=\"elementor-element elementor-element-4953c86 e-con-full e-flex wpr-particle-no wpr-jarallax-no wpr-parallax-no wpr-sticky-section-no wpr-equal-height-no e-con e-child\" data-id=\"4953c86\" data-element_type=\"container\" data-e-type=\"container\">\n\t\t<div class=\"elementor-element elementor-element-73fe97c e-con-full e-flex wpr-particle-no wpr-jarallax-no wpr-parallax-no wpr-sticky-section-no wpr-equal-height-no e-con e-child\" data-id=\"73fe97c\" data-element_type=\"container\" data-e-type=\"container\" data-settings=\"{&quot;background_background&quot;:&quot;classic&quot;}\">\n\t\t\t\t<\/div>\n\t\t\t\t<\/div>\n\t\t\t\t<\/div>\n\t\t<div class=\"elementor-element elementor-element-6bfcba4 e-con-full e-grid wpr-particle-no wpr-jarallax-no wpr-parallax-no wpr-sticky-section-no wpr-equal-height-no e-con e-child\" data-id=\"6bfcba4\" data-element_type=\"container\" data-e-type=\"container\">\n\t\t<div class=\"elementor-element elementor-element-b76b540 e-con-full e-flex wpr-particle-no wpr-jarallax-no wpr-parallax-no wpr-sticky-section-no wpr-equal-height-no e-con e-child\" data-id=\"b76b540\" data-element_type=\"container\" data-e-type=\"container\">\n\t\t<div class=\"elementor-element elementor-element-44681d3 e-con-full e-flex wpr-particle-no wpr-jarallax-no wpr-parallax-no wpr-sticky-section-no wpr-equal-height-no e-con e-child\" data-id=\"44681d3\" data-element_type=\"container\" data-e-type=\"container\" data-settings=\"{&quot;background_background&quot;:&quot;classic&quot;}\">\n\t\t\t\t<\/div>\n\t\t\t\t<\/div>\n\t\t<div class=\"elementor-element elementor-element-74d1d30 e-con-full e-flex wpr-particle-no wpr-jarallax-no wpr-parallax-no wpr-sticky-section-no wpr-equal-height-no e-con e-child\" data-id=\"74d1d30\" data-element_type=\"container\" data-e-type=\"container\">\n\t\t<div class=\"elementor-element elementor-element-96df4d4 e-con-full e-flex wpr-particle-no wpr-jarallax-no wpr-parallax-no wpr-sticky-section-no wpr-equal-height-no e-con e-child\" data-id=\"96df4d4\" data-element_type=\"container\" data-e-type=\"container\" data-settings=\"{&quot;background_background&quot;:&quot;classic&quot;}\">\n\t\t\t\t<\/div>\n\t\t\t\t<\/div>\n\t\t\t\t<\/div>\n\t\t\t\t<\/div>\n\t\t<div class=\"elementor-element elementor-element-082d5f5 e-con-full e-flex wpr-particle-no wpr-jarallax-no wpr-parallax-no wpr-sticky-section-no wpr-equal-height-no e-con e-child\" data-id=\"082d5f5\" data-element_type=\"container\" data-e-type=\"container\" data-settings=\"{&quot;background_background&quot;:&quot;classic&quot;}\">\n\t\t<div class=\"elementor-element elementor-element-8e3bceb e-con-full e-flex wpr-particle-no wpr-jarallax-no wpr-parallax-no wpr-sticky-section-no wpr-equal-height-no e-con e-child\" data-id=\"8e3bceb\" data-element_type=\"container\" data-e-type=\"container\">\n\t\t\t\t<div class=\"elementor-element elementor-element-a1ac2e4 elementor-widget elementor-widget-heading\" data-id=\"a1ac2e4\" data-element_type=\"widget\" data-e-type=\"widget\" data-widget_type=\"heading.default\">\n\t\t\t\t\t<h2 class=\"elementor-heading-title elementor-size-default\">Murano, Torcello und Burano<\/h2>\t\t\t\t<\/div>\n\t\t\t\t<div class=\"elementor-element elementor-element-9a2e856 elementor-widget elementor-widget-text-editor\" data-id=\"9a2e856\" data-element_type=\"widget\" data-e-type=\"widget\" data-widget_type=\"text-editor.default\">\n\t\t\t\t\t\t\t\t\t<p>Ebenfalls von Punta Sabbioni aus, aber in die andere Richtung, geht es nach <strong>Burano, Torcello und Murano<\/strong>.<br>Der Ausflug zu den Inseln der Lagune hat einen besonderen Charme wegen der bezaubernden Landschaftsmerkmale, die du w\u00e4hrend der Fahrt mit dem Motorschiff bewundern kannst. Man durchquert n\u00e4mlich jenen Teil der venezianischen Lagune, der \u201e<strong>Laguna Nord<\/strong>\u201c genannt wird und durch das Vorhandensein von Salzwiesen und kleinen Inseln gepr\u00e4gt ist, die durch Kan\u00e4le und kleine Wasserl\u00e4ufe (Ghebi) voneinander getrennt sind.<br>Flora und Fauna herrschen an diesen Orten, wo die Ruhe nur von den typischen kleinen Lagunenbooten (Sandoli, Mascarete und die moderneren Cacciapesca) gest\u00f6rt wird \u2013 den einzigen, die in der Lage sind, die flachen Gew\u00e4sser der Ghebi zu befahren.<\/p>\t\t\t\t\t\t\t\t<\/div>\n\t\t\t\t<div class=\"elementor-element elementor-element-fa15567 elementor-widget elementor-widget-button\" data-id=\"fa15567\" data-element_type=\"widget\" data-e-type=\"widget\" data-widget_type=\"button.default\">\n\t\t\t\t\t\t\t\t\t\t<a class=\"elementor-button elementor-button-link elementor-size-sm\" href=\"https:\/\/miramarevenezia.it\/de\/gebiet\/inseln-der-lagune-von-venedig\/\">\n\t\t\t\t\t\t<span class=\"elementor-button-content-wrapper\">\n\t\t\t\t\t\t<span class=\"elementor-button-icon\">\n\t\t\t\t<svg aria-hidden=\"true\" class=\"e-font-icon-svg e-fas-chevron-right\" viewBox=\"0 0 320 512\" xmlns=\"http:\/\/www.w3.org\/2000\/svg\"><path d=\"M285.476 272.971L91.132 467.314c-9.373 9.373-24.569 9.373-33.941 0l-22.667-22.667c-9.357-9.357-9.375-24.522-.04-33.901L188.505 256 34.484 101.255c-9.335-9.379-9.317-24.544.04-33.901l22.667-22.667c9.373-9.373 24.569-9.373 33.941 0L285.475 239.03c9.373 9.372 9.373 24.568.001 33.941z\"><\/path><\/svg>\t\t\t<\/span>\n\t\t\t\t\t\t\t\t\t<span class=\"elementor-button-text\">Setze den Ausflug in der Lagune von Venedig fort<\/span>\n\t\t\t\t\t<\/span>\n\t\t\t\t\t<\/a>\n\t\t\t\t\t\t\t\t<\/div>\n\t\t\t\t<\/div>\n\t\t<div class=\"elementor-element elementor-element-23e75ab e-con-full e-grid wpr-particle-no wpr-jarallax-no wpr-parallax-no wpr-sticky-section-no wpr-equal-height-no e-con e-child\" data-id=\"23e75ab\" data-element_type=\"container\" data-e-type=\"container\">\n\t\t<div class=\"elementor-element elementor-element-cbb663a e-con-full e-flex wpr-particle-no wpr-jarallax-no wpr-parallax-no wpr-sticky-section-no wpr-equal-height-no e-con e-child\" data-id=\"cbb663a\" data-element_type=\"container\" data-e-type=\"container\">\n\t\t<div class=\"elementor-element elementor-element-c238625 e-con-full e-flex wpr-particle-no wpr-jarallax-no wpr-parallax-no wpr-sticky-section-no wpr-equal-height-no e-con e-child\" data-id=\"c238625\" data-element_type=\"container\" data-e-type=\"container\" data-settings=\"{&quot;background_background&quot;:&quot;classic&quot;}\">\n\t\t\t\t<\/div>\n\t\t<div class=\"elementor-element elementor-element-6ce1fcc e-con-full e-flex wpr-particle-no wpr-jarallax-no wpr-parallax-no wpr-sticky-section-no wpr-equal-height-no e-con e-child\" data-id=\"6ce1fcc\" data-element_type=\"container\" data-e-type=\"container\" data-settings=\"{&quot;background_background&quot;:&quot;classic&quot;}\">\n\t\t\t\t<\/div>\n\t\t\t\t<\/div>\n\t\t<div class=\"elementor-element elementor-element-e27b9a9 e-con-full e-flex wpr-particle-no wpr-jarallax-no wpr-parallax-no wpr-sticky-section-no wpr-equal-height-no e-con e-child\" data-id=\"e27b9a9\" data-element_type=\"container\" data-e-type=\"container\">\n\t\t<div class=\"elementor-element elementor-element-2ada714 e-con-full e-flex wpr-particle-no wpr-jarallax-no wpr-parallax-no wpr-sticky-section-no wpr-equal-height-no e-con e-child\" data-id=\"2ada714\" data-element_type=\"container\" data-e-type=\"container\" data-settings=\"{&quot;background_background&quot;:&quot;classic&quot;}\">\n\t\t\t\t<\/div>\n\t\t\t\t<\/div>\n\t\t\t\t<\/div>\n\t\t\t\t<\/div>\n\t\t\t\t\t<\/div>\n\t\t\t\t<\/div>\n\t\t\t\t<\/div>\n\t\t","protected":false},"excerpt":{"rendered":"<p>F\u00e4hre Punta Sabbioni Das Eingangstor nach Venedig und zur Entdeckung der Inseln der Lagune Mit einem kurzen Spaziergang oder mit unserem Shuttle-Service erreichst du den Platz von Punta Sabbioni, etwa 700 Meter vom Campingplatz entfernt. Hier gehst du an Bord der ACTV-Motorschiffe der Linien 14 und 15 in Richtung Venedig San Marco, in nur 30 Minuten, mit einem Zwischenstopp am Lido di Venezia. In die entgegengesetzte Richtung f\u00fchrt die Linie 12 nach Venedig Fondamenta Nuove (dem \u00f6stlichen Teil der Stadt), entlang der malerischen Route zwischen den Inseln Burano, Torcello und Murano. Lido di Venezia Von Punta Sabbioni aus erreichst du in knapp einer halben Stunde (Linie 14) die Insel Lido di Venezia, eine lange Sandbank, die Venedig vor dem Meer sch\u00fctzt. Die gro\u00dfen Str\u00e4nde, die in vergangenen Jahren vor allem von einem aristokratischen Publikum besucht wurden, verzauberten Schriftsteller wie Byron, Shelley und Mann und machten sie zu einem renommierten Badeort. Au\u00dferdem findet seit 1932 jedes Jahr im September am Lido die ber\u00fchmte Filmfestspiele von Venedig statt, eine Veranstaltung, die zu ihrer Ber\u00fchmtheit beigetragen hat. Venedig Nachdem wir den Lido verlassen haben und einen letzten Blick auf die \u201ekleineren\u201c Inseln San Lazzaro degli Armeni, San Servolo und San Giorgio Maggiore geworfen haben, sind wir in wenigen Minuten in Venedig. Wir betreten die Stadt durch das \u201eHaupttor\u201c, das durch die zwei S\u00e4ulen markiert wird.Der Blick auf den Markusplatz, der zu jeder Tageszeit und bei jedem Lichtwechsel einzigartig und wundervoll ist, ist einfach begeisternd. Der Dogenpalast, die Basilika San Marco, der Campanile und der Uhrturm werden dich sprachlos machen. Setze die Reise nach Venedig fort Murano, Torcello und Burano Ebenfalls von Punta Sabbioni aus, aber in die andere Richtung, geht es nach Burano, Torcello und Murano.Der Ausflug zu den Inseln der Lagune hat einen besonderen Charme wegen der bezaubernden Landschaftsmerkmale, die du w\u00e4hrend der Fahrt mit dem Motorschiff bewundern kannst. Man durchquert n\u00e4mlich jenen Teil der venezianischen Lagune, der \u201eLaguna Nord\u201c genannt wird und durch das Vorhandensein von Salzwiesen und kleinen Inseln gepr\u00e4gt ist, die durch Kan\u00e4le und kleine Wasserl\u00e4ufe (Ghebi) voneinander getrennt sind.Flora und Fauna herrschen an diesen Orten, wo die Ruhe nur von den typischen kleinen Lagunenbooten (Sandoli, Mascarete und die moderneren Cacciapesca) gest\u00f6rt wird \u2013 den einzigen, die in der Lage sind, die flachen Gew\u00e4sser der Ghebi zu befahren. Setze den Ausflug in der Lagune von Venedig fort<\/p>\n","protected":false},"author":1,"featured_media":0,"parent":3242,"menu_order":0,"comment_status":"closed","ping_status":"closed","template":"","meta":{"footnotes":""},"class_list":["post-2894","page","type-page","status-publish","hentry"],"blocksy_meta":[],"_links":{"self":[{"href":"https:\/\/miramarevenezia.it\/de\/wp-json\/wp\/v2\/pages\/2894","targetHints":{"allow":["GET"]}}],"collection":[{"href":"https:\/\/miramarevenezia.it\/de\/wp-json\/wp\/v2\/pages"}],"about":[{"href":"https:\/\/miramarevenezia.it\/de\/wp-json\/wp\/v2\/types\/page"}],"author":[{"embeddable":true,"href":"https:\/\/miramarevenezia.it\/de\/wp-json\/wp\/v2\/users\/1"}],"replies":[{"embeddable":true,"href":"https:\/\/miramarevenezia.it\/de\/wp-json\/wp\/v2\/comments?post=2894"}],"version-history":[{"count":7,"href":"https:\/\/miramarevenezia.it\/de\/wp-json\/wp\/v2\/pages\/2894\/revisions"}],"predecessor-version":[{"id":3539,"href":"https:\/\/miramarevenezia.it\/de\/wp-json\/wp\/v2\/pages\/2894\/revisions\/3539"}],"up":[{"embeddable":true,"href":"https:\/\/miramarevenezia.it\/de\/wp-json\/wp\/v2\/pages\/3242"}],"wp:attachment":[{"href":"https:\/\/miramarevenezia.it\/de\/wp-json\/wp\/v2\/media?parent=2894"}],"curies":[{"name":"wp","href":"https:\/\/api.w.org\/{rel}","templated":true}]}}