{"id":2933,"date":"2026-01-21T12:10:40","date_gmt":"2026-01-21T11:10:40","guid":{"rendered":"https:\/\/miramarevenezia.it\/clima-card\/"},"modified":"2026-03-10T20:33:24","modified_gmt":"2026-03-10T19:33:24","slug":"clima-card","status":"publish","type":"page","link":"https:\/\/miramarevenezia.it\/de\/serviceleistungen\/clima-card\/","title":{"rendered":"Clima Card"},"content":{"rendered":"\t\t<div data-elementor-type=\"wp-page\" data-elementor-id=\"2933\" class=\"elementor elementor-2933 elementor-1012\">\n\t\t\t\t<div class=\"wpr-jarallax elementor-element elementor-element-e458469 parallax-sopra wpr-jarallax-yes e-flex e-con-boxed wpr-particle-no wpr-parallax-no wpr-sticky-section-no wpr-equal-height-no e-con e-parent\" speed-data=\"1.1\" bg-image=\"https:\/\/miramarevenezia.it\/wp-content\/uploads\/viale-fiorito-venezia.jpg\" bg-image-mobile=\"\" scroll-effect=\"scroll\" data-id=\"e458469\" data-element_type=\"container\" data-e-type=\"container\" data-settings=\"{&quot;background_background&quot;:&quot;classic&quot;}\">\n\t\t\t\t\t<div class=\"e-con-inner\">\n\t\t\t\t<div class=\"elementor-element elementor-element-7c1df26 elementor-widget elementor-widget-heading\" data-id=\"7c1df26\" data-element_type=\"widget\" data-e-type=\"widget\" data-widget_type=\"heading.default\">\n\t\t\t\t\t<h1 class=\"elementor-heading-title elementor-size-default\">ClimaCard<\/h1>\t\t\t\t<\/div>\n\t\t\t\t\t<\/div>\n\t\t\t\t<\/div>\n\t\t<div class=\"elementor-element elementor-element-a9d570e e-flex e-con-boxed wpr-particle-no wpr-jarallax-no wpr-parallax-no wpr-sticky-section-no wpr-equal-height-no e-con e-parent\" data-id=\"a9d570e\" data-element_type=\"container\" data-e-type=\"container\">\n\t\t\t\t\t<div class=\"e-con-inner\">\n\t\t\t\t<div class=\"elementor-element elementor-element-f33ae19 elementor-widget elementor-widget-heading\" data-id=\"f33ae19\" data-element_type=\"widget\" data-e-type=\"widget\" data-widget_type=\"heading.default\">\n\t\t\t\t\t<h2 class=\"elementor-heading-title elementor-size-default\">Energiesparen im Urlaub<\/h2>\t\t\t\t<\/div>\n\t\t\t\t<div class=\"elementor-element elementor-element-0ffc42d elementor-widget elementor-widget-text-editor\" data-id=\"0ffc42d\" data-element_type=\"widget\" data-e-type=\"widget\" data-widget_type=\"text-editor.default\">\n\t\t\t\t\t\t\t\t\t<p>Ein Urlaub auf dem Campingplatz und im Feriendorf muss <strong>ein Synonym f\u00fcr Natur und Respekt gegen\u00fcber der Umwelt sein, die uns beherbergt<\/strong>.<\/p><p>Aus diesem Grund haben wir im Camping Village Miramare in Cavallino Treporti unsere Unterk\u00fcnfte (Bungalows und Maxi-Caravans) mit einer Klimaanlage (Klimatisierung \/ Heizung) ausgestattet, die nur mit einer aufgeladenen CLIMACARD aktiviert werden kann, um <strong>die \u00f6kologische Nachhaltigkeit und das Energiesparen<\/strong> zu f\u00f6rdern.<\/p>\t\t\t\t\t\t\t\t<\/div>\n\t\t\t\t<div class=\"elementor-element elementor-element-a5c4d2e elementor-widget elementor-widget-heading\" data-id=\"a5c4d2e\" data-element_type=\"widget\" data-e-type=\"widget\" data-widget_type=\"heading.default\">\n\t\t\t\t\t<h4 class=\"elementor-heading-title elementor-size-default\">Hilf uns dabei, die Umwelt zu achten und zu sch\u00e4tzen sowie den Energieverbrauch zu senken.<\/h4>\t\t\t\t<\/div>\n\t\t\t\t\t<\/div>\n\t\t\t\t<\/div>\n\t\t<div class=\"elementor-element elementor-element-b6b5b97 e-flex e-con-boxed wpr-particle-no wpr-jarallax-no wpr-parallax-no wpr-sticky-section-no wpr-equal-height-no e-con e-parent\" data-id=\"b6b5b97\" data-element_type=\"container\" data-e-type=\"container\" data-settings=\"{&quot;background_background&quot;:&quot;classic&quot;}\">\n\t\t\t\t\t<div class=\"e-con-inner\">\n\t\t<div class=\"elementor-element elementor-element-f4e53da e-con-full e-flex wpr-particle-no wpr-jarallax-no wpr-parallax-no wpr-sticky-section-no wpr-equal-height-no e-con e-child\" data-id=\"f4e53da\" data-element_type=\"container\" data-e-type=\"container\" data-settings=\"{&quot;background_background&quot;:&quot;classic&quot;}\">\n\t\t<div class=\"elementor-element elementor-element-cb110df e-con-full e-flex wpr-particle-no wpr-jarallax-no wpr-parallax-no wpr-sticky-section-no wpr-equal-height-no e-con e-child\" data-id=\"cb110df\" data-element_type=\"container\" data-e-type=\"container\">\n\t\t\t\t<div class=\"elementor-element elementor-element-098f38e elementor-widget elementor-widget-heading\" data-id=\"098f38e\" data-element_type=\"widget\" data-e-type=\"widget\" data-widget_type=\"heading.default\">\n\t\t\t\t\t<h2 class=\"elementor-heading-title elementor-size-default\">So funktioniert die CLIMACARD<\/h2>\t\t\t\t<\/div>\n\t\t\t\t<div class=\"elementor-element elementor-element-9ff1048 elementor-widget elementor-widget-text-editor\" data-id=\"9ff1048\" data-element_type=\"widget\" data-e-type=\"widget\" data-widget_type=\"text-editor.default\">\n\t\t\t\t\t\t\t\t\t<p><strong>Beim Check-in<\/strong> erh\u00e4ltst du (gegen eine Kaution von 20 \u20ac) eine CLIMACARD, die mit der f\u00fcr deinen Aufenthalt verf\u00fcgbaren Nutzungszeit der Klimaanlage aufgeladen ist.<\/p><p>F\u00fcr jeden Aufenthaltstag wird die Karte mit <strong>10 Nutzungsstunden pro Tag<\/strong> aufgeladen, und die Gesamtzahl der Stunden kann w\u00e4hrend des gesamten Urlaubs frei genutzt werden.<\/p><p><em>Zum Beispiel<\/em><br><em>Aufenthalt von 7 N\u00e4chten: 10 x 7 = 70 Stunden Gesamtnutzung der Klimaanlage.<\/em><\/p><p>Die Karte wird in das Leseger\u00e4t am Thermostat gesteckt. Nur wenn die Klimaanlage in Betrieb ist, verringert sich das Zeitguthaben auf der Karte minutenweise, bis es aufgebraucht ist.<\/p><p>Sobald das Guthaben aufgebraucht ist, kann die Karte an der Rezeption wieder aufgeladen werden (7 \u20ac f\u00fcr 10 Stunden Nutzung).<\/p><p><strong>Denk daran, die Klimaanlage nur bei Bedarf zu benutzen<\/strong> (m\u00f6glichst nur, wenn du dich in der Unterkunft aufh\u00e4ltst) und dabei T\u00fcren und Fenster geschlossen zu halten.<\/p>\t\t\t\t\t\t\t\t<\/div>\n\t\t\t\t<\/div>\n\t\t\t\t<\/div>\n\t\t\t\t\t<\/div>\n\t\t\t\t<\/div>\n\t\t\t\t<\/div>\n\t\t","protected":false},"excerpt":{"rendered":"<p>ClimaCard Energiesparen im Urlaub Ein Urlaub auf dem Campingplatz und im Feriendorf muss ein Synonym f\u00fcr Natur und Respekt gegen\u00fcber der Umwelt sein, die uns beherbergt. Aus diesem Grund haben wir im Camping Village Miramare in Cavallino Treporti unsere Unterk\u00fcnfte (Bungalows und Maxi-Caravans) mit einer Klimaanlage (Klimatisierung \/ Heizung) ausgestattet, die nur mit einer aufgeladenen CLIMACARD aktiviert werden kann, um die \u00f6kologische Nachhaltigkeit und das Energiesparen zu f\u00f6rdern. Hilf uns dabei, die Umwelt zu achten und zu sch\u00e4tzen sowie den Energieverbrauch zu senken. So funktioniert die CLIMACARD Beim Check-in erh\u00e4ltst du (gegen eine Kaution von 20 \u20ac) eine CLIMACARD, die mit der f\u00fcr deinen Aufenthalt verf\u00fcgbaren Nutzungszeit der Klimaanlage aufgeladen ist. F\u00fcr jeden Aufenthaltstag wird die Karte mit 10 Nutzungsstunden pro Tag aufgeladen, und die Gesamtzahl der Stunden kann w\u00e4hrend des gesamten Urlaubs frei genutzt werden. Zum BeispielAufenthalt von 7 N\u00e4chten: 10 x 7 = 70 Stunden Gesamtnutzung der Klimaanlage. Die Karte wird in das Leseger\u00e4t am Thermostat gesteckt. Nur wenn die Klimaanlage in Betrieb ist, verringert sich das Zeitguthaben auf der Karte minutenweise, bis es aufgebraucht ist. Sobald das Guthaben aufgebraucht ist, kann die Karte an der Rezeption wieder aufgeladen werden (7 \u20ac f\u00fcr 10 Stunden Nutzung). Denk daran, die Klimaanlage nur bei Bedarf zu benutzen (m\u00f6glichst nur, wenn du dich in der Unterkunft aufh\u00e4ltst) und dabei T\u00fcren und Fenster geschlossen zu halten.<\/p>\n","protected":false},"author":1,"featured_media":0,"parent":2951,"menu_order":0,"comment_status":"closed","ping_status":"closed","template":"","meta":{"footnotes":""},"class_list":["post-2933","page","type-page","status-publish","hentry"],"blocksy_meta":[],"_links":{"self":[{"href":"https:\/\/miramarevenezia.it\/de\/wp-json\/wp\/v2\/pages\/2933","targetHints":{"allow":["GET"]}}],"collection":[{"href":"https:\/\/miramarevenezia.it\/de\/wp-json\/wp\/v2\/pages"}],"about":[{"href":"https:\/\/miramarevenezia.it\/de\/wp-json\/wp\/v2\/types\/page"}],"author":[{"embeddable":true,"href":"https:\/\/miramarevenezia.it\/de\/wp-json\/wp\/v2\/users\/1"}],"replies":[{"embeddable":true,"href":"https:\/\/miramarevenezia.it\/de\/wp-json\/wp\/v2\/comments?post=2933"}],"version-history":[{"count":1,"href":"https:\/\/miramarevenezia.it\/de\/wp-json\/wp\/v2\/pages\/2933\/revisions"}],"predecessor-version":[{"id":2935,"href":"https:\/\/miramarevenezia.it\/de\/wp-json\/wp\/v2\/pages\/2933\/revisions\/2935"}],"up":[{"embeddable":true,"href":"https:\/\/miramarevenezia.it\/de\/wp-json\/wp\/v2\/pages\/2951"}],"wp:attachment":[{"href":"https:\/\/miramarevenezia.it\/de\/wp-json\/wp\/v2\/media?parent=2933"}],"curies":[{"name":"wp","href":"https:\/\/api.w.org\/{rel}","templated":true}]}}