{"id":3121,"date":"2026-01-11T17:01:36","date_gmt":"2026-01-11T16:01:36","guid":{"rendered":"https:\/\/miramarevenezia.it\/strand\/"},"modified":"2026-03-16T21:40:36","modified_gmt":"2026-03-16T20:40:36","slug":"strand","status":"publish","type":"page","link":"https:\/\/miramarevenezia.it\/de\/gebiet\/strand\/","title":{"rendered":"Strand"},"content":{"rendered":"\t\t<div data-elementor-type=\"wp-page\" data-elementor-id=\"3121\" class=\"elementor elementor-3121 elementor-557\">\n\t\t\t\t<div class=\"wpr-jarallax elementor-element elementor-element-e458469 parallax-sopra wpr-jarallax-yes e-con-full e-flex wpr-particle-no wpr-parallax-no wpr-sticky-section-no wpr-equal-height-no e-con e-parent\" speed-data=\"1.1\" bg-image=\"https:\/\/miramarevenezia.it\/wp-content\/uploads\/spiaggia-di-punta-sabbioni.jpg\" bg-image-mobile=\"\" scroll-effect=\"scroll\" data-id=\"e458469\" data-element_type=\"container\" data-e-type=\"container\" data-settings=\"{&quot;background_background&quot;:&quot;classic&quot;}\">\n\t\t<div class=\"elementor-element elementor-element-d8ccfd1 e-con-full e-flex wpr-particle-no wpr-jarallax-no wpr-parallax-no wpr-sticky-section-no wpr-equal-height-no e-con e-child\" data-id=\"d8ccfd1\" data-element_type=\"container\" data-e-type=\"container\" data-settings=\"{&quot;background_background&quot;:&quot;gradient&quot;}\">\n\t\t\t\t<div class=\"elementor-element elementor-element-9f0bcf5 elementor-widget__width-initial elementor-widget elementor-widget-heading\" data-id=\"9f0bcf5\" data-element_type=\"widget\" data-e-type=\"widget\" data-widget_type=\"heading.default\">\n\t\t\t\t\t<h1 class=\"elementor-heading-title elementor-size-default\">Punta Sabbioni: der Strand des Miramare Venedig<\/h1>\t\t\t\t<\/div>\n\t\t\t\t<\/div>\n\t\t\t\t<\/div>\n\t\t<div class=\"elementor-element elementor-element-a9d570e e-flex e-con-boxed wpr-particle-no wpr-jarallax-no wpr-parallax-no wpr-sticky-section-no wpr-equal-height-no e-con e-parent\" data-id=\"a9d570e\" data-element_type=\"container\" data-e-type=\"container\">\n\t\t\t\t\t<div class=\"e-con-inner\">\n\t\t\t\t<div class=\"elementor-element elementor-element-f33ae19 elementor-widget elementor-widget-heading\" data-id=\"f33ae19\" data-element_type=\"widget\" data-e-type=\"widget\" data-widget_type=\"heading.default\">\n\t\t\t\t\t<h2 class=\"elementor-heading-title elementor-size-default\">Entdecke den bezaubernden Strand von Punta Sabbioni in Cavallino Treporti<\/h2>\t\t\t\t<\/div>\n\t\t\t\t<div class=\"elementor-element elementor-element-0ffc42d elementor-widget elementor-widget-text-editor\" data-id=\"0ffc42d\" data-element_type=\"widget\" data-e-type=\"widget\" data-widget_type=\"text-editor.default\">\n\t\t\t\t\t\t\t\t\t<p>Nach einem angenehmen Spaziergang, einer ruhigen Radtour oder dank des <strong>praktischen Shuttle-Bus-Service<\/strong>, den du direkt im Camping Village Miramare findest, erreichst du den bezaubernden und weitl\u00e4ufigen Strand am Leuchtturm von Punta Sabbioni.<\/p>\t\t\t\t\t\t\t\t<\/div>\n\t\t\t\t\t<\/div>\n\t\t\t\t<\/div>\n\t\t<div class=\"elementor-element elementor-element-b6b5b97 e-flex e-con-boxed wpr-particle-no wpr-jarallax-no wpr-parallax-no wpr-sticky-section-no wpr-equal-height-no e-con e-parent\" data-id=\"b6b5b97\" data-element_type=\"container\" data-e-type=\"container\" data-settings=\"{&quot;background_background&quot;:&quot;classic&quot;}\">\n\t\t\t\t\t<div class=\"e-con-inner\">\n\t\t<div class=\"elementor-element elementor-element-f4e53da e-con-full e-flex wpr-particle-no wpr-jarallax-no wpr-parallax-no wpr-sticky-section-no wpr-equal-height-no e-con e-child\" data-id=\"f4e53da\" data-element_type=\"container\" data-e-type=\"container\" data-settings=\"{&quot;background_background&quot;:&quot;classic&quot;}\">\n\t\t<div class=\"elementor-element elementor-element-cb110df e-con-full e-flex wpr-particle-no wpr-jarallax-no wpr-parallax-no wpr-sticky-section-no wpr-equal-height-no e-con e-child\" data-id=\"cb110df\" data-element_type=\"container\" data-e-type=\"container\">\n\t\t\t\t<div class=\"elementor-element elementor-element-098f38e elementor-widget elementor-widget-heading\" data-id=\"098f38e\" data-element_type=\"widget\" data-e-type=\"widget\" data-widget_type=\"heading.default\">\n\t\t\t\t\t<h2 class=\"elementor-heading-title elementor-size-default\">13 km feinster Sandstrand und flaches Wasser<\/h2>\t\t\t\t<\/div>\n\t\t\t\t<div class=\"elementor-element elementor-element-575cfe0 elementor-widget elementor-widget-text-editor\" data-id=\"575cfe0\" data-element_type=\"widget\" data-e-type=\"widget\" data-widget_type=\"text-editor.default\">\n\t\t\t\t\t\t\t\t\t<p>Dieser weitl\u00e4ufige <strong>Strand aus feinstem goldenen Sand<\/strong>, der sich im kristallklaren Meer mit <strong>flachem Wasser<\/strong> verliert, so weit das Auge reicht, ist der ideale Ort, um in der Sonne zu entspannen oder um vergn\u00fcgte Schwimmrunden und erfrischende B\u00e4der zu genie\u00dfen, Fu\u00dfball- oder Volleyballspiele mit Freunden, Rennen am Ufer, Sandburgen oder was auch immer deine Fantasie dir eingibt.<br><span style=\"font-family: inherit; font-size: inherit; font-style: inherit; font-variant-ligatures: inherit; font-variant-caps: inherit; font-weight: inherit;\">In der Nebensaison ist es der perfekte Ort f\u00fcr lange und angenehme Spazierg\u00e4nge am Meer, wobei du die milden Fr\u00fchjahrs- und Herbsttemperaturen nutzen kannst.<\/span><\/p>\n<p>Der Strand von Cavallino Treporti, der sich <strong>\u00fcber 13 km<\/strong> vom Leuchtturm von Punta Sabbioni bis zum Leuchtturm von Cavallino erstreckt, ist eine wahre Oase der Ruhe, dank der unber\u00fchrten Natur, die ihn umgibt, und der ausgezeichneten Dienstleistungen, die du direkt am Strand findest.<\/p>\n<p>Ideal und sicher f\u00fcr Familien mit Kindern jeden Alters, wird er der perfekte Ort sein, um deinen Urlaub in Venetien zu verbringen.<\/p>\n<p>Seit 2006 weht in Cavallino Treporti n\u00e4mlich die <strong>Blaue Flagge<\/strong>, die Auszeichnung, die die FEE jedes Jahr an europ\u00e4ische Str\u00e4nde vergibt, die bestimmte Kriterien der Umweltqualit\u00e4t erf\u00fcllen, wie zum Beispiel die <strong>Pflege der angebotenen Dienstleistungen<\/strong> und die <strong>Sauberkeit des Badegew\u00e4ssers<\/strong> und des Gebiets.<\/p>\t\t\t\t\t\t\t\t<\/div>\n\t\t\t\t<\/div>\n\t\t\t\t<div class=\"elementor-element elementor-element-10c2f6c elementor-widget elementor-widget-button\" data-id=\"10c2f6c\" data-element_type=\"widget\" data-e-type=\"widget\" data-widget_type=\"button.default\">\n\t\t\t\t\t\t\t\t\t\t<a class=\"elementor-button elementor-button-link elementor-size-sm\" href=\"https:\/\/miramarevenezia.it\/de\/gebiet\/inseln-der-lagune-von-venedig\/\">\n\t\t\t\t\t\t<span class=\"elementor-button-content-wrapper\">\n\t\t\t\t\t\t<span class=\"elementor-button-icon\">\n\t\t\t\t<svg aria-hidden=\"true\" class=\"e-font-icon-svg e-fas-chevron-right\" viewBox=\"0 0 320 512\" xmlns=\"http:\/\/www.w3.org\/2000\/svg\"><path d=\"M285.476 272.971L91.132 467.314c-9.373 9.373-24.569 9.373-33.941 0l-22.667-22.667c-9.357-9.357-9.375-24.522-.04-33.901L188.505 256 34.484 101.255c-9.335-9.379-9.317-24.544.04-33.901l22.667-22.667c9.373-9.373 24.569-9.373 33.941 0L285.475 239.03c9.373 9.372 9.373 24.568.001 33.941z\"><\/path><\/svg>\t\t\t<\/span>\n\t\t\t\t\t\t\t\t\t<span class=\"elementor-button-text\">Entdecke die Natur der Lagune<\/span>\n\t\t\t\t\t<\/span>\n\t\t\t\t\t<\/a>\n\t\t\t\t\t\t\t\t<\/div>\n\t\t<div class=\"elementor-element elementor-element-05b6ba0 e-con-full e-grid wpr-particle-no wpr-jarallax-no wpr-parallax-no wpr-sticky-section-no wpr-equal-height-no e-con e-child\" data-id=\"05b6ba0\" data-element_type=\"container\" data-e-type=\"container\">\n\t\t<div class=\"elementor-element elementor-element-7bc9ee8 e-con-full e-flex wpr-particle-no wpr-jarallax-no wpr-parallax-no wpr-sticky-section-no wpr-equal-height-no e-con e-child\" data-id=\"7bc9ee8\" data-element_type=\"container\" data-e-type=\"container\">\n\t\t<div class=\"elementor-element elementor-element-41f9a9c e-con-full e-flex wpr-particle-no wpr-jarallax-no wpr-parallax-no wpr-sticky-section-no wpr-equal-height-no e-con e-child\" data-id=\"41f9a9c\" data-element_type=\"container\" data-e-type=\"container\" data-settings=\"{&quot;background_background&quot;:&quot;classic&quot;}\">\n\t\t\t\t<\/div>\n\t\t<div class=\"elementor-element elementor-element-db36ef4 e-con-full e-flex wpr-particle-no wpr-jarallax-no wpr-parallax-no wpr-sticky-section-no wpr-equal-height-no e-con e-child\" data-id=\"db36ef4\" data-element_type=\"container\" data-e-type=\"container\" data-settings=\"{&quot;background_background&quot;:&quot;classic&quot;}\">\n\t\t\t\t<\/div>\n\t\t\t\t<\/div>\n\t\t<div class=\"elementor-element elementor-element-4288bdb e-con-full e-flex wpr-particle-no wpr-jarallax-no wpr-parallax-no wpr-sticky-section-no wpr-equal-height-no e-con e-child\" data-id=\"4288bdb\" data-element_type=\"container\" data-e-type=\"container\">\n\t\t<div class=\"elementor-element elementor-element-63ebfac e-con-full e-flex wpr-particle-no wpr-jarallax-no wpr-parallax-no wpr-sticky-section-no wpr-equal-height-no e-con e-child\" data-id=\"63ebfac\" data-element_type=\"container\" data-e-type=\"container\" data-settings=\"{&quot;background_background&quot;:&quot;classic&quot;}\">\n\t\t\t\t<\/div>\n\t\t\t\t<\/div>\n\t\t\t\t<\/div>\n\t\t<div class=\"elementor-element elementor-element-41e6f32 e-con-full e-grid wpr-particle-no wpr-jarallax-no wpr-parallax-no wpr-sticky-section-no wpr-equal-height-no e-con e-child\" data-id=\"41e6f32\" data-element_type=\"container\" data-e-type=\"container\">\n\t\t<div class=\"elementor-element elementor-element-082f67c e-con-full e-flex wpr-particle-no wpr-jarallax-no wpr-parallax-no wpr-sticky-section-no wpr-equal-height-no e-con e-child\" data-id=\"082f67c\" data-element_type=\"container\" data-e-type=\"container\">\n\t\t<div class=\"elementor-element elementor-element-4eea466 e-con-full e-flex wpr-particle-no wpr-jarallax-no wpr-parallax-no wpr-sticky-section-no wpr-equal-height-no e-con e-child\" data-id=\"4eea466\" data-element_type=\"container\" data-e-type=\"container\" data-settings=\"{&quot;background_background&quot;:&quot;classic&quot;}\">\n\t\t\t\t<\/div>\n\t\t\t\t<\/div>\n\t\t<div class=\"elementor-element elementor-element-417e8e7 e-con-full e-flex wpr-particle-no wpr-jarallax-no wpr-parallax-no wpr-sticky-section-no wpr-equal-height-no e-con e-child\" data-id=\"417e8e7\" data-element_type=\"container\" data-e-type=\"container\">\n\t\t<div class=\"elementor-element elementor-element-88f6d70 e-con-full e-flex wpr-particle-no wpr-jarallax-no wpr-parallax-no wpr-sticky-section-no wpr-equal-height-no e-con e-child\" data-id=\"88f6d70\" data-element_type=\"container\" data-e-type=\"container\" data-settings=\"{&quot;background_background&quot;:&quot;classic&quot;}\">\n\t\t\t\t<\/div>\n\t\t\t\t<\/div>\n\t\t\t\t<\/div>\n\t\t\t\t<\/div>\n\t\t\t\t\t<\/div>\n\t\t\t\t<\/div>\n\t\t\t\t<\/div>\n\t\t","protected":false},"excerpt":{"rendered":"<p>Punta Sabbioni: der Strand des Miramare Venedig Entdecke den bezaubernden Strand von Punta Sabbioni in Cavallino Treporti Nach einem angenehmen Spaziergang, einer ruhigen Radtour oder dank des praktischen Shuttle-Bus-Service, den du direkt im Camping Village Miramare findest, erreichst du den bezaubernden und weitl\u00e4ufigen Strand am Leuchtturm von Punta Sabbioni. 13 km feinster Sandstrand und flaches Wasser Dieser weitl\u00e4ufige Strand aus feinstem goldenen Sand, der sich im kristallklaren Meer mit flachem Wasser verliert, so weit das Auge reicht, ist der ideale Ort, um in der Sonne zu entspannen oder um vergn\u00fcgte Schwimmrunden und erfrischende B\u00e4der zu genie\u00dfen, Fu\u00dfball- oder Volleyballspiele mit Freunden, Rennen am Ufer, Sandburgen oder was auch immer deine Fantasie dir eingibt.In der Nebensaison ist es der perfekte Ort f\u00fcr lange und angenehme Spazierg\u00e4nge am Meer, wobei du die milden Fr\u00fchjahrs- und Herbsttemperaturen nutzen kannst. Der Strand von Cavallino Treporti, der sich \u00fcber 13 km vom Leuchtturm von Punta Sabbioni bis zum Leuchtturm von Cavallino erstreckt, ist eine wahre Oase der Ruhe, dank der unber\u00fchrten Natur, die ihn umgibt, und der ausgezeichneten Dienstleistungen, die du direkt am Strand findest. Ideal und sicher f\u00fcr Familien mit Kindern jeden Alters, wird er der perfekte Ort sein, um deinen Urlaub in Venetien zu verbringen. Seit 2006 weht in Cavallino Treporti n\u00e4mlich die Blaue Flagge, die Auszeichnung, die die FEE jedes Jahr an europ\u00e4ische Str\u00e4nde vergibt, die bestimmte Kriterien der Umweltqualit\u00e4t erf\u00fcllen, wie zum Beispiel die Pflege der angebotenen Dienstleistungen und die Sauberkeit des Badegew\u00e4ssers und des Gebiets. Entdecke die Natur der Lagune<\/p>\n","protected":false},"author":1,"featured_media":0,"parent":3242,"menu_order":0,"comment_status":"closed","ping_status":"closed","template":"","meta":{"footnotes":""},"class_list":["post-3121","page","type-page","status-publish","hentry"],"blocksy_meta":[],"_links":{"self":[{"href":"https:\/\/miramarevenezia.it\/de\/wp-json\/wp\/v2\/pages\/3121","targetHints":{"allow":["GET"]}}],"collection":[{"href":"https:\/\/miramarevenezia.it\/de\/wp-json\/wp\/v2\/pages"}],"about":[{"href":"https:\/\/miramarevenezia.it\/de\/wp-json\/wp\/v2\/types\/page"}],"author":[{"embeddable":true,"href":"https:\/\/miramarevenezia.it\/de\/wp-json\/wp\/v2\/users\/1"}],"replies":[{"embeddable":true,"href":"https:\/\/miramarevenezia.it\/de\/wp-json\/wp\/v2\/comments?post=3121"}],"version-history":[{"count":7,"href":"https:\/\/miramarevenezia.it\/de\/wp-json\/wp\/v2\/pages\/3121\/revisions"}],"predecessor-version":[{"id":4247,"href":"https:\/\/miramarevenezia.it\/de\/wp-json\/wp\/v2\/pages\/3121\/revisions\/4247"}],"up":[{"embeddable":true,"href":"https:\/\/miramarevenezia.it\/de\/wp-json\/wp\/v2\/pages\/3242"}],"wp:attachment":[{"href":"https:\/\/miramarevenezia.it\/de\/wp-json\/wp\/v2\/media?parent=3121"}],"curies":[{"name":"wp","href":"https:\/\/api.w.org\/{rel}","templated":true}]}}