{"id":3306,"date":"2025-12-26T16:02:24","date_gmt":"2025-12-26T15:02:24","guid":{"rendered":"https:\/\/miramarevenezia.it\/gebiet\/inseln-der-lagune-von-venedig\/"},"modified":"2026-03-10T21:53:38","modified_gmt":"2026-03-10T20:53:38","slug":"inseln-der-lagune-von-venedig","status":"publish","type":"page","link":"https:\/\/miramarevenezia.it\/de\/gebiet\/inseln-der-lagune-von-venedig\/","title":{"rendered":"Inseln der Lagune von Venedig"},"content":{"rendered":"\t\t<div data-elementor-type=\"wp-page\" data-elementor-id=\"3306\" class=\"elementor elementor-3306 elementor-176\">\n\t\t\t\t<div class=\"wpr-jarallax elementor-element elementor-element-e458469 parallax-sopra wpr-jarallax-yes e-flex e-con-boxed wpr-particle-no wpr-parallax-no wpr-sticky-section-no wpr-equal-height-no e-con e-parent\" speed-data=\"1.1\" bg-image=\"https:\/\/miramarevenezia.it\/wp-content\/uploads\/isole-laguna-venezia.jpg\" bg-image-mobile=\"\" scroll-effect=\"scroll\" data-id=\"e458469\" data-element_type=\"container\" data-e-type=\"container\" data-settings=\"{&quot;background_background&quot;:&quot;classic&quot;}\">\n\t\t\t\t\t<div class=\"e-con-inner\">\n\t\t\t\t<div class=\"elementor-element elementor-element-7c1df26 elementor-widget elementor-widget-heading\" data-id=\"7c1df26\" data-element_type=\"widget\" data-e-type=\"widget\" data-widget_type=\"heading.default\">\n\t\t\t\t\t<h1 class=\"elementor-heading-title elementor-size-default\">Die Inseln der Lagune von Venedig<span><\/span><\/h1>\t\t\t\t<\/div>\n\t\t\t\t\t<\/div>\n\t\t\t\t<\/div>\n\t\t<div class=\"elementor-element elementor-element-a9d570e e-flex e-con-boxed wpr-particle-no wpr-jarallax-no wpr-parallax-no wpr-sticky-section-no wpr-equal-height-no e-con e-parent\" data-id=\"a9d570e\" data-element_type=\"container\" data-e-type=\"container\">\n\t\t\t\t\t<div class=\"e-con-inner\">\n\t\t\t\t<div class=\"elementor-element elementor-element-f33ae19 elementor-widget elementor-widget-heading\" data-id=\"f33ae19\" data-element_type=\"widget\" data-e-type=\"widget\" data-widget_type=\"heading.default\">\n\t\t\t\t\t<h2 class=\"elementor-heading-title elementor-size-default\">Ausfl\u00fcge mit dem Motorboot zur Entdeckung der faszinierenden Inseln der Lagune von Venedig<\/h2>\t\t\t\t<\/div>\n\t\t\t\t<div class=\"elementor-element elementor-element-0ffc42d elementor-widget elementor-widget-text-editor\" data-id=\"0ffc42d\" data-element_type=\"widget\" data-e-type=\"widget\" data-widget_type=\"text-editor.default\">\n\t\t\t\t\t\t\t\t\t<p>Nicht nur Venedig, sondern auch <b>Burano, Murano, Torcello<\/b> und andere kleinere Inseln pr\u00e4gen die Lagune. Ein Urlaub in dieser Gegend sollte unbedingt einen Ausflug mit dem Motorboot beinhalten, um diese Juwelen zu entdecken, die die Landschaft so charakteristisch und faszinierend machen.<\/p><p>Der Ausflug f\u00fchrt durch das Gebiet der venezianischen Lagune, das \u201eN<b>\u00f6rdliche Lagune<\/b>\u201c genannt wird und durch Salzwiesen sowie kleine Inseln gepr\u00e4gt ist, die durch Kan\u00e4le und \u201eGhebi\u201c (kleine Wasserl\u00e4ufe) voneinander getrennt sind. Flora und Fauna herrschen an diesen Orten, wo die Ruhe nur von den typischen kleinen Lagunenbooten (Sandoli, Mascarete und die moderneren Cacciapesca) gest\u00f6rt wird \u2013 den einzigen, die in der Lage sind, die flachen Gew\u00e4sser der Ghebi zu befahren. <\/p>\t\t\t\t\t\t\t\t<\/div>\n\t\t\t\t\t<\/div>\n\t\t\t\t<\/div>\n\t\t<div class=\"elementor-element elementor-element-b6b5b97 e-flex e-con-boxed wpr-particle-no wpr-jarallax-no wpr-parallax-no wpr-sticky-section-no wpr-equal-height-no e-con e-parent\" data-id=\"b6b5b97\" data-element_type=\"container\" data-e-type=\"container\" data-settings=\"{&quot;background_background&quot;:&quot;classic&quot;}\">\n\t\t\t\t\t<div class=\"e-con-inner\">\n\t\t<div class=\"elementor-element elementor-element-f4e53da e-con-full e-flex wpr-particle-no wpr-jarallax-no wpr-parallax-no wpr-sticky-section-no wpr-equal-height-no e-con e-child\" data-id=\"f4e53da\" data-element_type=\"container\" data-e-type=\"container\" data-settings=\"{&quot;background_background&quot;:&quot;classic&quot;}\">\n\t\t<div class=\"elementor-element elementor-element-cb110df e-con-full e-flex wpr-particle-no wpr-jarallax-no wpr-parallax-no wpr-sticky-section-no wpr-equal-height-no e-con e-child\" data-id=\"cb110df\" data-element_type=\"container\" data-e-type=\"container\">\n\t\t\t\t<div class=\"elementor-element elementor-element-098f38e elementor-widget elementor-widget-heading\" data-id=\"098f38e\" data-element_type=\"widget\" data-e-type=\"widget\" data-widget_type=\"heading.default\">\n\t\t\t\t\t<h2 class=\"elementor-heading-title elementor-size-default\">Burano<\/h2>\t\t\t\t<\/div>\n\t\t\t\t<div class=\"elementor-element elementor-element-575cfe0 elementor-widget elementor-widget-text-editor\" data-id=\"575cfe0\" data-element_type=\"widget\" data-e-type=\"widget\" data-widget_type=\"text-editor.default\">\n\t\t\t\t\t\t\t\t\t<p>Die erste Insel auf der Route ist Burano.<br>Als Fischerinsel mit einer starken sprachlichen Identit\u00e4t sind <strong>die zahlreichen bunten H\u00e4user<\/strong> ihr auff\u00e4lligstes Merkmal.<br>Sie ist weltweit vor allem f\u00fcr ihre <strong>Spitzenstickereien<\/strong> bekannt, die stolz im \u201eSpitzenmuseum\u201c nahe dem Platz des ber\u00fchmten Musikers Baldassare Galuppi ausgestellt werden.<br><strong>Hervorragende Restaurants<\/strong> machen den Besuch auf Burano sehr angenehm.<\/p>\t\t\t\t\t\t\t\t<\/div>\n\t\t\t\t<\/div>\n\t\t<div class=\"elementor-element elementor-element-f6115bb e-con-full e-grid wpr-particle-no wpr-jarallax-no wpr-parallax-no wpr-sticky-section-no wpr-equal-height-no e-con e-child\" data-id=\"f6115bb\" data-element_type=\"container\" data-e-type=\"container\">\n\t\t<div class=\"elementor-element elementor-element-2f85744 e-con-full e-flex wpr-particle-no wpr-jarallax-no wpr-parallax-no wpr-sticky-section-no wpr-equal-height-no e-con e-child\" data-id=\"2f85744\" data-element_type=\"container\" data-e-type=\"container\">\n\t\t<div class=\"elementor-element elementor-element-050d07b e-con-full e-flex wpr-particle-no wpr-jarallax-no wpr-parallax-no wpr-sticky-section-no wpr-equal-height-no e-con e-child\" data-id=\"050d07b\" data-element_type=\"container\" data-e-type=\"container\" data-settings=\"{&quot;background_background&quot;:&quot;classic&quot;}\">\n\t\t\t\t<\/div>\n\t\t<div class=\"elementor-element elementor-element-2dd8540 e-con-full e-flex wpr-particle-no wpr-jarallax-no wpr-parallax-no wpr-sticky-section-no wpr-equal-height-no e-con e-child\" data-id=\"2dd8540\" data-element_type=\"container\" data-e-type=\"container\" data-settings=\"{&quot;background_background&quot;:&quot;classic&quot;}\">\n\t\t\t\t<\/div>\n\t\t\t\t<\/div>\n\t\t<div class=\"elementor-element elementor-element-5486cef e-con-full e-flex wpr-particle-no wpr-jarallax-no wpr-parallax-no wpr-sticky-section-no wpr-equal-height-no e-con e-child\" data-id=\"5486cef\" data-element_type=\"container\" data-e-type=\"container\">\n\t\t<div class=\"elementor-element elementor-element-f73e171 e-con-full e-flex wpr-particle-no wpr-jarallax-no wpr-parallax-no wpr-sticky-section-no wpr-equal-height-no e-con e-child\" data-id=\"f73e171\" data-element_type=\"container\" data-e-type=\"container\" data-settings=\"{&quot;background_background&quot;:&quot;classic&quot;}\">\n\t\t\t\t<\/div>\n\t\t\t\t<\/div>\n\t\t\t\t<\/div>\n\t\t<div class=\"elementor-element elementor-element-72e2367 e-con-full e-grid wpr-particle-no wpr-jarallax-no wpr-parallax-no wpr-sticky-section-no wpr-equal-height-no e-con e-child\" data-id=\"72e2367\" data-element_type=\"container\" data-e-type=\"container\">\n\t\t<div class=\"elementor-element elementor-element-af23a79 e-con-full e-flex wpr-particle-no wpr-jarallax-no wpr-parallax-no wpr-sticky-section-no wpr-equal-height-no e-con e-child\" data-id=\"af23a79\" data-element_type=\"container\" data-e-type=\"container\">\n\t\t<div class=\"elementor-element elementor-element-10f4600 e-con-full e-flex wpr-particle-no wpr-jarallax-no wpr-parallax-no wpr-sticky-section-no wpr-equal-height-no e-con e-child\" data-id=\"10f4600\" data-element_type=\"container\" data-e-type=\"container\" data-settings=\"{&quot;background_background&quot;:&quot;classic&quot;}\">\n\t\t\t\t<\/div>\n\t\t\t\t<\/div>\n\t\t<div class=\"elementor-element elementor-element-f0ceb77 e-con-full e-flex wpr-particle-no wpr-jarallax-no wpr-parallax-no wpr-sticky-section-no wpr-equal-height-no e-con e-child\" data-id=\"f0ceb77\" data-element_type=\"container\" data-e-type=\"container\">\n\t\t<div class=\"elementor-element elementor-element-db2882b e-con-full e-flex wpr-particle-no wpr-jarallax-no wpr-parallax-no wpr-sticky-section-no wpr-equal-height-no e-con e-child\" data-id=\"db2882b\" data-element_type=\"container\" data-e-type=\"container\" data-settings=\"{&quot;background_background&quot;:&quot;classic&quot;}\">\n\t\t\t\t<\/div>\n\t\t<div class=\"elementor-element elementor-element-bd00ed2 e-con-full e-flex wpr-particle-no wpr-jarallax-no wpr-parallax-no wpr-sticky-section-no wpr-equal-height-no e-con e-child\" data-id=\"bd00ed2\" data-element_type=\"container\" data-e-type=\"container\" data-settings=\"{&quot;background_background&quot;:&quot;classic&quot;}\">\n\t\t\t\t<\/div>\n\t\t\t\t<\/div>\n\t\t\t\t<\/div>\n\t\t\t\t<\/div>\n\t\t<div class=\"elementor-element elementor-element-20f34a8 e-con-full e-flex wpr-particle-no wpr-jarallax-no wpr-parallax-no wpr-sticky-section-no wpr-equal-height-no e-con e-child\" data-id=\"20f34a8\" data-element_type=\"container\" data-e-type=\"container\" data-settings=\"{&quot;background_background&quot;:&quot;classic&quot;}\">\n\t\t<div class=\"elementor-element elementor-element-ed9002b e-con-full e-flex wpr-particle-no wpr-jarallax-no wpr-parallax-no wpr-sticky-section-no wpr-equal-height-no e-con e-child\" data-id=\"ed9002b\" data-element_type=\"container\" data-e-type=\"container\">\n\t\t\t\t<div class=\"elementor-element elementor-element-fddc146 elementor-widget elementor-widget-heading\" data-id=\"fddc146\" data-element_type=\"widget\" data-e-type=\"widget\" data-widget_type=\"heading.default\">\n\t\t\t\t\t<h2 class=\"elementor-heading-title elementor-size-default\">Torcello<\/h2>\t\t\t\t<\/div>\n\t\t\t\t<div class=\"elementor-element elementor-element-7b6f4cd elementor-widget elementor-widget-text-editor\" data-id=\"7b6f4cd\" data-element_type=\"widget\" data-e-type=\"widget\" data-widget_type=\"text-editor.default\">\n\t\t\t\t\t\t\t\t\t<p>Gegen\u00fcber von Burano liegt die Insel Torcello, die <strong>erste Siedlung des k\u00fcnftigen Venedigs<\/strong>.<br>In ihrer Bl\u00fctezeit z\u00e4hlte sie 10.000 Einwohner, w\u00e4hrend die Zahl der Bewohner heute auf nur noch wenige Personen geschrumpft ist.<br>Das \u201ehistorische Zentrum\u201c ist gepr\u00e4gt von der <strong>Basilika Santa Maria Assunta<\/strong> aus dem Jahr 639, die in ihrem Inneren unsch\u00e4tzbare byzantinische Mosaike beherbergt, der angrenzenden K<strong>irche Santa Fosca<\/strong> und dem <strong>Museo dell\u2019Estuario<\/strong>, das reich an arch\u00e4ologischen Funden aus der venezianischen Lagune ist.<br>Alte Legenden sind der Ursprung der Namen zweier besonderer Denkm\u00e4ler: <strong>die \u201eTeufelsbr\u00fccke\u201c und der \u201eThron des Attila\u201c<\/strong>.<\/p>\t\t\t\t\t\t\t\t<\/div>\n\t\t\t\t<\/div>\n\t\t<div class=\"elementor-element elementor-element-3e96b9f e-con-full e-grid wpr-particle-no wpr-jarallax-no wpr-parallax-no wpr-sticky-section-no wpr-equal-height-no e-con e-child\" data-id=\"3e96b9f\" data-element_type=\"container\" data-e-type=\"container\">\n\t\t<div class=\"elementor-element elementor-element-780859a e-con-full e-flex wpr-particle-no wpr-jarallax-no wpr-parallax-no wpr-sticky-section-no wpr-equal-height-no e-con e-child\" data-id=\"780859a\" data-element_type=\"container\" data-e-type=\"container\">\n\t\t<div class=\"elementor-element elementor-element-a61243c e-con-full e-flex wpr-particle-no wpr-jarallax-no wpr-parallax-no wpr-sticky-section-no wpr-equal-height-no e-con e-child\" data-id=\"a61243c\" data-element_type=\"container\" data-e-type=\"container\" data-settings=\"{&quot;background_background&quot;:&quot;classic&quot;}\">\n\t\t\t\t<\/div>\n\t\t\t\t<\/div>\n\t\t<div class=\"elementor-element elementor-element-9283209 e-con-full e-flex wpr-particle-no wpr-jarallax-no wpr-parallax-no wpr-sticky-section-no wpr-equal-height-no e-con e-child\" data-id=\"9283209\" data-element_type=\"container\" data-e-type=\"container\">\n\t\t<div class=\"elementor-element elementor-element-a93ec53 e-con-full e-flex wpr-particle-no wpr-jarallax-no wpr-parallax-no wpr-sticky-section-no wpr-equal-height-no e-con e-child\" data-id=\"a93ec53\" data-element_type=\"container\" data-e-type=\"container\" data-settings=\"{&quot;background_background&quot;:&quot;classic&quot;}\">\n\t\t\t\t<\/div>\n\t\t\t\t<\/div>\n\t\t\t\t<\/div>\n\t\t\t\t<\/div>\n\t\t<div class=\"elementor-element elementor-element-082d5f5 e-con-full e-flex wpr-particle-no wpr-jarallax-no wpr-parallax-no wpr-sticky-section-no wpr-equal-height-no e-con e-child\" data-id=\"082d5f5\" data-element_type=\"container\" data-e-type=\"container\" data-settings=\"{&quot;background_background&quot;:&quot;classic&quot;}\">\n\t\t<div class=\"elementor-element elementor-element-8e3bceb e-con-full e-flex wpr-particle-no wpr-jarallax-no wpr-parallax-no wpr-sticky-section-no wpr-equal-height-no e-con e-child\" data-id=\"8e3bceb\" data-element_type=\"container\" data-e-type=\"container\">\n\t\t\t\t<div class=\"elementor-element elementor-element-a1ac2e4 elementor-widget elementor-widget-heading\" data-id=\"a1ac2e4\" data-element_type=\"widget\" data-e-type=\"widget\" data-widget_type=\"heading.default\">\n\t\t\t\t\t<h2 class=\"elementor-heading-title elementor-size-default\">Murano<\/h2>\t\t\t\t<\/div>\n\t\t\t\t<div class=\"elementor-element elementor-element-9a2e856 elementor-widget elementor-widget-text-editor\" data-id=\"9a2e856\" data-element_type=\"widget\" data-e-type=\"widget\" data-widget_type=\"text-editor.default\">\n\t\t\t\t\t\t\t\t\t<p>Wenn man der Route weiter folgt, erreicht man Murano, die ber\u00fchmteste der drei Inseln.<br>Als <strong>Welthauptstadt der Glaskunst<\/strong> wimmelt es in Murano von noch aktiven Glasbl\u00e4sereien, die das Glas auch heute noch nach den vor Jahrhunderten von den ersten Glasmachermeistern erfundenen Methoden bearbeiten.<br>Das <strong>Glasmuseum<\/strong> beherbergt St\u00fccke von gro\u00dfem k\u00fcnstlerischem Wert und feinster Verarbeitung.<br>Ebenfalls einen Besuch wert ist die <strong>Kirche Santi Maria e Donato<\/strong>, eine der \u00e4ltesten der venezianischen Lagune und ein hervorragendes Beispiel f\u00fcr den romanisch-byzantinischen Stil, deren Mosaikboden aus Marmor und Glas noch vollst\u00e4ndig erhalten ist. <\/p>\t\t\t\t\t\t\t\t<\/div>\n\t\t\t\t<\/div>\n\t\t<div class=\"elementor-element elementor-element-148aa35 e-con-full e-grid wpr-particle-no wpr-jarallax-no wpr-parallax-no wpr-sticky-section-no wpr-equal-height-no e-con e-child\" data-id=\"148aa35\" data-element_type=\"container\" data-e-type=\"container\">\n\t\t<div class=\"elementor-element elementor-element-6e0c1d7 e-con-full e-flex wpr-particle-no wpr-jarallax-no wpr-parallax-no wpr-sticky-section-no wpr-equal-height-no e-con e-child\" data-id=\"6e0c1d7\" data-element_type=\"container\" data-e-type=\"container\" data-settings=\"{&quot;background_background&quot;:&quot;classic&quot;}\">\n\t\t<div class=\"elementor-element elementor-element-0f427ae e-con-full e-flex wpr-particle-no wpr-jarallax-no wpr-parallax-no wpr-sticky-section-no wpr-equal-height-no e-con e-child\" data-id=\"0f427ae\" data-element_type=\"container\" data-e-type=\"container\" data-settings=\"{&quot;background_background&quot;:&quot;classic&quot;}\">\n\t\t\t\t<\/div>\n\t\t\t\t<\/div>\n\t\t<div class=\"elementor-element elementor-element-b1f2e7a e-con-full e-flex wpr-particle-no wpr-jarallax-no wpr-parallax-no wpr-sticky-section-no wpr-equal-height-no e-con e-child\" data-id=\"b1f2e7a\" data-element_type=\"container\" data-e-type=\"container\">\n\t\t<div class=\"elementor-element elementor-element-82d7187 e-con-full e-flex wpr-particle-no wpr-jarallax-no wpr-parallax-no wpr-sticky-section-no wpr-equal-height-no e-con e-child\" data-id=\"82d7187\" data-element_type=\"container\" data-e-type=\"container\" data-settings=\"{&quot;background_background&quot;:&quot;classic&quot;}\">\n\t\t\t\t<\/div>\n\t\t\t\t<\/div>\n\t\t\t\t<\/div>\n\t\t\t\t<\/div>\n\t\t<div class=\"elementor-element elementor-element-737bf02 e-con-full e-flex wpr-particle-no wpr-jarallax-no wpr-parallax-no wpr-sticky-section-no wpr-equal-height-no e-con e-child\" data-id=\"737bf02\" data-element_type=\"container\" data-e-type=\"container\" data-settings=\"{&quot;background_background&quot;:&quot;classic&quot;}\">\n\t\t<div class=\"elementor-element elementor-element-30a6029 e-con-full e-flex wpr-particle-no wpr-jarallax-no wpr-parallax-no wpr-sticky-section-no wpr-equal-height-no e-con e-child\" data-id=\"30a6029\" data-element_type=\"container\" data-e-type=\"container\">\n\t\t\t\t<div class=\"elementor-element elementor-element-dfe8833 elementor-widget elementor-widget-heading\" data-id=\"dfe8833\" data-element_type=\"widget\" data-e-type=\"widget\" data-widget_type=\"heading.default\">\n\t\t\t\t\t<h2 class=\"elementor-heading-title elementor-size-default\">Viele weitere venezianische Inseln<\/h2>\t\t\t\t<\/div>\n\t\t\t\t<div class=\"elementor-element elementor-element-0d2289c elementor-widget elementor-widget-text-editor\" data-id=\"0d2289c\" data-element_type=\"widget\" data-e-type=\"widget\" data-widget_type=\"text-editor.default\">\n\t\t\t\t\t\t\t\t\t<p>Neben diesen drei bezaubernden Inseln besteht die venezianische Lagune aus vielen weiteren, die alle mit den \u00f6ffentlichen Booten von den Terminals Punta Sabbioni und Treporti aus erreichbar sind: <strong>Lido di Venezia<\/strong>, bekannt f\u00fcr das renommierte Filmfestival; <strong>Sant\u2019Erasmo<\/strong>, die Insel der Artischocken; <strong>Pellestrina<\/strong>; <strong>Chioggia und Sottomarina<\/strong>, bekannt f\u00fcr ihre Fischerboote, sowie viele weitere kleinere Inseln.<\/p>\t\t\t\t\t\t\t\t<\/div>\n\t\t\t\t<\/div>\n\t\t<div class=\"elementor-element elementor-element-67e19a1 e-con-full e-grid wpr-particle-no wpr-jarallax-no wpr-parallax-no wpr-sticky-section-no wpr-equal-height-no e-con e-child\" data-id=\"67e19a1\" data-element_type=\"container\" data-e-type=\"container\">\n\t\t<div class=\"elementor-element elementor-element-b6252f5 e-con-full e-flex wpr-particle-no wpr-jarallax-no wpr-parallax-no wpr-sticky-section-no wpr-equal-height-no e-con e-child\" data-id=\"b6252f5\" data-element_type=\"container\" data-e-type=\"container\">\n\t\t<div class=\"elementor-element elementor-element-d829d41 e-con-full e-flex wpr-particle-no wpr-jarallax-no wpr-parallax-no wpr-sticky-section-no wpr-equal-height-no e-con e-child\" data-id=\"d829d41\" data-element_type=\"container\" data-e-type=\"container\" data-settings=\"{&quot;background_background&quot;:&quot;classic&quot;}\">\n\t\t\t\t<\/div>\n\t\t<div class=\"elementor-element elementor-element-c85b314 e-con-full e-flex wpr-particle-no wpr-jarallax-no wpr-parallax-no wpr-sticky-section-no wpr-equal-height-no e-con e-child\" data-id=\"c85b314\" data-element_type=\"container\" data-e-type=\"container\" data-settings=\"{&quot;background_background&quot;:&quot;classic&quot;}\">\n\t\t\t\t<\/div>\n\t\t\t\t<\/div>\n\t\t<div class=\"elementor-element elementor-element-7c4f6ad e-con-full e-flex wpr-particle-no wpr-jarallax-no wpr-parallax-no wpr-sticky-section-no wpr-equal-height-no e-con e-child\" data-id=\"7c4f6ad\" data-element_type=\"container\" data-e-type=\"container\">\n\t\t<div class=\"elementor-element elementor-element-bf0bb61 e-con-full e-flex wpr-particle-no wpr-jarallax-no wpr-parallax-no wpr-sticky-section-no wpr-equal-height-no e-con e-child\" data-id=\"bf0bb61\" data-element_type=\"container\" data-e-type=\"container\" data-settings=\"{&quot;background_background&quot;:&quot;classic&quot;}\">\n\t\t\t\t<\/div>\n\t\t\t\t<\/div>\n\t\t\t\t<\/div>\n\t\t\t\t<\/div>\n\t\t\t\t\t<\/div>\n\t\t\t\t<\/div>\n\t\t\t\t<\/div>\n\t\t","protected":false},"excerpt":{"rendered":"<p>Die Inseln der Lagune von Venedig Ausfl\u00fcge mit dem Motorboot zur Entdeckung der faszinierenden Inseln der Lagune von Venedig Nicht nur Venedig, sondern auch Burano, Murano, Torcello und andere kleinere Inseln pr\u00e4gen die Lagune. Ein Urlaub in dieser Gegend sollte unbedingt einen Ausflug mit dem Motorboot beinhalten, um diese Juwelen zu entdecken, die die Landschaft so charakteristisch und faszinierend machen. Der Ausflug f\u00fchrt durch das Gebiet der venezianischen Lagune, das \u201eN\u00f6rdliche Lagune\u201c genannt wird und durch Salzwiesen sowie kleine Inseln gepr\u00e4gt ist, die durch Kan\u00e4le und \u201eGhebi\u201c (kleine Wasserl\u00e4ufe) voneinander getrennt sind. Flora und Fauna herrschen an diesen Orten, wo die Ruhe nur von den typischen kleinen Lagunenbooten (Sandoli, Mascarete und die moderneren Cacciapesca) gest\u00f6rt wird \u2013 den einzigen, die in der Lage sind, die flachen Gew\u00e4sser der Ghebi zu befahren. Burano Die erste Insel auf der Route ist Burano.Als Fischerinsel mit einer starken sprachlichen Identit\u00e4t sind die zahlreichen bunten H\u00e4user ihr auff\u00e4lligstes Merkmal.Sie ist weltweit vor allem f\u00fcr ihre Spitzenstickereien bekannt, die stolz im \u201eSpitzenmuseum\u201c nahe dem Platz des ber\u00fchmten Musikers Baldassare Galuppi ausgestellt werden.Hervorragende Restaurants machen den Besuch auf Burano sehr angenehm. Torcello Gegen\u00fcber von Burano liegt die Insel Torcello, die erste Siedlung des k\u00fcnftigen Venedigs.In ihrer Bl\u00fctezeit z\u00e4hlte sie 10.000 Einwohner, w\u00e4hrend die Zahl der Bewohner heute auf nur noch wenige Personen geschrumpft ist.Das \u201ehistorische Zentrum\u201c ist gepr\u00e4gt von der Basilika Santa Maria Assunta aus dem Jahr 639, die in ihrem Inneren unsch\u00e4tzbare byzantinische Mosaike beherbergt, der angrenzenden Kirche Santa Fosca und dem Museo dell\u2019Estuario, das reich an arch\u00e4ologischen Funden aus der venezianischen Lagune ist.Alte Legenden sind der Ursprung der Namen zweier besonderer Denkm\u00e4ler: die \u201eTeufelsbr\u00fccke\u201c und der \u201eThron des Attila\u201c. Murano Wenn man der Route weiter folgt, erreicht man Murano, die ber\u00fchmteste der drei Inseln.Als Welthauptstadt der Glaskunst wimmelt es in Murano von noch aktiven Glasbl\u00e4sereien, die das Glas auch heute noch nach den vor Jahrhunderten von den ersten Glasmachermeistern erfundenen Methoden bearbeiten.Das Glasmuseum beherbergt St\u00fccke von gro\u00dfem k\u00fcnstlerischem Wert und feinster Verarbeitung.Ebenfalls einen Besuch wert ist die Kirche Santi Maria e Donato, eine der \u00e4ltesten der venezianischen Lagune und ein hervorragendes Beispiel f\u00fcr den romanisch-byzantinischen Stil, deren Mosaikboden aus Marmor und Glas noch vollst\u00e4ndig erhalten ist. Viele weitere venezianische Inseln Neben diesen drei bezaubernden Inseln besteht die venezianische Lagune aus vielen weiteren, die alle mit den \u00f6ffentlichen Booten von den Terminals Punta Sabbioni und Treporti aus erreichbar sind: Lido di Venezia, bekannt f\u00fcr das renommierte Filmfestival; Sant\u2019Erasmo, die Insel der Artischocken; Pellestrina; Chioggia und Sottomarina, bekannt f\u00fcr ihre Fischerboote, sowie viele weitere kleinere Inseln.<\/p>\n","protected":false},"author":1,"featured_media":0,"parent":3242,"menu_order":0,"comment_status":"closed","ping_status":"closed","template":"","meta":{"footnotes":""},"class_list":["post-3306","page","type-page","status-publish","hentry"],"blocksy_meta":[],"_links":{"self":[{"href":"https:\/\/miramarevenezia.it\/de\/wp-json\/wp\/v2\/pages\/3306","targetHints":{"allow":["GET"]}}],"collection":[{"href":"https:\/\/miramarevenezia.it\/de\/wp-json\/wp\/v2\/pages"}],"about":[{"href":"https:\/\/miramarevenezia.it\/de\/wp-json\/wp\/v2\/types\/page"}],"author":[{"embeddable":true,"href":"https:\/\/miramarevenezia.it\/de\/wp-json\/wp\/v2\/users\/1"}],"replies":[{"embeddable":true,"href":"https:\/\/miramarevenezia.it\/de\/wp-json\/wp\/v2\/comments?post=3306"}],"version-history":[{"count":1,"href":"https:\/\/miramarevenezia.it\/de\/wp-json\/wp\/v2\/pages\/3306\/revisions"}],"predecessor-version":[{"id":3308,"href":"https:\/\/miramarevenezia.it\/de\/wp-json\/wp\/v2\/pages\/3306\/revisions\/3308"}],"up":[{"embeddable":true,"href":"https:\/\/miramarevenezia.it\/de\/wp-json\/wp\/v2\/pages\/3242"}],"wp:attachment":[{"href":"https:\/\/miramarevenezia.it\/de\/wp-json\/wp\/v2\/media?parent=3306"}],"curies":[{"name":"wp","href":"https:\/\/api.w.org\/{rel}","templated":true}]}}