{"id":4453,"date":"2026-03-30T10:51:55","date_gmt":"2026-03-30T09:51:55","guid":{"rendered":"https:\/\/miramarevenezia.it\/info-kontakt\/hausordnung\/"},"modified":"2026-03-30T11:18:47","modified_gmt":"2026-03-30T10:18:47","slug":"hausordnung","status":"publish","type":"page","link":"https:\/\/miramarevenezia.it\/de\/info-kontakt\/hausordnung\/","title":{"rendered":"Hausordnung"},"content":{"rendered":"\t\t<div data-elementor-type=\"wp-page\" data-elementor-id=\"4453\" class=\"elementor elementor-4453 elementor-4441\">\n\t\t\t\t<div class=\"wpr-jarallax elementor-element elementor-element-e458469 parallax-sopra wpr-jarallax-yes e-flex e-con-boxed wpr-particle-no wpr-parallax-no wpr-sticky-section-no wpr-equal-height-no e-con e-parent\" speed-data=\"1.1\" bg-image=\"https:\/\/miramarevenezia.it\/wp-content\/uploads\/viale-fiorito-venezia.jpg\" bg-image-mobile=\"\" scroll-effect=\"scroll\" data-id=\"e458469\" data-element_type=\"container\" data-e-type=\"container\" data-settings=\"{&quot;background_background&quot;:&quot;classic&quot;}\">\n\t\t\t\t\t<div class=\"e-con-inner\">\n\t\t\t\t<div class=\"elementor-element elementor-element-7c1df26 elementor-widget elementor-widget-heading\" data-id=\"7c1df26\" data-element_type=\"widget\" data-e-type=\"widget\" data-widget_type=\"heading.default\">\n\t\t\t\t\t<h1 class=\"elementor-heading-title elementor-size-default\">Hausordnung 2026<\/h1>\t\t\t\t<\/div>\n\t\t\t\t\t<\/div>\n\t\t\t\t<\/div>\n\t\t<div class=\"elementor-element elementor-element-a9d570e e-flex e-con-boxed wpr-particle-no wpr-jarallax-no wpr-parallax-no wpr-sticky-section-no wpr-equal-height-no e-con e-parent\" data-id=\"a9d570e\" data-element_type=\"container\" data-e-type=\"container\">\n\t\t\t\t\t<div class=\"e-con-inner\">\n\t\t\t\t<div class=\"elementor-element elementor-element-0ffc42d elementor-widget elementor-widget-text-editor\" data-id=\"0ffc42d\" data-element_type=\"widget\" data-e-type=\"widget\" data-widget_type=\"text-editor.default\">\n\t\t\t\t\t\t\t\t\t<p>Diese Hausordnung wird bei der Ankunft ausgeh\u00e4ndigt, am Eingang und innerhalb des Campingplatzes ausgeh\u00e4ngt und ist auch online auf unserer Website www.miramarevenezia.it verf\u00fcgbar.<\/p>\t\t\t\t\t\t\t\t<\/div>\n\t\t\t\t<div class=\"elementor-element elementor-element-7bfad50 elementor-widget elementor-widget-text-editor\" data-id=\"7bfad50\" data-element_type=\"widget\" data-e-type=\"widget\" data-widget_type=\"text-editor.default\">\n\t\t\t\t\t\t\t\t\t<p>Der Zutritt zum Campingplatz und die Unterschrift auf der \u201eEintrittskarte\u201c gelten als vollst\u00e4ndige Annahme der Hausordnung.<\/p>\t\t\t\t\t\t\t\t<\/div>\n\t\t\t\t<div class=\"elementor-element elementor-element-0a28f91 elementor-widget elementor-widget-text-editor\" data-id=\"0a28f91\" data-element_type=\"widget\" data-e-type=\"widget\" data-widget_type=\"text-editor.default\">\n\t\t\t\t\t\t\t\t\t<ol><li>Bei der Ankunft muss jede Person an der Rezeption einen g\u00fcltigen Ausweis f\u00fcr die gesetzlich vorgeschriebene Registrierung vorlegen. Die Nichteinhaltung stellt einen Versto\u00df gegen das Strafgesetzbuch dar. Minderj\u00e4hrige werden nur in Begleitung der Eltern oder einer erziehungsberechtigten Person akzeptiert. Der Gast muss die Richtigkeit der Registrierungen \u00fcberpr\u00fcfen, Unstimmigkeiten melden und \u00c4nderungen (An- und Abreise von Personen, Wechsel der Parzelle usw.) im Voraus mitteilen.   <\/li><li>Beim Check-in \u00fcbergibt die Rezeption dem Gast zusammen mit der Preisliste und der Hausordnung eine \u201eEintrittskarte\u201c, die auf Verlangen des Personals vorzuzeigen und bei der Abreise zur\u00fcckzugeben ist. Zur Erh\u00f6hung der Sicherheit und zur Erleichterung der Kontrollen erh\u00e4lt der Gast und jedes Mitglied seiner Gruppe ein Identifikationsarmband, das w\u00e4hrend des gesamten Aufenthalts zu tragen ist. Au\u00dferdem wird f\u00fcr jedes registrierte Fahrzeug ein Fahrzeugpass ausgeh\u00e4ndigt, der gut sichtbar an der Windschutzscheibe (Beifahrerseite) anzubringen ist.  <\/li><li>Besuche m\u00fcssen an der Rezeption gemeldet und von der Direktion genehmigt werden, je nach betrieblichen Erfordernissen des Campingplatzes. Besuchern wird gegen Vorlage eines Ausweises eine kostenlose Genehmigung von einer Stunde erteilt. L\u00e4ngere Aufenthalte oder die Nutzung der Campingdienste f\u00fchren zur Berechnung des im Preisverzeichnis angegebenen TAGESBESUCHERTARIFS. Zutritte vor 08:00 Uhr und nach 21:00 Uhr sind nicht gestattet. Besuchern ist das Befahren des Campingplatzes mit motorisierten Fahrzeugen verboten. Der Gast ist verpflichtet, seine Besucher \u00fcber die Hausordnung zu informieren und haftet f\u00fcr deren Verhalten auf dem Gel\u00e4nde.     <\/li><li>G\u00e4ste, die Personen beherbergen, die nicht an der Rezeption registriert sind, werden vom Campingplatz verwiesen und k\u00f6nnen gem\u00e4\u00df den Bestimmungen des \u00f6ffentlichen Sicherheitsrechts und der Artikel 614, 624, 633 und 637 des Strafgesetzbuches angezeigt werden.<\/li><li>Mindestaufenthalt: siehe Preisliste.<\/li><li>Die Aufenthaltsdauer wird nach der Anzahl der auf dem Campingplatz verbrachten N\u00e4chte berechnet, unabh\u00e4ngig von der Ankunftszeit. Abreisen m\u00fcssen f\u00fcr Stellpl\u00e4tze bis 12:00 Uhr (10:00 Uhr f\u00fcr Gruppen) und f\u00fcr Unterk\u00fcnfte bis 10:00 Uhr (09:00 Uhr f\u00fcr Gruppen) erfolgen. Bei \u00dcberschreitung der Zeiten wird ein zus\u00e4tzlicher Tag berechnet.  <\/li><li>Die Parzelle wird von der Direktion zugewiesen. Der Gast muss seine gesamte Ausr\u00fcstung, einschlie\u00dflich der Fahrzeuge, ordentlich innerhalb der Parzelle aufstellen, ohne Gr\u00e4ben oder Vertiefungen zu graben oder Dr\u00e4hte oder Planen auszulegen. Pro Parzelle ist nur ein Stromanschluss an den vorgesehenen S\u00e4ulen erlaubt.  <\/li><li>Hunde sind willkommen, m\u00fcssen jedoch bei der Reservierung und\/oder bei der Ankunft gemeldet werden. Sie m\u00fcssen \u00fcber einen Impfpass und eine Haftpflichtversicherung verf\u00fcgen. Die Besitzer m\u00fcssen f\u00fcr Sauberkeit sorgen, die Hunde stets an der Leine f\u00fchren und darauf achten, dass sie andere G\u00e4ste nicht st\u00f6ren oder andere Parzellen betreten. Hunde sind in Unterk\u00fcnften (Bungalows\/Maxi-Caravans) nicht erlaubt und d\u00fcrfen nur in den eigens vorgesehenen Bereichen untergebracht werden. Der Zutritt zu Gemeinschaftseinrichtungen ist laut Gesundheitsbeh\u00f6rden verboten. Hunde sind f\u00fcr ihre Bed\u00fcrfnisse au\u00dferhalb des Campingplatzes, immer an der Leine, auszuf\u00fchren; die Besitzer m\u00fcssen Beutel zur Aufnahme der Ausscheidungen mitf\u00fchren. Zum Waschen der Hunde ist ausschlie\u00dflich die daf\u00fcr vorgesehene Dusche zu benutzen. Vom Gesundheitsministerium als gef\u00e4hrlich eingestufte Hunderassen werden unabh\u00e4ngig von der Gr\u00f6\u00dfe nicht akzeptiert. Die Direktion \u00fcbernimmt keine Haftung f\u00fcr Sch\u00e4den durch Haustiere.        <\/li><li>Zu jeder Tageszeit sind Verhaltensweisen, Aktivit\u00e4ten, Spiele oder Ger\u00e4te zu vermeiden, die andere G\u00e4ste st\u00f6ren k\u00f6nnten. Besonders zwischen 23:00 und 07:00 Uhr sowie zwischen 13:00 und 15:00 Uhr ist Ruhe einzuhalten. Aus organisatorischen Gr\u00fcnden bleibt das Fahrzeugtor auch zwischen 13:00 und 15:00 Uhr ge\u00f6ffnet.  <\/li><li>Kinder m\u00fcssen in Begleitung eines Erwachsenen die Sanit\u00e4ranlagen, Spielpl\u00e4tze und Schwimmb\u00e4der aufsuchen. Erwachsene sind f\u00fcr das Verhalten der minderj\u00e4hrigen Begleitpersonen verantwortlich. <\/li><li>Schwimmb\u00e4der: Die Nutzung ist kostenlos. Eine spezifische Regelung f\u00fcr die Schwimmb\u00e4der ist am Eingang derselben ausgeh\u00e4ngt. Alle G\u00e4ste werden gebeten, diese Vorschriften sowie die Anweisungen des Personals und der Rettungsschwimmer strikt einzuhalten. Die Direktion beh\u00e4lt sich vor, die \u00d6ffnungszeiten bei schlechter Witterung zu \u00e4ndern.   <\/li><li>Fahrzeuge (Autos, Wohnmobile, Motorr\u00e4der, Fahrr\u00e4der, E-Scooter) d\u00fcrfen nur zum Ein- und Ausfahren benutzt werden, mit einer Geschwindigkeit von h\u00f6chstens 5 km\/h und unter Beachtung der internen Beschilderung. Der Fahrzeugverkehr ist zwischen 23:00 und 07:00 Uhr verboten. Mopeds m\u00fcssen geschoben werden. Das Aufladen von Elektrofahrzeugen ist ausschlie\u00dflich an der daf\u00fcr vorgesehenen Lades\u00e4ule gestattet.   <\/li><li>Auf dem Campingplatz sind Elektro- und Gasgrills erlaubt. Offene Feuer sind verboten. Holzkohlegrills d\u00fcrfen nur im daf\u00fcr vorgesehenen Grillbereich verwendet werden.  <\/li><li>Die Direktion \u00fcbernimmt keine Haftung f\u00fcr verlorene oder gestohlene Gegenst\u00e4nde oder Werte sowie f\u00fcr Sch\u00e4den an Personen oder Sachen, die durch Unwetter, Hagel, herabfallende B\u00e4ume, \u00c4ste oder Zapfen oder andere Naturereignisse entstehen, sofern diese nicht auf direkte Fahrl\u00e4ssigkeit des Campingpersonals zur\u00fcckzuf\u00fchren sind.<\/li><li>Die Nutzung von Drohnen durch G\u00e4ste ist auf dem gesamten Campingplatz verboten.<\/li><\/ol>\t\t\t\t\t\t\t\t<\/div>\n\t\t\t\t<div class=\"elementor-element elementor-element-403c69b elementor-widget elementor-widget-text-editor\" data-id=\"403c69b\" data-element_type=\"widget\" data-e-type=\"widget\" data-widget_type=\"text-editor.default\">\n\t\t\t\t\t\t\t\t\t<p>Die Direktion beh\u00e4lt sich das Recht vor, G\u00e4ste von der Anlage zu verweisen, die nach eigenem Ermessen Schaden verursachen oder den ordnungsgem\u00e4\u00dfen Ablauf des Gemeinschaftslebens st\u00f6ren.<\/p>\t\t\t\t\t\t\t\t<\/div>\n\t\t\t\t<div class=\"elementor-element elementor-element-0f7b968 elementor-widget elementor-widget-text-editor\" data-id=\"0f7b968\" data-element_type=\"widget\" data-e-type=\"widget\" data-widget_type=\"text-editor.default\">\n\t\t\t\t\t\t\t\t\t<p>Ebenso kann die Direktion diese Hausordnung bei Bedarf \u00e4ndern oder erg\u00e4nzen.<\/p>\t\t\t\t\t\t\t\t<\/div>\n\t\t\t\t\t<\/div>\n\t\t\t\t<\/div>\n\t\t\t\t<\/div>\n\t\t","protected":false},"excerpt":{"rendered":"<p>Hausordnung 2026 Diese Hausordnung wird bei der Ankunft ausgeh\u00e4ndigt, am Eingang und innerhalb des Campingplatzes ausgeh\u00e4ngt und ist auch online auf unserer Website www.miramarevenezia.it verf\u00fcgbar. Der Zutritt zum Campingplatz und die Unterschrift auf der \u201eEintrittskarte\u201c gelten als vollst\u00e4ndige Annahme der Hausordnung. Bei der Ankunft muss jede Person an der Rezeption einen g\u00fcltigen Ausweis f\u00fcr die gesetzlich vorgeschriebene Registrierung vorlegen. Die Nichteinhaltung stellt einen Versto\u00df gegen das Strafgesetzbuch dar. Minderj\u00e4hrige werden nur in Begleitung der Eltern oder einer erziehungsberechtigten Person akzeptiert. Der Gast muss die Richtigkeit der Registrierungen \u00fcberpr\u00fcfen, Unstimmigkeiten melden und \u00c4nderungen (An- und Abreise von Personen, Wechsel der Parzelle usw.) im Voraus mitteilen. Beim Check-in \u00fcbergibt die Rezeption dem Gast zusammen mit der Preisliste und der Hausordnung eine \u201eEintrittskarte\u201c, die auf Verlangen des Personals vorzuzeigen und bei der Abreise zur\u00fcckzugeben ist. Zur Erh\u00f6hung der Sicherheit und zur Erleichterung der Kontrollen erh\u00e4lt der Gast und jedes Mitglied seiner Gruppe ein Identifikationsarmband, das w\u00e4hrend des gesamten Aufenthalts zu tragen ist. Au\u00dferdem wird f\u00fcr jedes registrierte Fahrzeug ein Fahrzeugpass ausgeh\u00e4ndigt, der gut sichtbar an der Windschutzscheibe (Beifahrerseite) anzubringen ist. Besuche m\u00fcssen an der Rezeption gemeldet und von der Direktion genehmigt werden, je nach betrieblichen Erfordernissen des Campingplatzes. Besuchern wird gegen Vorlage eines Ausweises eine kostenlose Genehmigung von einer Stunde erteilt. L\u00e4ngere Aufenthalte oder die Nutzung der Campingdienste f\u00fchren zur Berechnung des im Preisverzeichnis angegebenen TAGESBESUCHERTARIFS. Zutritte vor 08:00 Uhr und nach 21:00 Uhr sind nicht gestattet. Besuchern ist das Befahren des Campingplatzes mit motorisierten Fahrzeugen verboten. Der Gast ist verpflichtet, seine Besucher \u00fcber die Hausordnung zu informieren und haftet f\u00fcr deren Verhalten auf dem Gel\u00e4nde. G\u00e4ste, die Personen beherbergen, die nicht an der Rezeption registriert sind, werden vom Campingplatz verwiesen und k\u00f6nnen gem\u00e4\u00df den Bestimmungen des \u00f6ffentlichen Sicherheitsrechts und der Artikel 614, 624, 633 und 637 des Strafgesetzbuches angezeigt werden. Mindestaufenthalt: siehe Preisliste. Die Aufenthaltsdauer wird nach der Anzahl der auf dem Campingplatz verbrachten N\u00e4chte berechnet, unabh\u00e4ngig von der Ankunftszeit. Abreisen m\u00fcssen f\u00fcr Stellpl\u00e4tze bis 12:00 Uhr (10:00 Uhr f\u00fcr Gruppen) und f\u00fcr Unterk\u00fcnfte bis 10:00 Uhr (09:00 Uhr f\u00fcr Gruppen) erfolgen. Bei \u00dcberschreitung der Zeiten wird ein zus\u00e4tzlicher Tag berechnet. Die Parzelle wird von der Direktion zugewiesen. Der Gast muss seine gesamte Ausr\u00fcstung, einschlie\u00dflich der Fahrzeuge, ordentlich innerhalb der Parzelle aufstellen, ohne Gr\u00e4ben oder Vertiefungen zu graben oder Dr\u00e4hte oder Planen auszulegen. Pro Parzelle ist nur ein Stromanschluss an den vorgesehenen S\u00e4ulen erlaubt. Hunde sind willkommen, m\u00fcssen jedoch bei der Reservierung und\/oder bei der Ankunft gemeldet werden. Sie m\u00fcssen \u00fcber einen Impfpass und eine Haftpflichtversicherung verf\u00fcgen. Die Besitzer m\u00fcssen f\u00fcr Sauberkeit sorgen, die Hunde stets an der Leine f\u00fchren und darauf achten, dass sie andere G\u00e4ste nicht st\u00f6ren oder andere Parzellen betreten. Hunde sind in Unterk\u00fcnften (Bungalows\/Maxi-Caravans) nicht erlaubt und d\u00fcrfen nur in den eigens vorgesehenen Bereichen untergebracht werden. Der Zutritt zu Gemeinschaftseinrichtungen ist laut Gesundheitsbeh\u00f6rden verboten. Hunde sind f\u00fcr ihre Bed\u00fcrfnisse au\u00dferhalb des Campingplatzes, immer an der Leine, auszuf\u00fchren; die Besitzer m\u00fcssen Beutel zur Aufnahme der Ausscheidungen mitf\u00fchren. Zum Waschen der Hunde ist ausschlie\u00dflich die daf\u00fcr vorgesehene Dusche zu benutzen. Vom Gesundheitsministerium als gef\u00e4hrlich eingestufte Hunderassen werden unabh\u00e4ngig von der Gr\u00f6\u00dfe nicht akzeptiert. Die Direktion \u00fcbernimmt keine Haftung f\u00fcr Sch\u00e4den durch Haustiere. Zu jeder Tageszeit sind Verhaltensweisen, Aktivit\u00e4ten, Spiele oder Ger\u00e4te zu vermeiden, die andere G\u00e4ste st\u00f6ren k\u00f6nnten. Besonders zwischen 23:00 und 07:00 Uhr sowie zwischen 13:00 und 15:00 Uhr ist Ruhe einzuhalten. Aus organisatorischen Gr\u00fcnden bleibt das Fahrzeugtor auch zwischen 13:00 und 15:00 Uhr ge\u00f6ffnet. Kinder m\u00fcssen in Begleitung eines Erwachsenen die Sanit\u00e4ranlagen, Spielpl\u00e4tze und Schwimmb\u00e4der aufsuchen. Erwachsene sind f\u00fcr das Verhalten der minderj\u00e4hrigen Begleitpersonen verantwortlich. Schwimmb\u00e4der: Die Nutzung ist kostenlos. Eine spezifische Regelung f\u00fcr die Schwimmb\u00e4der ist am Eingang derselben ausgeh\u00e4ngt. Alle G\u00e4ste werden gebeten, diese Vorschriften sowie die Anweisungen des Personals und der Rettungsschwimmer strikt einzuhalten. Die Direktion beh\u00e4lt sich vor, die \u00d6ffnungszeiten bei schlechter Witterung zu \u00e4ndern. Fahrzeuge (Autos, Wohnmobile, Motorr\u00e4der, Fahrr\u00e4der, E-Scooter) d\u00fcrfen nur zum Ein- und Ausfahren benutzt werden, mit einer Geschwindigkeit von h\u00f6chstens 5 km\/h und unter Beachtung der internen Beschilderung. Der Fahrzeugverkehr ist zwischen 23:00 und 07:00 Uhr verboten. Mopeds m\u00fcssen geschoben werden. Das Aufladen von Elektrofahrzeugen ist ausschlie\u00dflich an der daf\u00fcr vorgesehenen Lades\u00e4ule gestattet. Auf dem Campingplatz sind Elektro- und Gasgrills erlaubt. Offene Feuer sind verboten. Holzkohlegrills d\u00fcrfen nur im daf\u00fcr vorgesehenen Grillbereich verwendet werden. Die Direktion \u00fcbernimmt keine Haftung f\u00fcr verlorene oder gestohlene Gegenst\u00e4nde oder Werte sowie f\u00fcr Sch\u00e4den an Personen oder Sachen, die durch Unwetter, Hagel, herabfallende B\u00e4ume, \u00c4ste oder Zapfen oder andere Naturereignisse entstehen, sofern diese nicht auf direkte Fahrl\u00e4ssigkeit des Campingpersonals zur\u00fcckzuf\u00fchren sind. Die Nutzung von Drohnen durch G\u00e4ste ist auf dem gesamten Campingplatz verboten. Die Direktion beh\u00e4lt sich das Recht vor, G\u00e4ste von der Anlage zu verweisen, die nach eigenem Ermessen Schaden verursachen oder den ordnungsgem\u00e4\u00dfen Ablauf des Gemeinschaftslebens st\u00f6ren. Ebenso kann die Direktion diese Hausordnung bei Bedarf \u00e4ndern oder erg\u00e4nzen.<\/p>\n","protected":false},"author":1,"featured_media":0,"parent":3264,"menu_order":0,"comment_status":"closed","ping_status":"closed","template":"","meta":{"footnotes":""},"class_list":["post-4453","page","type-page","status-publish","hentry"],"blocksy_meta":[],"_links":{"self":[{"href":"https:\/\/miramarevenezia.it\/de\/wp-json\/wp\/v2\/pages\/4453","targetHints":{"allow":["GET"]}}],"collection":[{"href":"https:\/\/miramarevenezia.it\/de\/wp-json\/wp\/v2\/pages"}],"about":[{"href":"https:\/\/miramarevenezia.it\/de\/wp-json\/wp\/v2\/types\/page"}],"author":[{"embeddable":true,"href":"https:\/\/miramarevenezia.it\/de\/wp-json\/wp\/v2\/users\/1"}],"replies":[{"embeddable":true,"href":"https:\/\/miramarevenezia.it\/de\/wp-json\/wp\/v2\/comments?post=4453"}],"version-history":[{"count":3,"href":"https:\/\/miramarevenezia.it\/de\/wp-json\/wp\/v2\/pages\/4453\/revisions"}],"predecessor-version":[{"id":4457,"href":"https:\/\/miramarevenezia.it\/de\/wp-json\/wp\/v2\/pages\/4453\/revisions\/4457"}],"up":[{"embeddable":true,"href":"https:\/\/miramarevenezia.it\/de\/wp-json\/wp\/v2\/pages\/3264"}],"wp:attachment":[{"href":"https:\/\/miramarevenezia.it\/de\/wp-json\/wp\/v2\/media?parent=4453"}],"curies":[{"name":"wp","href":"https:\/\/api.w.org\/{rel}","templated":true}]}}