{"id":2696,"date":"2026-01-29T20:52:09","date_gmt":"2026-01-29T19:52:09","guid":{"rendered":"https:\/\/miramarevenezia.it\/marches\/"},"modified":"2026-03-16T22:02:15","modified_gmt":"2026-03-16T21:02:15","slug":"marches","status":"publish","type":"page","link":"https:\/\/miramarevenezia.it\/fr\/territoire\/marches\/","title":{"rendered":"March\u00e9s"},"content":{"rendered":"\t\t<div data-elementor-type=\"wp-page\" data-elementor-id=\"2696\" class=\"elementor elementor-2696 elementor-1419\">\n\t\t\t\t<div class=\"wpr-jarallax elementor-element elementor-element-e458469 parallax-sopra wpr-jarallax-yes e-flex e-con-boxed wpr-particle-no wpr-parallax-no wpr-sticky-section-no wpr-equal-height-no e-con e-parent\" speed-data=\"1.1\" bg-image=\"https:\/\/miramarevenezia.it\/wp-content\/uploads\/35f7898f-634d-46c8-a8e3-cb24311a7483.jpg\" bg-image-mobile=\"\" scroll-effect=\"scroll\" data-id=\"e458469\" data-element_type=\"container\" data-e-type=\"container\" data-settings=\"{&quot;background_background&quot;:&quot;classic&quot;}\">\n\t\t\t\t\t<div class=\"e-con-inner\">\n\t\t\t\t<div class=\"elementor-element elementor-element-7c1df26 elementor-widget elementor-widget-heading\" data-id=\"7c1df26\" data-element_type=\"widget\" data-e-type=\"widget\" data-widget_type=\"heading.default\">\n\t\t\t\t\t<h1 class=\"elementor-heading-title elementor-size-default\">Les march\u00e9s locaux de Cavallino Treporti<\/h1>\t\t\t\t<\/div>\n\t\t\t\t\t<\/div>\n\t\t\t\t<\/div>\n\t\t<div class=\"elementor-element elementor-element-a9d570e e-flex e-con-boxed wpr-particle-no wpr-jarallax-no wpr-parallax-no wpr-sticky-section-no wpr-equal-height-no e-con e-parent\" data-id=\"a9d570e\" data-element_type=\"container\" data-e-type=\"container\">\n\t\t\t\t\t<div class=\"e-con-inner\">\n\t\t\t\t<div class=\"elementor-element elementor-element-f33ae19 elementor-widget elementor-widget-heading\" data-id=\"f33ae19\" data-element_type=\"widget\" data-e-type=\"widget\" data-widget_type=\"heading.default\">\n\t\t\t\t\t<h2 class=\"elementor-heading-title elementor-size-default\">Produits locaux, fruits, poisson et bien plus encore<\/h2>\t\t\t\t<\/div>\n\t\t\t\t<div class=\"elementor-element elementor-element-0ffc42d elementor-widget elementor-widget-text-editor\" data-id=\"0ffc42d\" data-element_type=\"widget\" data-e-type=\"widget\" data-widget_type=\"text-editor.default\">\n\t\t\t\t\t\t\t\t\t<p>L\u2019un des points forts de la V\u00e9n\u00e9tie et de Cavallino Treporti r\u00e9side dans ses produits, aim\u00e9s par la population locale et recherch\u00e9s par les touristes de toute l\u2019Europe qui choisissent de s\u00e9journer ici, au Camping Village Miramare.<\/p>\t\t\t\t\t\t\t\t<\/div>\n\t\t\t\t\t<\/div>\n\t\t\t\t<\/div>\n\t\t<div class=\"elementor-element elementor-element-b6b5b97 e-flex e-con-boxed wpr-particle-no wpr-jarallax-no wpr-parallax-no wpr-sticky-section-no wpr-equal-height-no e-con e-parent\" data-id=\"b6b5b97\" data-element_type=\"container\" data-e-type=\"container\" data-settings=\"{&quot;background_background&quot;:&quot;classic&quot;}\">\n\t\t\t\t\t<div class=\"e-con-inner\">\n\t\t<div class=\"elementor-element elementor-element-f4e53da e-con-full e-flex wpr-particle-no wpr-jarallax-no wpr-parallax-no wpr-sticky-section-no wpr-equal-height-no e-con e-child\" data-id=\"f4e53da\" data-element_type=\"container\" data-e-type=\"container\" data-settings=\"{&quot;background_background&quot;:&quot;classic&quot;}\">\n\t\t<div class=\"elementor-element elementor-element-cb110df e-con-full e-flex wpr-particle-no wpr-jarallax-no wpr-parallax-no wpr-sticky-section-no wpr-equal-height-no e-con e-child\" data-id=\"cb110df\" data-element_type=\"container\" data-e-type=\"container\">\n\t\t\t\t<div class=\"elementor-element elementor-element-575cfe0 elementor-widget elementor-widget-text-editor\" data-id=\"575cfe0\" data-element_type=\"widget\" data-e-type=\"widget\" data-widget_type=\"text-editor.default\">\n\t\t\t\t\t\t\t\t\t<p>Entre Cavallino, Ca&rsquo; Savio et Treporti, plusieurs rendez-vous avec les march\u00e9s locaux ont lieu chaque semaine, o\u00f9 tu peux trouver : <strong>des fruits, des l\u00e9gumes, du poisson frais du jour, des tissus, des v\u00eatements et des objets divers<\/strong>.<\/p><p>Se promener parmi les \u00e9tals est sans aucun doute une exp\u00e9rience \u00e0 ne pas manquer si tu souhaites d\u00e9couvrir des <strong>produits authentiques<\/strong> et te sentir int\u00e9gr\u00e9 au territoire en \u00e9coutant les vendeurs raconter des curiosit\u00e9s et des anecdotes capables de t\u2019immerger dans l\u2019atmosph\u00e8re de la lagune de Venise.<\/p><p>En plus de satisfaire ton palais, tu peux aussi acheter dans les march\u00e9s locaux des <strong>cadeaux et des souvenirs<\/strong> \u00e0 rapporter aux personnes que tu aimes.<\/p>\t\t\t\t\t\t\t\t<\/div>\n\t\t\t\t<\/div>\n\t\t<div class=\"elementor-element elementor-element-f6115bb e-con-full e-grid wpr-particle-no wpr-jarallax-no wpr-parallax-no wpr-sticky-section-no wpr-equal-height-no e-con e-child\" data-id=\"f6115bb\" data-element_type=\"container\" data-e-type=\"container\">\n\t\t<div class=\"elementor-element elementor-element-2f85744 e-con-full e-flex wpr-particle-no wpr-jarallax-no wpr-parallax-no wpr-sticky-section-no wpr-equal-height-no e-con e-child\" data-id=\"2f85744\" data-element_type=\"container\" data-e-type=\"container\">\n\t\t<div class=\"elementor-element elementor-element-050d07b e-con-full e-flex wpr-particle-no wpr-jarallax-no wpr-parallax-no wpr-sticky-section-no wpr-equal-height-no e-con e-child\" data-id=\"050d07b\" data-element_type=\"container\" data-e-type=\"container\" data-settings=\"{&quot;background_background&quot;:&quot;classic&quot;}\">\n\t\t\t\t<\/div>\n\t\t<div class=\"elementor-element elementor-element-2dd8540 e-con-full e-flex wpr-particle-no wpr-jarallax-no wpr-parallax-no wpr-sticky-section-no wpr-equal-height-no e-con e-child\" data-id=\"2dd8540\" data-element_type=\"container\" data-e-type=\"container\" data-settings=\"{&quot;background_background&quot;:&quot;classic&quot;}\">\n\t\t\t\t<\/div>\n\t\t\t\t<\/div>\n\t\t<div class=\"elementor-element elementor-element-5486cef e-con-full e-flex wpr-particle-no wpr-jarallax-no wpr-parallax-no wpr-sticky-section-no wpr-equal-height-no e-con e-child\" data-id=\"5486cef\" data-element_type=\"container\" data-e-type=\"container\">\n\t\t<div class=\"elementor-element elementor-element-f73e171 e-con-full e-flex wpr-particle-no wpr-jarallax-no wpr-parallax-no wpr-sticky-section-no wpr-equal-height-no e-con e-child\" data-id=\"f73e171\" data-element_type=\"container\" data-e-type=\"container\" data-settings=\"{&quot;background_background&quot;:&quot;classic&quot;}\">\n\t\t\t\t<\/div>\n\t\t\t\t<\/div>\n\t\t\t\t<\/div>\n\t\t\t\t<\/div>\n\t\t<div class=\"elementor-element elementor-element-67269bb e-con-full e-flex wpr-particle-no wpr-jarallax-no wpr-parallax-no wpr-sticky-section-no wpr-equal-height-no e-con e-child\" data-id=\"67269bb\" data-element_type=\"container\" data-e-type=\"container\" data-settings=\"{&quot;background_background&quot;:&quot;classic&quot;}\">\n\t\t<div class=\"elementor-element elementor-element-22522ed e-con-full e-flex wpr-particle-no wpr-jarallax-no wpr-parallax-no wpr-sticky-section-no wpr-equal-height-no e-con e-child\" data-id=\"22522ed\" data-element_type=\"container\" data-e-type=\"container\">\n\t\t\t\t<div class=\"elementor-element elementor-element-49e7713 elementor-widget elementor-widget-heading\" data-id=\"49e7713\" data-element_type=\"widget\" data-e-type=\"widget\" data-widget_type=\"heading.default\">\n\t\t\t\t\t<h2 class=\"elementor-heading-title elementor-size-default\">Le march\u00e9 du Rialto<\/h2>\t\t\t\t<\/div>\n\t\t\t\t<div class=\"elementor-element elementor-element-388f3f0 elementor-widget elementor-widget-text-editor\" data-id=\"388f3f0\" data-element_type=\"widget\" data-e-type=\"widget\" data-widget_type=\"text-editor.default\">\n\t\t\t\t\t\t\t\t\t<p>Pour ceux qui souhaitent explorer encore plus en profondeur les sp\u00e9cialit\u00e9s locales, une visite au c\u00e9l\u00e8bre <strong>march\u00e9 du Rialto \u00e0 Venise<\/strong> en vaut la peine ; c\u2019est <strong>l\u2019un des march\u00e9s historiques les plus authentiques de la ville<\/strong>, o\u00f9 se m\u00ealent couleurs, parfums et produits typiques de la lagune.<\/p><p>Ici, le <strong>march\u00e9 aux poissons<\/strong> est actif du mardi au samedi t\u00f4t le matin (g\u00e9n\u00e9ralement de 7h00\/7h30 jusqu\u2019\u00e0 environ 12h00\/14h00), tandis que le <strong>march\u00e9 aux fruits et l\u00e9gumes<\/strong> adjacent est ouvert du lundi au samedi, \u00e9galement le matin.<\/p><p>Fl\u00e2ner entre les \u00e9tals du march\u00e9 du Rialto est une exp\u00e9rience unique pour voir comment les V\u00e9nitiens choisissent les produits tr\u00e8s frais du jour et pour admirer de pr\u00e8s la tradition culinaire locale avant de te diriger vers les ruelles et les canaux de la ville.<\/p>\t\t\t\t\t\t\t\t<\/div>\n\t\t\t\t<\/div>\n\t\t<div class=\"elementor-element elementor-element-ad46912 e-con-full e-grid wpr-particle-no wpr-jarallax-no wpr-parallax-no wpr-sticky-section-no wpr-equal-height-no e-con e-child\" data-id=\"ad46912\" data-element_type=\"container\" data-e-type=\"container\">\n\t\t<div class=\"elementor-element elementor-element-1a4c2d2 e-con-full e-flex wpr-particle-no wpr-jarallax-no wpr-parallax-no wpr-sticky-section-no wpr-equal-height-no e-con e-child\" data-id=\"1a4c2d2\" data-element_type=\"container\" data-e-type=\"container\">\n\t\t<div class=\"elementor-element elementor-element-c616275 e-con-full e-flex wpr-particle-no wpr-jarallax-no wpr-parallax-no wpr-sticky-section-no wpr-equal-height-no e-con e-child\" data-id=\"c616275\" data-element_type=\"container\" data-e-type=\"container\" data-settings=\"{&quot;background_background&quot;:&quot;classic&quot;}\">\n\t\t\t\t<\/div>\n\t\t\t\t<\/div>\n\t\t<div class=\"elementor-element elementor-element-cbeea21 e-con-full e-flex wpr-particle-no wpr-jarallax-no wpr-parallax-no wpr-sticky-section-no wpr-equal-height-no e-con e-child\" data-id=\"cbeea21\" data-element_type=\"container\" data-e-type=\"container\">\n\t\t<div class=\"elementor-element elementor-element-3c49ca0 e-con-full e-flex wpr-particle-no wpr-jarallax-no wpr-parallax-no wpr-sticky-section-no wpr-equal-height-no e-con e-child\" data-id=\"3c49ca0\" data-element_type=\"container\" data-e-type=\"container\" data-settings=\"{&quot;background_background&quot;:&quot;classic&quot;}\">\n\t\t\t\t<\/div>\n\t\t\t\t<\/div>\n\t\t\t\t<\/div>\n\t\t\t\t<\/div>\n\t\t\t\t\t<\/div>\n\t\t\t\t<\/div>\n\t\t\t\t<\/div>\n\t\t","protected":false},"excerpt":{"rendered":"<p>Les march\u00e9s locaux de Cavallino Treporti Produits locaux, fruits, poisson et bien plus encore L\u2019un des points forts de la V\u00e9n\u00e9tie et de Cavallino Treporti r\u00e9side dans ses produits, aim\u00e9s par la population locale et recherch\u00e9s par les touristes de toute l\u2019Europe qui choisissent de s\u00e9journer ici, au Camping Village Miramare. Entre Cavallino, Ca&rsquo; Savio et Treporti, plusieurs rendez-vous avec les march\u00e9s locaux ont lieu chaque semaine, o\u00f9 tu peux trouver : des fruits, des l\u00e9gumes, du poisson frais du jour, des tissus, des v\u00eatements et des objets divers. Se promener parmi les \u00e9tals est sans aucun doute une exp\u00e9rience \u00e0 ne pas manquer si tu souhaites d\u00e9couvrir des produits authentiques et te sentir int\u00e9gr\u00e9 au territoire en \u00e9coutant les vendeurs raconter des curiosit\u00e9s et des anecdotes capables de t\u2019immerger dans l\u2019atmosph\u00e8re de la lagune de Venise. En plus de satisfaire ton palais, tu peux aussi acheter dans les march\u00e9s locaux des cadeaux et des souvenirs \u00e0 rapporter aux personnes que tu aimes. Le march\u00e9 du Rialto Pour ceux qui souhaitent explorer encore plus en profondeur les sp\u00e9cialit\u00e9s locales, une visite au c\u00e9l\u00e8bre march\u00e9 du Rialto \u00e0 Venise en vaut la peine ; c\u2019est l\u2019un des march\u00e9s historiques les plus authentiques de la ville, o\u00f9 se m\u00ealent couleurs, parfums et produits typiques de la lagune. Ici, le march\u00e9 aux poissons est actif du mardi au samedi t\u00f4t le matin (g\u00e9n\u00e9ralement de 7h00\/7h30 jusqu\u2019\u00e0 environ 12h00\/14h00), tandis que le march\u00e9 aux fruits et l\u00e9gumes adjacent est ouvert du lundi au samedi, \u00e9galement le matin. Fl\u00e2ner entre les \u00e9tals du march\u00e9 du Rialto est une exp\u00e9rience unique pour voir comment les V\u00e9nitiens choisissent les produits tr\u00e8s frais du jour et pour admirer de pr\u00e8s la tradition culinaire locale avant de te diriger vers les ruelles et les canaux de la ville.<\/p>\n","protected":false},"author":1,"featured_media":2702,"parent":3280,"menu_order":0,"comment_status":"closed","ping_status":"closed","template":"","meta":{"footnotes":""},"class_list":["post-2696","page","type-page","status-publish","has-post-thumbnail","hentry"],"blocksy_meta":[],"_links":{"self":[{"href":"https:\/\/miramarevenezia.it\/fr\/wp-json\/wp\/v2\/pages\/2696","targetHints":{"allow":["GET"]}}],"collection":[{"href":"https:\/\/miramarevenezia.it\/fr\/wp-json\/wp\/v2\/pages"}],"about":[{"href":"https:\/\/miramarevenezia.it\/fr\/wp-json\/wp\/v2\/types\/page"}],"author":[{"embeddable":true,"href":"https:\/\/miramarevenezia.it\/fr\/wp-json\/wp\/v2\/users\/1"}],"replies":[{"embeddable":true,"href":"https:\/\/miramarevenezia.it\/fr\/wp-json\/wp\/v2\/comments?post=2696"}],"version-history":[{"count":4,"href":"https:\/\/miramarevenezia.it\/fr\/wp-json\/wp\/v2\/pages\/2696\/revisions"}],"predecessor-version":[{"id":4277,"href":"https:\/\/miramarevenezia.it\/fr\/wp-json\/wp\/v2\/pages\/2696\/revisions\/4277"}],"up":[{"embeddable":true,"href":"https:\/\/miramarevenezia.it\/fr\/wp-json\/wp\/v2\/pages\/3280"}],"wp:featuredmedia":[{"embeddable":true,"href":"https:\/\/miramarevenezia.it\/fr\/wp-json\/wp\/v2\/media\/2702"}],"wp:attachment":[{"href":"https:\/\/miramarevenezia.it\/fr\/wp-json\/wp\/v2\/media?parent=2696"}],"curies":[{"name":"wp","href":"https:\/\/api.w.org\/{rel}","templated":true}]}}