{"id":2825,"date":"2026-01-22T14:31:55","date_gmt":"2026-01-22T13:31:55","guid":{"rendered":"https:\/\/miramarevenezia.it\/offres\/"},"modified":"2026-03-15T17:40:21","modified_gmt":"2026-03-15T16:40:21","slug":"offres","status":"publish","type":"page","link":"https:\/\/miramarevenezia.it\/fr\/offres\/","title":{"rendered":"Offres"},"content":{"rendered":"\t\t<div data-elementor-type=\"wp-page\" data-elementor-id=\"2825\" class=\"elementor elementor-2825 elementor-1115\">\n\t\t\t\t<div class=\"wpr-jarallax elementor-element elementor-element-e458469 parallax-sopra wpr-jarallax-yes e-flex e-con-boxed wpr-particle-no wpr-parallax-no wpr-sticky-section-no wpr-equal-height-no e-con e-parent\" speed-data=\"1.1\" bg-image=\"https:\/\/miramarevenezia.it\/wp-content\/uploads\/viale-fiorito-venezia.jpg\" bg-image-mobile=\"\" scroll-effect=\"scroll\" data-id=\"e458469\" data-element_type=\"container\" data-e-type=\"container\" data-settings=\"{&quot;background_background&quot;:&quot;classic&quot;}\">\n\t\t\t\t\t<div class=\"e-con-inner\">\n\t\t\t\t<div class=\"elementor-element elementor-element-7c1df26 elementor-widget elementor-widget-heading\" data-id=\"7c1df26\" data-element_type=\"widget\" data-e-type=\"widget\" data-widget_type=\"heading.default\">\n\t\t\t\t\t<h1 class=\"elementor-heading-title elementor-size-default\">Offres vacances \u00e0 Venise<\/h1>\t\t\t\t<\/div>\n\t\t\t\t\t<\/div>\n\t\t\t\t<\/div>\n\t\t<div class=\"elementor-element elementor-element-a9d570e e-flex e-con-boxed wpr-particle-no wpr-jarallax-no wpr-parallax-no wpr-sticky-section-no wpr-equal-height-no e-con e-parent\" data-id=\"a9d570e\" data-element_type=\"container\" data-e-type=\"container\">\n\t\t\t\t\t<div class=\"e-con-inner\">\n\t\t\t\t<div class=\"elementor-element elementor-element-f33ae19 elementor-widget elementor-widget-heading\" data-id=\"f33ae19\" data-element_type=\"widget\" data-e-type=\"widget\" data-widget_type=\"heading.default\">\n\t\t\t\t\t<h2 class=\"elementor-heading-title elementor-size-default\">Forfaits et offres sp\u00e9ciales pour les vacances en Camping Village \u00e0 Venise<\/h2>\t\t\t\t<\/div>\n\t\t\t\t<div class=\"elementor-element elementor-element-0ffc42d elementor-widget elementor-widget-text-editor\" data-id=\"0ffc42d\" data-element_type=\"widget\" data-e-type=\"widget\" data-widget_type=\"text-editor.default\">\n\t\t\t\t\t\t\t\t\t<p>D\u00e9couvre toutes les opportunit\u00e9s pour vivre <strong>des vacances \u00e0 Venise<\/strong> : que ton id\u00e9e soit de visiter la ville, de profiter de la plage et de la mer ou d&rsquo;explorer le territoire, au Camping Village Miramare de Cavallino Treporti tu trouveras ton <strong>forfait vacances sur mesure<\/strong>.<\/p>\t\t\t\t\t\t\t\t<\/div>\n\t\t\t\t\t<\/div>\n\t\t\t\t<\/div>\n\t\t<div class=\"elementor-element elementor-element-abfb568 e-flex e-con-boxed wpr-particle-no wpr-jarallax-no wpr-parallax-no wpr-sticky-section-no wpr-equal-height-no e-con e-parent\" data-id=\"abfb568\" data-element_type=\"container\" data-e-type=\"container\">\n\t\t\t\t\t<div class=\"e-con-inner\">\n\t\t\t\t<div class=\"elementor-element elementor-element-a2430c3 elementor-grid-eael-col-3 elementor-grid-tablet-eael-col-2 elementor-grid-mobile-eael-col-1 elementor-widget elementor-widget-eael-post-grid\" data-id=\"a2430c3\" data-element_type=\"widget\" data-e-type=\"widget\" data-settings=\"{&quot;eael_post_grid_columns&quot;:&quot;eael-col-3&quot;,&quot;eael_post_grid_columns_tablet&quot;:&quot;eael-col-2&quot;,&quot;eael_post_grid_columns_mobile&quot;:&quot;eael-col-1&quot;}\" data-widget_type=\"eael-post-grid.default\">\n\t\t\t\t\t<div id=\"eael-post-grid-a2430c3\" class=\"eael-post-grid-container\">\n            <div class=\"eael-post-grid eael-post-appender eael-post-appender-a2430c3 eael-post-grid-style-one\" data-layout-mode=\"grid\"><article class=\"eael-grid-post  eael-post-grid-column eael-pg-post-3374\" data-id=\"3374\">\n        <div class=\"eael-grid-post-holder\">\n            <div class=\"eael-grid-post-holder-inner\"><div class=\"eael-entry-media\"><div class=\"eael-entry-overlay fade-in\"><i class=\"fas fa-long-arrow-alt-right\" aria-hidden=\"true\"><\/i><a href=\"https:\/\/miramarevenezia.it\/fr\/offerte-venezia\/long-sejour-offre-speciale-pour-les-sejours-prolonges\/\"><\/a><\/div><div class=\"eael-entry-thumbnail \">\n                <img fetchpriority=\"high\" decoding=\"async\" width=\"858\" height=\"578\" src=\"https:\/\/miramarevenezia.it\/wp-content\/uploads\/sconti-long-stay-3.jpg\" class=\"attachment-large size-large wp-image-4185\" alt=\"\" srcset=\"https:\/\/miramarevenezia.it\/wp-content\/uploads\/sconti-long-stay-3.jpg 858w, https:\/\/miramarevenezia.it\/wp-content\/uploads\/sconti-long-stay-3-300x202.jpg 300w, https:\/\/miramarevenezia.it\/wp-content\/uploads\/sconti-long-stay-3-768x517.jpg 768w\" sizes=\"(max-width: 858px) 100vw, 858px\" \/>\n            <\/div>\n        <\/div><div class=\"eael-entry-wrapper\"><header class=\"eael-entry-header\"><h2 class=\"eael-entry-title\"><a class=\"eael-grid-post-link\" href=\"https:\/\/miramarevenezia.it\/fr\/offerte-venezia\/long-sejour-offre-speciale-pour-les-sejours-prolonges\/\" title=\"Long s\u00e9jour : offre sp\u00e9ciale pour les s\u00e9jours prolong\u00e9s\">Long s\u00e9jour : offre sp\u00e9ciale pour les s\u00e9jours prolong\u00e9s<\/a><\/h2><\/header><div class=\"eael-entry-content\">\n                        <div class=\"eael-grid-post-excerpt\"><a href=\"https:\/\/miramarevenezia.it\/fr\/offerte-venezia\/long-sejour-offre-speciale-pour-les-sejours-prolonges\/\" class=\"eael-post-elements-readmore-btn\">D\u00e9couvre l'offre<\/a><\/div>\n                    <\/div><\/div><\/div>\n        <\/div>\n    <\/article><\/div>\n            <div class=\"clearfix\"><\/div>\n        <\/div>\t\t\t\t<\/div>\n\t\t\t\t\t<\/div>\n\t\t\t\t<\/div>\n\t\t\t\t<\/div>\n\t\t","protected":false},"excerpt":{"rendered":"<p>Offres vacances \u00e0 Venise Forfaits et offres sp\u00e9ciales pour les vacances en Camping Village \u00e0 Venise D\u00e9couvre toutes les opportunit\u00e9s pour vivre des vacances \u00e0 Venise : que ton id\u00e9e soit de visiter la ville, de profiter de la plage et de la mer ou d&rsquo;explorer le territoire, au Camping Village Miramare de Cavallino Treporti tu trouveras ton forfait vacances sur mesure. Long s\u00e9jour : offre sp\u00e9ciale pour les s\u00e9jours prolong\u00e9s D\u00e9couvre l&rsquo;offre<\/p>\n","protected":false},"author":1,"featured_media":0,"parent":0,"menu_order":0,"comment_status":"closed","ping_status":"closed","template":"","meta":{"footnotes":""},"class_list":["post-2825","page","type-page","status-publish","hentry"],"blocksy_meta":[],"_links":{"self":[{"href":"https:\/\/miramarevenezia.it\/fr\/wp-json\/wp\/v2\/pages\/2825","targetHints":{"allow":["GET"]}}],"collection":[{"href":"https:\/\/miramarevenezia.it\/fr\/wp-json\/wp\/v2\/pages"}],"about":[{"href":"https:\/\/miramarevenezia.it\/fr\/wp-json\/wp\/v2\/types\/page"}],"author":[{"embeddable":true,"href":"https:\/\/miramarevenezia.it\/fr\/wp-json\/wp\/v2\/users\/1"}],"replies":[{"embeddable":true,"href":"https:\/\/miramarevenezia.it\/fr\/wp-json\/wp\/v2\/comments?post=2825"}],"version-history":[{"count":4,"href":"https:\/\/miramarevenezia.it\/fr\/wp-json\/wp\/v2\/pages\/2825\/revisions"}],"predecessor-version":[{"id":4188,"href":"https:\/\/miramarevenezia.it\/fr\/wp-json\/wp\/v2\/pages\/2825\/revisions\/4188"}],"wp:attachment":[{"href":"https:\/\/miramarevenezia.it\/fr\/wp-json\/wp\/v2\/media?parent=2825"}],"curies":[{"name":"wp","href":"https:\/\/api.w.org\/{rel}","templated":true}]}}