{"id":2928,"date":"2026-01-21T12:10:40","date_gmt":"2026-01-21T11:10:40","guid":{"rendered":"https:\/\/miramarevenezia.it\/clima-card\/"},"modified":"2026-03-10T20:34:02","modified_gmt":"2026-03-10T19:34:02","slug":"clima-card","status":"publish","type":"page","link":"https:\/\/miramarevenezia.it\/fr\/services\/clima-card\/","title":{"rendered":"Clima Card"},"content":{"rendered":"\t\t<div data-elementor-type=\"wp-page\" data-elementor-id=\"2928\" class=\"elementor elementor-2928 elementor-1012\">\n\t\t\t\t<div class=\"wpr-jarallax elementor-element elementor-element-e458469 parallax-sopra wpr-jarallax-yes e-flex e-con-boxed wpr-particle-no wpr-parallax-no wpr-sticky-section-no wpr-equal-height-no e-con e-parent\" speed-data=\"1.1\" bg-image=\"https:\/\/miramarevenezia.it\/wp-content\/uploads\/viale-fiorito-venezia.jpg\" bg-image-mobile=\"\" scroll-effect=\"scroll\" data-id=\"e458469\" data-element_type=\"container\" data-e-type=\"container\" data-settings=\"{&quot;background_background&quot;:&quot;classic&quot;}\">\n\t\t\t\t\t<div class=\"e-con-inner\">\n\t\t\t\t<div class=\"elementor-element elementor-element-7c1df26 elementor-widget elementor-widget-heading\" data-id=\"7c1df26\" data-element_type=\"widget\" data-e-type=\"widget\" data-widget_type=\"heading.default\">\n\t\t\t\t\t<h1 class=\"elementor-heading-title elementor-size-default\">ClimaCard<\/h1>\t\t\t\t<\/div>\n\t\t\t\t\t<\/div>\n\t\t\t\t<\/div>\n\t\t<div class=\"elementor-element elementor-element-a9d570e e-flex e-con-boxed wpr-particle-no wpr-jarallax-no wpr-parallax-no wpr-sticky-section-no wpr-equal-height-no e-con e-parent\" data-id=\"a9d570e\" data-element_type=\"container\" data-e-type=\"container\">\n\t\t\t\t\t<div class=\"e-con-inner\">\n\t\t\t\t<div class=\"elementor-element elementor-element-f33ae19 elementor-widget elementor-widget-heading\" data-id=\"f33ae19\" data-element_type=\"widget\" data-e-type=\"widget\" data-widget_type=\"heading.default\">\n\t\t\t\t\t<h2 class=\"elementor-heading-title elementor-size-default\">Les \u00e9conomies d'\u00e9nergie en vacances<\/h2>\t\t\t\t<\/div>\n\t\t\t\t<div class=\"elementor-element elementor-element-0ffc42d elementor-widget elementor-widget-text-editor\" data-id=\"0ffc42d\" data-element_type=\"widget\" data-e-type=\"widget\" data-widget_type=\"text-editor.default\">\n\t\t\t\t\t\t\t\t\t<p>Des vacances en camping et village doivent \u00eatre <strong>synonymes de nature et de respect pour l&rsquo;environnement qui nous accueille<\/strong>.<\/p><p>Pour cette raison, afin de favoriser <strong>la durabilit\u00e9 environnementale et les \u00e9conomies d&rsquo;\u00e9nergie<\/strong>, au Camping Village Miramare de Cavallino Treporti, nous avons \u00e9quip\u00e9 nos h\u00e9bergements (bungalows et maxi-caravanes) d&rsquo;un syst\u00e8me de climatisation (air conditionn\u00e9 \/ chauffage) activable uniquement par l&rsquo;utilisation d&rsquo;une CLIMACARD pr\u00e9charg\u00e9e.<\/p>\t\t\t\t\t\t\t\t<\/div>\n\t\t\t\t<div class=\"elementor-element elementor-element-a5c4d2e elementor-widget elementor-widget-heading\" data-id=\"a5c4d2e\" data-element_type=\"widget\" data-e-type=\"widget\" data-widget_type=\"heading.default\">\n\t\t\t\t\t<h4 class=\"elementor-heading-title elementor-size-default\">Aide-nous \u00e0 respecter et \u00e0 valoriser l'environnement et \u00e0 r\u00e9duire la consommation d'\u00e9nergie.<\/h4>\t\t\t\t<\/div>\n\t\t\t\t\t<\/div>\n\t\t\t\t<\/div>\n\t\t<div class=\"elementor-element elementor-element-b6b5b97 e-flex e-con-boxed wpr-particle-no wpr-jarallax-no wpr-parallax-no wpr-sticky-section-no wpr-equal-height-no e-con e-parent\" data-id=\"b6b5b97\" data-element_type=\"container\" data-e-type=\"container\" data-settings=\"{&quot;background_background&quot;:&quot;classic&quot;}\">\n\t\t\t\t\t<div class=\"e-con-inner\">\n\t\t<div class=\"elementor-element elementor-element-f4e53da e-con-full e-flex wpr-particle-no wpr-jarallax-no wpr-parallax-no wpr-sticky-section-no wpr-equal-height-no e-con e-child\" data-id=\"f4e53da\" data-element_type=\"container\" data-e-type=\"container\" data-settings=\"{&quot;background_background&quot;:&quot;classic&quot;}\">\n\t\t<div class=\"elementor-element elementor-element-cb110df e-con-full e-flex wpr-particle-no wpr-jarallax-no wpr-parallax-no wpr-sticky-section-no wpr-equal-height-no e-con e-child\" data-id=\"cb110df\" data-element_type=\"container\" data-e-type=\"container\">\n\t\t\t\t<div class=\"elementor-element elementor-element-098f38e elementor-widget elementor-widget-heading\" data-id=\"098f38e\" data-element_type=\"widget\" data-e-type=\"widget\" data-widget_type=\"heading.default\">\n\t\t\t\t\t<h2 class=\"elementor-heading-title elementor-size-default\">Comment fonctionne la CLIMACARD<\/h2>\t\t\t\t<\/div>\n\t\t\t\t<div class=\"elementor-element elementor-element-9ff1048 elementor-widget elementor-widget-text-editor\" data-id=\"9ff1048\" data-element_type=\"widget\" data-e-type=\"widget\" data-widget_type=\"text-editor.default\">\n\t\t\t\t\t\t\t\t\t<p><strong>Au moment de l&rsquo;enregistrement<\/strong>, tu recevras (moyennant une caution de 20 \u20ac) une carte CLIMACARD pr\u00e9charg\u00e9e avec le temps d&rsquo;utilisation du climatiseur disponible pour ton s\u00e9jour.<\/p><p>Pour chaque jour de s\u00e9jour, la carte est pr\u00e9charg\u00e9e avec <strong>10 heures d&rsquo;utilisation par jour<\/strong> et le total des heures peut \u00eatre utilis\u00e9 librement pendant toutes les vacances.<\/p><p><em>Par exemple<\/em><br><em>S\u00e9jour de 7 nuits : 10 x 7 = 70 heures totales d&rsquo;utilisation du climatiseur.<\/em><\/p><p>La carte doit \u00eatre ins\u00e9r\u00e9e dans le lecteur positionn\u00e9 sur le thermostat et, uniquement lorsque le climatiseur fonctionne, la carte se d\u00e9charge progressivement du temps charg\u00e9, en comptant les minutes, jusqu&rsquo;\u00e0 \u00e9puisement.<\/p><p>Une fois \u00e9puis\u00e9e, la carte peut \u00eatre recharg\u00e9e \u00e0 la r\u00e9ception (7 \u20ac pour 10 heures d&rsquo;utilisation).<\/p><p><strong>N&rsquo;oublie pas d&rsquo;utiliser le climatiseur uniquement si n\u00e9cessaire<\/strong> (de pr\u00e9f\u00e9rence uniquement lorsque tu es \u00e0 l&rsquo;int\u00e9rieur de l&rsquo;h\u00e9bergement), en fermant portes et fen\u00eatres.<\/p>\t\t\t\t\t\t\t\t<\/div>\n\t\t\t\t<\/div>\n\t\t\t\t<\/div>\n\t\t\t\t\t<\/div>\n\t\t\t\t<\/div>\n\t\t\t\t<\/div>\n\t\t","protected":false},"excerpt":{"rendered":"<p>ClimaCard Les \u00e9conomies d&rsquo;\u00e9nergie en vacances Des vacances en camping et village doivent \u00eatre synonymes de nature et de respect pour l&rsquo;environnement qui nous accueille. Pour cette raison, afin de favoriser la durabilit\u00e9 environnementale et les \u00e9conomies d&rsquo;\u00e9nergie, au Camping Village Miramare de Cavallino Treporti, nous avons \u00e9quip\u00e9 nos h\u00e9bergements (bungalows et maxi-caravanes) d&rsquo;un syst\u00e8me de climatisation (air conditionn\u00e9 \/ chauffage) activable uniquement par l&rsquo;utilisation d&rsquo;une CLIMACARD pr\u00e9charg\u00e9e. Aide-nous \u00e0 respecter et \u00e0 valoriser l&rsquo;environnement et \u00e0 r\u00e9duire la consommation d&rsquo;\u00e9nergie. Comment fonctionne la CLIMACARD Au moment de l&rsquo;enregistrement, tu recevras (moyennant une caution de 20 \u20ac) une carte CLIMACARD pr\u00e9charg\u00e9e avec le temps d&rsquo;utilisation du climatiseur disponible pour ton s\u00e9jour. Pour chaque jour de s\u00e9jour, la carte est pr\u00e9charg\u00e9e avec 10 heures d&rsquo;utilisation par jour et le total des heures peut \u00eatre utilis\u00e9 librement pendant toutes les vacances. Par exempleS\u00e9jour de 7 nuits : 10 x 7 = 70 heures totales d&rsquo;utilisation du climatiseur. La carte doit \u00eatre ins\u00e9r\u00e9e dans le lecteur positionn\u00e9 sur le thermostat et, uniquement lorsque le climatiseur fonctionne, la carte se d\u00e9charge progressivement du temps charg\u00e9, en comptant les minutes, jusqu&rsquo;\u00e0 \u00e9puisement. Une fois \u00e9puis\u00e9e, la carte peut \u00eatre recharg\u00e9e \u00e0 la r\u00e9ception (7 \u20ac pour 10 heures d&rsquo;utilisation). N&rsquo;oublie pas d&rsquo;utiliser le climatiseur uniquement si n\u00e9cessaire (de pr\u00e9f\u00e9rence uniquement lorsque tu es \u00e0 l&rsquo;int\u00e9rieur de l&rsquo;h\u00e9bergement), en fermant portes et fen\u00eatres.<\/p>\n","protected":false},"author":1,"featured_media":0,"parent":2989,"menu_order":0,"comment_status":"closed","ping_status":"closed","template":"","meta":{"footnotes":""},"class_list":["post-2928","page","type-page","status-publish","hentry"],"blocksy_meta":[],"_links":{"self":[{"href":"https:\/\/miramarevenezia.it\/fr\/wp-json\/wp\/v2\/pages\/2928","targetHints":{"allow":["GET"]}}],"collection":[{"href":"https:\/\/miramarevenezia.it\/fr\/wp-json\/wp\/v2\/pages"}],"about":[{"href":"https:\/\/miramarevenezia.it\/fr\/wp-json\/wp\/v2\/types\/page"}],"author":[{"embeddable":true,"href":"https:\/\/miramarevenezia.it\/fr\/wp-json\/wp\/v2\/users\/1"}],"replies":[{"embeddable":true,"href":"https:\/\/miramarevenezia.it\/fr\/wp-json\/wp\/v2\/comments?post=2928"}],"version-history":[{"count":1,"href":"https:\/\/miramarevenezia.it\/fr\/wp-json\/wp\/v2\/pages\/2928\/revisions"}],"predecessor-version":[{"id":2930,"href":"https:\/\/miramarevenezia.it\/fr\/wp-json\/wp\/v2\/pages\/2928\/revisions\/2930"}],"up":[{"embeddable":true,"href":"https:\/\/miramarevenezia.it\/fr\/wp-json\/wp\/v2\/pages\/2989"}],"wp:attachment":[{"href":"https:\/\/miramarevenezia.it\/fr\/wp-json\/wp\/v2\/media?parent=2928"}],"curies":[{"name":"wp","href":"https:\/\/api.w.org\/{rel}","templated":true}]}}