{"id":3131,"date":"2026-01-11T17:01:36","date_gmt":"2026-01-11T16:01:36","guid":{"rendered":"https:\/\/miramarevenezia.it\/plage\/"},"modified":"2026-03-16T21:58:22","modified_gmt":"2026-03-16T20:58:22","slug":"plage","status":"publish","type":"page","link":"https:\/\/miramarevenezia.it\/fr\/territoire\/plage\/","title":{"rendered":"Plage"},"content":{"rendered":"\t\t<div data-elementor-type=\"wp-page\" data-elementor-id=\"3131\" class=\"elementor elementor-3131 elementor-557\">\n\t\t\t\t<div class=\"wpr-jarallax elementor-element elementor-element-e458469 parallax-sopra wpr-jarallax-yes e-con-full e-flex wpr-particle-no wpr-parallax-no wpr-sticky-section-no wpr-equal-height-no e-con e-parent\" speed-data=\"1.1\" bg-image=\"https:\/\/miramarevenezia.it\/wp-content\/uploads\/spiaggia-di-punta-sabbioni.jpg\" bg-image-mobile=\"\" scroll-effect=\"scroll\" data-id=\"e458469\" data-element_type=\"container\" data-e-type=\"container\" data-settings=\"{&quot;background_background&quot;:&quot;classic&quot;}\">\n\t\t<div class=\"elementor-element elementor-element-d8ccfd1 e-con-full e-flex wpr-particle-no wpr-jarallax-no wpr-parallax-no wpr-sticky-section-no wpr-equal-height-no e-con e-child\" data-id=\"d8ccfd1\" data-element_type=\"container\" data-e-type=\"container\" data-settings=\"{&quot;background_background&quot;:&quot;gradient&quot;}\">\n\t\t\t\t<div class=\"elementor-element elementor-element-9f0bcf5 elementor-widget__width-initial elementor-widget elementor-widget-heading\" data-id=\"9f0bcf5\" data-element_type=\"widget\" data-e-type=\"widget\" data-widget_type=\"heading.default\">\n\t\t\t\t\t<h1 class=\"elementor-heading-title elementor-size-default\">Punta Sabbioni : la plage du Miramare Venezia<\/h1>\t\t\t\t<\/div>\n\t\t\t\t<\/div>\n\t\t\t\t<\/div>\n\t\t<div class=\"elementor-element elementor-element-a9d570e e-flex e-con-boxed wpr-particle-no wpr-jarallax-no wpr-parallax-no wpr-sticky-section-no wpr-equal-height-no e-con e-parent\" data-id=\"a9d570e\" data-element_type=\"container\" data-e-type=\"container\">\n\t\t\t\t\t<div class=\"e-con-inner\">\n\t\t\t\t<div class=\"elementor-element elementor-element-f33ae19 elementor-widget elementor-widget-heading\" data-id=\"f33ae19\" data-element_type=\"widget\" data-e-type=\"widget\" data-widget_type=\"heading.default\">\n\t\t\t\t\t<h2 class=\"elementor-heading-title elementor-size-default\">D\u00e9couvre l\u2019enchanteresse plage de Punta Sabbioni \u00e0 Cavallino Treporti<\/h2>\t\t\t\t<\/div>\n\t\t\t\t<div class=\"elementor-element elementor-element-0ffc42d elementor-widget elementor-widget-text-editor\" data-id=\"0ffc42d\" data-element_type=\"widget\" data-e-type=\"widget\" data-widget_type=\"text-editor.default\">\n\t\t\t\t\t\t\t\t\t<p>Apr\u00e8s une agr\u00e9able promenade, une balade tranquille \u00e0 v\u00e9lo ou gr\u00e2ce au <strong>service de navette pratique<\/strong> que tu trouveras directement au Camping Village Miramare, tu peux rejoindre l\u2019enchanteresse et vaste plage du phare de Punta Sabbioni.<\/p>\t\t\t\t\t\t\t\t<\/div>\n\t\t\t\t\t<\/div>\n\t\t\t\t<\/div>\n\t\t<div class=\"elementor-element elementor-element-b6b5b97 e-flex e-con-boxed wpr-particle-no wpr-jarallax-no wpr-parallax-no wpr-sticky-section-no wpr-equal-height-no e-con e-parent\" data-id=\"b6b5b97\" data-element_type=\"container\" data-e-type=\"container\" data-settings=\"{&quot;background_background&quot;:&quot;classic&quot;}\">\n\t\t\t\t\t<div class=\"e-con-inner\">\n\t\t<div class=\"elementor-element elementor-element-f4e53da e-con-full e-flex wpr-particle-no wpr-jarallax-no wpr-parallax-no wpr-sticky-section-no wpr-equal-height-no e-con e-child\" data-id=\"f4e53da\" data-element_type=\"container\" data-e-type=\"container\" data-settings=\"{&quot;background_background&quot;:&quot;classic&quot;}\">\n\t\t<div class=\"elementor-element elementor-element-cb110df e-con-full e-flex wpr-particle-no wpr-jarallax-no wpr-parallax-no wpr-sticky-section-no wpr-equal-height-no e-con e-child\" data-id=\"cb110df\" data-element_type=\"container\" data-e-type=\"container\">\n\t\t\t\t<div class=\"elementor-element elementor-element-098f38e elementor-widget elementor-widget-heading\" data-id=\"098f38e\" data-element_type=\"widget\" data-e-type=\"widget\" data-widget_type=\"heading.default\">\n\t\t\t\t\t<h2 class=\"elementor-heading-title elementor-size-default\">13 km de plage de sable fin et d\u2019eaux peu profondes<\/h2>\t\t\t\t<\/div>\n\t\t\t\t<div class=\"elementor-element elementor-element-575cfe0 elementor-widget elementor-widget-text-editor\" data-id=\"575cfe0\" data-element_type=\"widget\" data-e-type=\"widget\" data-widget_type=\"text-editor.default\">\n\t\t\t\t\t\t\t\t\t<p>Cette vaste <strong>plage de sable dor\u00e9 tr\u00e8s fin<\/strong> qui se perd \u00e0 perte de vue dans la mer cristalline aux <strong>eaux peu profondes<\/strong> est l\u2019endroit id\u00e9al pour se d\u00e9tendre au soleil ou pour faire des baignades amusantes et rafra\u00eechissantes, des parties de football ou de volley-ball entre amis, des courses sur le rivage, des ch\u00e2teaux de sable ou tout ce que ton imagination te sugg\u00e8re.<br><span style=\"font-family: inherit; font-size: inherit; font-style: inherit; font-variant-ligatures: inherit; font-variant-caps: inherit; font-weight: inherit;\">En basse saison, c\u2019est le lieu parfait pour de longues et agr\u00e9ables promenades en bord de mer en profitant des temp\u00e9ratures douces du printemps et de l\u2019automne.<\/span><\/p>\n<p>Le littoral de Cavallino Treporti, qui s\u2019\u00e9tend sur <strong>plus de 13 km<\/strong> du phare de Punta Sabbioni au phare de Cavallino, est une v\u00e9ritable oasis de tranquillit\u00e9, gr\u00e2ce aussi \u00e0 la nature pr\u00e9serv\u00e9e qui l\u2019entoure et aux excellents services que l\u2019on peut trouver directement sur la plage.<\/p>\n<p>Id\u00e9ale et s\u00fbre pour les familles avec des enfants de tous \u00e2ges, elle sera le lieu parfait pour vivre tes vacances en V\u00e9n\u00e9tie.<\/p>\n<p>Depuis 2006, en effet, Cavallino Treporti arbore le <strong>Pavillon Bleu<\/strong>, la distinction que la FEE d\u00e9cerne chaque ann\u00e9e aux plages europ\u00e9ennes qui r\u00e9pondent \u00e0 certains crit\u00e8res de qualit\u00e9 environnementale, comme par exemple le <strong>soin apport\u00e9 aux services offerts<\/strong> et la <strong>propret\u00e9 des eaux<\/strong> de baignade et du territoire.<\/p>\t\t\t\t\t\t\t\t<\/div>\n\t\t\t\t<\/div>\n\t\t\t\t<div class=\"elementor-element elementor-element-10c2f6c elementor-widget elementor-widget-button\" data-id=\"10c2f6c\" data-element_type=\"widget\" data-e-type=\"widget\" data-widget_type=\"button.default\">\n\t\t\t\t\t\t\t\t\t\t<a class=\"elementor-button elementor-button-link elementor-size-sm\" href=\"https:\/\/miramarevenezia.it\/fr\/territoire\/iles-de-la-lagune-de-venise\/\">\n\t\t\t\t\t\t<span class=\"elementor-button-content-wrapper\">\n\t\t\t\t\t\t<span class=\"elementor-button-icon\">\n\t\t\t\t<svg aria-hidden=\"true\" class=\"e-font-icon-svg e-fas-chevron-right\" viewBox=\"0 0 320 512\" xmlns=\"http:\/\/www.w3.org\/2000\/svg\"><path d=\"M285.476 272.971L91.132 467.314c-9.373 9.373-24.569 9.373-33.941 0l-22.667-22.667c-9.357-9.357-9.375-24.522-.04-33.901L188.505 256 34.484 101.255c-9.335-9.379-9.317-24.544.04-33.901l22.667-22.667c9.373-9.373 24.569-9.373 33.941 0L285.475 239.03c9.373 9.372 9.373 24.568.001 33.941z\"><\/path><\/svg>\t\t\t<\/span>\n\t\t\t\t\t\t\t\t\t<span class=\"elementor-button-text\">D\u00e9couvre la nature de la lagune<\/span>\n\t\t\t\t\t<\/span>\n\t\t\t\t\t<\/a>\n\t\t\t\t\t\t\t\t<\/div>\n\t\t<div class=\"elementor-element elementor-element-05b6ba0 e-con-full e-grid wpr-particle-no wpr-jarallax-no wpr-parallax-no wpr-sticky-section-no wpr-equal-height-no e-con e-child\" data-id=\"05b6ba0\" data-element_type=\"container\" data-e-type=\"container\">\n\t\t<div class=\"elementor-element elementor-element-7bc9ee8 e-con-full e-flex wpr-particle-no wpr-jarallax-no wpr-parallax-no wpr-sticky-section-no wpr-equal-height-no e-con e-child\" data-id=\"7bc9ee8\" data-element_type=\"container\" data-e-type=\"container\">\n\t\t<div class=\"elementor-element elementor-element-41f9a9c e-con-full e-flex wpr-particle-no wpr-jarallax-no wpr-parallax-no wpr-sticky-section-no wpr-equal-height-no e-con e-child\" data-id=\"41f9a9c\" data-element_type=\"container\" data-e-type=\"container\" data-settings=\"{&quot;background_background&quot;:&quot;classic&quot;}\">\n\t\t\t\t<\/div>\n\t\t<div class=\"elementor-element elementor-element-db36ef4 e-con-full e-flex wpr-particle-no wpr-jarallax-no wpr-parallax-no wpr-sticky-section-no wpr-equal-height-no e-con e-child\" data-id=\"db36ef4\" data-element_type=\"container\" data-e-type=\"container\" data-settings=\"{&quot;background_background&quot;:&quot;classic&quot;}\">\n\t\t\t\t<\/div>\n\t\t\t\t<\/div>\n\t\t<div class=\"elementor-element elementor-element-4288bdb e-con-full e-flex wpr-particle-no wpr-jarallax-no wpr-parallax-no wpr-sticky-section-no wpr-equal-height-no e-con e-child\" data-id=\"4288bdb\" data-element_type=\"container\" data-e-type=\"container\">\n\t\t<div class=\"elementor-element elementor-element-63ebfac e-con-full e-flex wpr-particle-no wpr-jarallax-no wpr-parallax-no wpr-sticky-section-no wpr-equal-height-no e-con e-child\" data-id=\"63ebfac\" data-element_type=\"container\" data-e-type=\"container\" data-settings=\"{&quot;background_background&quot;:&quot;classic&quot;}\">\n\t\t\t\t<\/div>\n\t\t\t\t<\/div>\n\t\t\t\t<\/div>\n\t\t<div class=\"elementor-element elementor-element-41e6f32 e-con-full e-grid wpr-particle-no wpr-jarallax-no wpr-parallax-no wpr-sticky-section-no wpr-equal-height-no e-con e-child\" data-id=\"41e6f32\" data-element_type=\"container\" data-e-type=\"container\">\n\t\t<div class=\"elementor-element elementor-element-082f67c e-con-full e-flex wpr-particle-no wpr-jarallax-no wpr-parallax-no wpr-sticky-section-no wpr-equal-height-no e-con e-child\" data-id=\"082f67c\" data-element_type=\"container\" data-e-type=\"container\">\n\t\t<div class=\"elementor-element elementor-element-4eea466 e-con-full e-flex wpr-particle-no wpr-jarallax-no wpr-parallax-no wpr-sticky-section-no wpr-equal-height-no e-con e-child\" data-id=\"4eea466\" data-element_type=\"container\" data-e-type=\"container\" data-settings=\"{&quot;background_background&quot;:&quot;classic&quot;}\">\n\t\t\t\t<\/div>\n\t\t\t\t<\/div>\n\t\t<div class=\"elementor-element elementor-element-417e8e7 e-con-full e-flex wpr-particle-no wpr-jarallax-no wpr-parallax-no wpr-sticky-section-no wpr-equal-height-no e-con e-child\" data-id=\"417e8e7\" data-element_type=\"container\" data-e-type=\"container\">\n\t\t<div class=\"elementor-element elementor-element-88f6d70 e-con-full e-flex wpr-particle-no wpr-jarallax-no wpr-parallax-no wpr-sticky-section-no wpr-equal-height-no e-con e-child\" data-id=\"88f6d70\" data-element_type=\"container\" data-e-type=\"container\" data-settings=\"{&quot;background_background&quot;:&quot;classic&quot;}\">\n\t\t\t\t<\/div>\n\t\t\t\t<\/div>\n\t\t\t\t<\/div>\n\t\t\t\t<\/div>\n\t\t\t\t\t<\/div>\n\t\t\t\t<\/div>\n\t\t\t\t<\/div>\n\t\t","protected":false},"excerpt":{"rendered":"<p>Punta Sabbioni : la plage du Miramare Venezia D\u00e9couvre l\u2019enchanteresse plage de Punta Sabbioni \u00e0 Cavallino Treporti Apr\u00e8s une agr\u00e9able promenade, une balade tranquille \u00e0 v\u00e9lo ou gr\u00e2ce au service de navette pratique que tu trouveras directement au Camping Village Miramare, tu peux rejoindre l\u2019enchanteresse et vaste plage du phare de Punta Sabbioni. 13 km de plage de sable fin et d\u2019eaux peu profondes Cette vaste plage de sable dor\u00e9 tr\u00e8s fin qui se perd \u00e0 perte de vue dans la mer cristalline aux eaux peu profondes est l\u2019endroit id\u00e9al pour se d\u00e9tendre au soleil ou pour faire des baignades amusantes et rafra\u00eechissantes, des parties de football ou de volley-ball entre amis, des courses sur le rivage, des ch\u00e2teaux de sable ou tout ce que ton imagination te sugg\u00e8re.En basse saison, c\u2019est le lieu parfait pour de longues et agr\u00e9ables promenades en bord de mer en profitant des temp\u00e9ratures douces du printemps et de l\u2019automne. Le littoral de Cavallino Treporti, qui s\u2019\u00e9tend sur plus de 13 km du phare de Punta Sabbioni au phare de Cavallino, est une v\u00e9ritable oasis de tranquillit\u00e9, gr\u00e2ce aussi \u00e0 la nature pr\u00e9serv\u00e9e qui l\u2019entoure et aux excellents services que l\u2019on peut trouver directement sur la plage. Id\u00e9ale et s\u00fbre pour les familles avec des enfants de tous \u00e2ges, elle sera le lieu parfait pour vivre tes vacances en V\u00e9n\u00e9tie. Depuis 2006, en effet, Cavallino Treporti arbore le Pavillon Bleu, la distinction que la FEE d\u00e9cerne chaque ann\u00e9e aux plages europ\u00e9ennes qui r\u00e9pondent \u00e0 certains crit\u00e8res de qualit\u00e9 environnementale, comme par exemple le soin apport\u00e9 aux services offerts et la propret\u00e9 des eaux de baignade et du territoire. D\u00e9couvre la nature de la lagune<\/p>\n","protected":false},"author":1,"featured_media":0,"parent":3280,"menu_order":0,"comment_status":"closed","ping_status":"closed","template":"","meta":{"footnotes":""},"class_list":["post-3131","page","type-page","status-publish","hentry"],"blocksy_meta":[],"_links":{"self":[{"href":"https:\/\/miramarevenezia.it\/fr\/wp-json\/wp\/v2\/pages\/3131","targetHints":{"allow":["GET"]}}],"collection":[{"href":"https:\/\/miramarevenezia.it\/fr\/wp-json\/wp\/v2\/pages"}],"about":[{"href":"https:\/\/miramarevenezia.it\/fr\/wp-json\/wp\/v2\/types\/page"}],"author":[{"embeddable":true,"href":"https:\/\/miramarevenezia.it\/fr\/wp-json\/wp\/v2\/users\/1"}],"replies":[{"embeddable":true,"href":"https:\/\/miramarevenezia.it\/fr\/wp-json\/wp\/v2\/comments?post=3131"}],"version-history":[{"count":7,"href":"https:\/\/miramarevenezia.it\/fr\/wp-json\/wp\/v2\/pages\/3131\/revisions"}],"predecessor-version":[{"id":4272,"href":"https:\/\/miramarevenezia.it\/fr\/wp-json\/wp\/v2\/pages\/3131\/revisions\/4272"}],"up":[{"embeddable":true,"href":"https:\/\/miramarevenezia.it\/fr\/wp-json\/wp\/v2\/pages\/3280"}],"wp:attachment":[{"href":"https:\/\/miramarevenezia.it\/fr\/wp-json\/wp\/v2\/media?parent=3131"}],"curies":[{"name":"wp","href":"https:\/\/api.w.org\/{rel}","templated":true}]}}