{"id":3319,"date":"2025-12-26T16:02:24","date_gmt":"2025-12-26T15:02:24","guid":{"rendered":"https:\/\/miramarevenezia.it\/territoire\/iles-de-la-lagune-de-venise\/"},"modified":"2026-03-10T22:02:38","modified_gmt":"2026-03-10T21:02:38","slug":"iles-de-la-lagune-de-venise","status":"publish","type":"page","link":"https:\/\/miramarevenezia.it\/fr\/territoire\/iles-de-la-lagune-de-venise\/","title":{"rendered":"\u00celes de la lagune de Venise"},"content":{"rendered":"\t\t<div data-elementor-type=\"wp-page\" data-elementor-id=\"3319\" class=\"elementor elementor-3319 elementor-176\">\n\t\t\t\t<div class=\"wpr-jarallax elementor-element elementor-element-e458469 parallax-sopra wpr-jarallax-yes e-flex e-con-boxed wpr-particle-no wpr-parallax-no wpr-sticky-section-no wpr-equal-height-no e-con e-parent\" speed-data=\"1.1\" bg-image=\"https:\/\/miramarevenezia.it\/wp-content\/uploads\/isole-laguna-venezia.jpg\" bg-image-mobile=\"\" scroll-effect=\"scroll\" data-id=\"e458469\" data-element_type=\"container\" data-e-type=\"container\" data-settings=\"{&quot;background_background&quot;:&quot;classic&quot;}\">\n\t\t\t\t\t<div class=\"e-con-inner\">\n\t\t\t\t<div class=\"elementor-element elementor-element-7c1df26 elementor-widget elementor-widget-heading\" data-id=\"7c1df26\" data-element_type=\"widget\" data-e-type=\"widget\" data-widget_type=\"heading.default\">\n\t\t\t\t\t<h1 class=\"elementor-heading-title elementor-size-default\">Les \u00eeles de la lagune de Venise<span><\/span><\/h1>\t\t\t\t<\/div>\n\t\t\t\t\t<\/div>\n\t\t\t\t<\/div>\n\t\t<div class=\"elementor-element elementor-element-a9d570e e-flex e-con-boxed wpr-particle-no wpr-jarallax-no wpr-parallax-no wpr-sticky-section-no wpr-equal-height-no e-con e-parent\" data-id=\"a9d570e\" data-element_type=\"container\" data-e-type=\"container\">\n\t\t\t\t\t<div class=\"e-con-inner\">\n\t\t\t\t<div class=\"elementor-element elementor-element-f33ae19 elementor-widget elementor-widget-heading\" data-id=\"f33ae19\" data-element_type=\"widget\" data-e-type=\"widget\" data-widget_type=\"heading.default\">\n\t\t\t\t\t<h2 class=\"elementor-heading-title elementor-size-default\">Excursions en bateau \u00e0 moteur \u00e0 la d\u00e9couverte des fascinantes \u00eeles de la lagune de Venise<\/h2>\t\t\t\t<\/div>\n\t\t\t\t<div class=\"elementor-element elementor-element-0ffc42d elementor-widget elementor-widget-text-editor\" data-id=\"0ffc42d\" data-element_type=\"widget\" data-e-type=\"widget\" data-widget_type=\"text-editor.default\">\n\t\t\t\t\t\t\t\t\t<p>Non seulement Venise, mais aussi Burano, Murano, Torcello et d&rsquo;autres petites \u00eeles caract\u00e9risent la lagune, et des vacances dans cette r\u00e9gion ne peuvent pas ne pas inclure une excursion en bateau \u00e0 moteur \u00e0 la d\u00e9couverte de ces joyaux qui rendent le paysage si pittoresque et fascinant.<\/p><p>L&rsquo;excursion traverse la zone de la lagune v\u00e9nitienne appel\u00e9e \u00abLagune Nord\u00bb, caract\u00e9ris\u00e9e par la pr\u00e9sence de bar\u00e8nes et de petites \u00eeles s\u00e9par\u00e9es par des canaux et des ghebi. La flore et la faune r\u00e8gnent en ma\u00eetres dans ces lieux, o\u00f9 le calme n\u2019est perturb\u00e9 que par les petites embarcations typiques de la lagune (sandoli, mascaretes et les plus modernes cacciapesca), les seules capables de naviguer sur les faibles fonds des ghebi. <\/p>\t\t\t\t\t\t\t\t<\/div>\n\t\t\t\t\t<\/div>\n\t\t\t\t<\/div>\n\t\t<div class=\"elementor-element elementor-element-b6b5b97 e-flex e-con-boxed wpr-particle-no wpr-jarallax-no wpr-parallax-no wpr-sticky-section-no wpr-equal-height-no e-con e-parent\" data-id=\"b6b5b97\" data-element_type=\"container\" data-e-type=\"container\" data-settings=\"{&quot;background_background&quot;:&quot;classic&quot;}\">\n\t\t\t\t\t<div class=\"e-con-inner\">\n\t\t<div class=\"elementor-element elementor-element-f4e53da e-con-full e-flex wpr-particle-no wpr-jarallax-no wpr-parallax-no wpr-sticky-section-no wpr-equal-height-no e-con e-child\" data-id=\"f4e53da\" data-element_type=\"container\" data-e-type=\"container\" data-settings=\"{&quot;background_background&quot;:&quot;classic&quot;}\">\n\t\t<div class=\"elementor-element elementor-element-cb110df e-con-full e-flex wpr-particle-no wpr-jarallax-no wpr-parallax-no wpr-sticky-section-no wpr-equal-height-no e-con e-child\" data-id=\"cb110df\" data-element_type=\"container\" data-e-type=\"container\">\n\t\t\t\t<div class=\"elementor-element elementor-element-098f38e elementor-widget elementor-widget-heading\" data-id=\"098f38e\" data-element_type=\"widget\" data-e-type=\"widget\" data-widget_type=\"heading.default\">\n\t\t\t\t\t<h2 class=\"elementor-heading-title elementor-size-default\">Burano<\/h2>\t\t\t\t<\/div>\n\t\t\t\t<div class=\"elementor-element elementor-element-575cfe0 elementor-widget elementor-widget-text-editor\" data-id=\"575cfe0\" data-element_type=\"widget\" data-e-type=\"widget\" data-widget_type=\"text-editor.default\">\n\t\t\t\t\t\t\t\t\t<p>La premi\u00e8re \u00eele que l&rsquo;on rencontre le long du parcours est l&rsquo;\u00eele de Burano.<br>\u00cele de p\u00eacheurs avec une forte identit\u00e9 idiomatique, sa caract\u00e9ristique la plus \u00e9vidente est ses <strong>nombreuses maisons color\u00e9es.<\/strong><br>Elle est surtout c\u00e9l\u00e8bre dans le monde pour ses cr\u00e9ations en dentelle, fi\u00e8rement expos\u00e9es au \u00ab mus\u00e9e de la dentelle \u00bb pr\u00e8s de la place d\u00e9di\u00e9e au <strong>c\u00e9l\u00e8bre musicien Baldassare Galuppi.<\/strong><br><strong>D\u2019excellents restaurants <\/strong>rendent la visite de l&rsquo;\u00eele de Burano tr\u00e8s agr\u00e9able.<\/p>\t\t\t\t\t\t\t\t<\/div>\n\t\t\t\t<\/div>\n\t\t<div class=\"elementor-element elementor-element-f6115bb e-con-full e-grid wpr-particle-no wpr-jarallax-no wpr-parallax-no wpr-sticky-section-no wpr-equal-height-no e-con e-child\" data-id=\"f6115bb\" data-element_type=\"container\" data-e-type=\"container\">\n\t\t<div class=\"elementor-element elementor-element-2f85744 e-con-full e-flex wpr-particle-no wpr-jarallax-no wpr-parallax-no wpr-sticky-section-no wpr-equal-height-no e-con e-child\" data-id=\"2f85744\" data-element_type=\"container\" data-e-type=\"container\">\n\t\t<div class=\"elementor-element elementor-element-050d07b e-con-full e-flex wpr-particle-no wpr-jarallax-no wpr-parallax-no wpr-sticky-section-no wpr-equal-height-no e-con e-child\" data-id=\"050d07b\" data-element_type=\"container\" data-e-type=\"container\" data-settings=\"{&quot;background_background&quot;:&quot;classic&quot;}\">\n\t\t\t\t<\/div>\n\t\t<div class=\"elementor-element elementor-element-2dd8540 e-con-full e-flex wpr-particle-no wpr-jarallax-no wpr-parallax-no wpr-sticky-section-no wpr-equal-height-no e-con e-child\" data-id=\"2dd8540\" data-element_type=\"container\" data-e-type=\"container\" data-settings=\"{&quot;background_background&quot;:&quot;classic&quot;}\">\n\t\t\t\t<\/div>\n\t\t\t\t<\/div>\n\t\t<div class=\"elementor-element elementor-element-5486cef e-con-full e-flex wpr-particle-no wpr-jarallax-no wpr-parallax-no wpr-sticky-section-no wpr-equal-height-no e-con e-child\" data-id=\"5486cef\" data-element_type=\"container\" data-e-type=\"container\">\n\t\t<div class=\"elementor-element elementor-element-f73e171 e-con-full e-flex wpr-particle-no wpr-jarallax-no wpr-parallax-no wpr-sticky-section-no wpr-equal-height-no e-con e-child\" data-id=\"f73e171\" data-element_type=\"container\" data-e-type=\"container\" data-settings=\"{&quot;background_background&quot;:&quot;classic&quot;}\">\n\t\t\t\t<\/div>\n\t\t\t\t<\/div>\n\t\t\t\t<\/div>\n\t\t<div class=\"elementor-element elementor-element-72e2367 e-con-full e-grid wpr-particle-no wpr-jarallax-no wpr-parallax-no wpr-sticky-section-no wpr-equal-height-no e-con e-child\" data-id=\"72e2367\" data-element_type=\"container\" data-e-type=\"container\">\n\t\t<div class=\"elementor-element elementor-element-af23a79 e-con-full e-flex wpr-particle-no wpr-jarallax-no wpr-parallax-no wpr-sticky-section-no wpr-equal-height-no e-con e-child\" data-id=\"af23a79\" data-element_type=\"container\" data-e-type=\"container\">\n\t\t<div class=\"elementor-element elementor-element-10f4600 e-con-full e-flex wpr-particle-no wpr-jarallax-no wpr-parallax-no wpr-sticky-section-no wpr-equal-height-no e-con e-child\" data-id=\"10f4600\" data-element_type=\"container\" data-e-type=\"container\" data-settings=\"{&quot;background_background&quot;:&quot;classic&quot;}\">\n\t\t\t\t<\/div>\n\t\t\t\t<\/div>\n\t\t<div class=\"elementor-element elementor-element-f0ceb77 e-con-full e-flex wpr-particle-no wpr-jarallax-no wpr-parallax-no wpr-sticky-section-no wpr-equal-height-no e-con e-child\" data-id=\"f0ceb77\" data-element_type=\"container\" data-e-type=\"container\">\n\t\t<div class=\"elementor-element elementor-element-db2882b e-con-full e-flex wpr-particle-no wpr-jarallax-no wpr-parallax-no wpr-sticky-section-no wpr-equal-height-no e-con e-child\" data-id=\"db2882b\" data-element_type=\"container\" data-e-type=\"container\" data-settings=\"{&quot;background_background&quot;:&quot;classic&quot;}\">\n\t\t\t\t<\/div>\n\t\t<div class=\"elementor-element elementor-element-bd00ed2 e-con-full e-flex wpr-particle-no wpr-jarallax-no wpr-parallax-no wpr-sticky-section-no wpr-equal-height-no e-con e-child\" data-id=\"bd00ed2\" data-element_type=\"container\" data-e-type=\"container\" data-settings=\"{&quot;background_background&quot;:&quot;classic&quot;}\">\n\t\t\t\t<\/div>\n\t\t\t\t<\/div>\n\t\t\t\t<\/div>\n\t\t\t\t<\/div>\n\t\t<div class=\"elementor-element elementor-element-20f34a8 e-con-full e-flex wpr-particle-no wpr-jarallax-no wpr-parallax-no wpr-sticky-section-no wpr-equal-height-no e-con e-child\" data-id=\"20f34a8\" data-element_type=\"container\" data-e-type=\"container\" data-settings=\"{&quot;background_background&quot;:&quot;classic&quot;}\">\n\t\t<div class=\"elementor-element elementor-element-ed9002b e-con-full e-flex wpr-particle-no wpr-jarallax-no wpr-parallax-no wpr-sticky-section-no wpr-equal-height-no e-con e-child\" data-id=\"ed9002b\" data-element_type=\"container\" data-e-type=\"container\">\n\t\t\t\t<div class=\"elementor-element elementor-element-fddc146 elementor-widget elementor-widget-heading\" data-id=\"fddc146\" data-element_type=\"widget\" data-e-type=\"widget\" data-widget_type=\"heading.default\">\n\t\t\t\t\t<h2 class=\"elementor-heading-title elementor-size-default\">Torcello<\/h2>\t\t\t\t<\/div>\n\t\t\t\t<div class=\"elementor-element elementor-element-7b6f4cd elementor-widget elementor-widget-text-editor\" data-id=\"7b6f4cd\" data-element_type=\"widget\" data-e-type=\"widget\" data-widget_type=\"text-editor.default\">\n\t\t\t\t\t\t\t\t\t<p>En face de Burano se trouve l\u2019\u00eele de Torcello, <strong>premier \u00e9tablissement de la future Venise.<\/strong><br>Pendant sa p\u00e9riode de plus grande expansion, elle a atteint 10 000 habitants, tandis qu\u2019aujourd\u2019hui les r\u00e9sidents se sont r\u00e9duits \u00e0 quelques unit\u00e9s.<br>Le \u00ab centre historique \u00bb est marqu\u00e9 par la <strong>basilique Sainte-Marie-Assunta<\/strong>, datant de l\u2019an 639 et renfermant en son int\u00e9rieur des mosa\u00efques byzantines d\u2019une valeur inestimable, par l\u2019\u00e9<strong>glise adjacente de Santa Fosca <\/strong>et par le <strong>Mus\u00e9e de l\u2019Estuaire<\/strong>, riche en vestiges arch\u00e9ologiques de la lagune v\u00e9nitienne.<br>Les l\u00e9gendes anciennes sont \u00e0 l\u2019origine des noms de deux monuments particuliers : <strong>le \u00ab Pont du Diable \u00bb et le \u00ab Tr\u00f4ne d\u2019Attila \u00bb.<\/strong><\/p>\t\t\t\t\t\t\t\t<\/div>\n\t\t\t\t<\/div>\n\t\t<div class=\"elementor-element elementor-element-3e96b9f e-con-full e-grid wpr-particle-no wpr-jarallax-no wpr-parallax-no wpr-sticky-section-no wpr-equal-height-no e-con e-child\" data-id=\"3e96b9f\" data-element_type=\"container\" data-e-type=\"container\">\n\t\t<div class=\"elementor-element elementor-element-780859a e-con-full e-flex wpr-particle-no wpr-jarallax-no wpr-parallax-no wpr-sticky-section-no wpr-equal-height-no e-con e-child\" data-id=\"780859a\" data-element_type=\"container\" data-e-type=\"container\">\n\t\t<div class=\"elementor-element elementor-element-a61243c e-con-full e-flex wpr-particle-no wpr-jarallax-no wpr-parallax-no wpr-sticky-section-no wpr-equal-height-no e-con e-child\" data-id=\"a61243c\" data-element_type=\"container\" data-e-type=\"container\" data-settings=\"{&quot;background_background&quot;:&quot;classic&quot;}\">\n\t\t\t\t<\/div>\n\t\t\t\t<\/div>\n\t\t<div class=\"elementor-element elementor-element-9283209 e-con-full e-flex wpr-particle-no wpr-jarallax-no wpr-parallax-no wpr-sticky-section-no wpr-equal-height-no e-con e-child\" data-id=\"9283209\" data-element_type=\"container\" data-e-type=\"container\">\n\t\t<div class=\"elementor-element elementor-element-a93ec53 e-con-full e-flex wpr-particle-no wpr-jarallax-no wpr-parallax-no wpr-sticky-section-no wpr-equal-height-no e-con e-child\" data-id=\"a93ec53\" data-element_type=\"container\" data-e-type=\"container\" data-settings=\"{&quot;background_background&quot;:&quot;classic&quot;}\">\n\t\t\t\t<\/div>\n\t\t\t\t<\/div>\n\t\t\t\t<\/div>\n\t\t\t\t<\/div>\n\t\t<div class=\"elementor-element elementor-element-082d5f5 e-con-full e-flex wpr-particle-no wpr-jarallax-no wpr-parallax-no wpr-sticky-section-no wpr-equal-height-no e-con e-child\" data-id=\"082d5f5\" data-element_type=\"container\" data-e-type=\"container\" data-settings=\"{&quot;background_background&quot;:&quot;classic&quot;}\">\n\t\t<div class=\"elementor-element elementor-element-8e3bceb e-con-full e-flex wpr-particle-no wpr-jarallax-no wpr-parallax-no wpr-sticky-section-no wpr-equal-height-no e-con e-child\" data-id=\"8e3bceb\" data-element_type=\"container\" data-e-type=\"container\">\n\t\t\t\t<div class=\"elementor-element elementor-element-a1ac2e4 elementor-widget elementor-widget-heading\" data-id=\"a1ac2e4\" data-element_type=\"widget\" data-e-type=\"widget\" data-widget_type=\"heading.default\">\n\t\t\t\t\t<h2 class=\"elementor-heading-title elementor-size-default\">Murano<\/h2>\t\t\t\t<\/div>\n\t\t\t\t<div class=\"elementor-element elementor-element-9a2e856 elementor-widget elementor-widget-text-editor\" data-id=\"9a2e856\" data-element_type=\"widget\" data-e-type=\"widget\" data-widget_type=\"text-editor.default\">\n\t\t\t\t\t\t\t\t\t<p>En poursuivant l\u2019itin\u00e9raire, on arrive \u00e0 Murano, la plus c\u00e9l\u00e8bre des trois \u00eeles.<br><strong>Capitale mondiale du verre artistique<\/strong>, Murano regorge de verreries encore en activit\u00e9, qui travaillent toujours le verre selon les m\u00e9thodes invent\u00e9es il y a des si\u00e8cles par les premiers ma\u00eetres verriers.<br>Le <strong>Mus\u00e9e d\u2019Art Verrier <\/strong>rassemble des pi\u00e8ces de grande valeur artistique et de fabrication tr\u00e8s raffin\u00e9e.<br>La visite de <strong>l\u2019\u00c9glise des Saints Marie et Donat <\/strong>m\u00e9rite \u00e9galement l\u2019attention ; c\u2019est l\u2019une des plus anciennes de la lagune v\u00e9nitienne, excellent exemple du style roman-byzantin, et elle conserve encore intact le sol en mosa\u00efque de marbre et de verre. <\/p>\t\t\t\t\t\t\t\t<\/div>\n\t\t\t\t<\/div>\n\t\t<div class=\"elementor-element elementor-element-148aa35 e-con-full e-grid wpr-particle-no wpr-jarallax-no wpr-parallax-no wpr-sticky-section-no wpr-equal-height-no e-con e-child\" data-id=\"148aa35\" data-element_type=\"container\" data-e-type=\"container\">\n\t\t<div class=\"elementor-element elementor-element-6e0c1d7 e-con-full e-flex wpr-particle-no wpr-jarallax-no wpr-parallax-no wpr-sticky-section-no wpr-equal-height-no e-con e-child\" data-id=\"6e0c1d7\" data-element_type=\"container\" data-e-type=\"container\" data-settings=\"{&quot;background_background&quot;:&quot;classic&quot;}\">\n\t\t<div class=\"elementor-element elementor-element-0f427ae e-con-full e-flex wpr-particle-no wpr-jarallax-no wpr-parallax-no wpr-sticky-section-no wpr-equal-height-no e-con e-child\" data-id=\"0f427ae\" data-element_type=\"container\" data-e-type=\"container\" data-settings=\"{&quot;background_background&quot;:&quot;classic&quot;}\">\n\t\t\t\t<\/div>\n\t\t\t\t<\/div>\n\t\t<div class=\"elementor-element elementor-element-b1f2e7a e-con-full e-flex wpr-particle-no wpr-jarallax-no wpr-parallax-no wpr-sticky-section-no wpr-equal-height-no e-con e-child\" data-id=\"b1f2e7a\" data-element_type=\"container\" data-e-type=\"container\">\n\t\t<div class=\"elementor-element elementor-element-82d7187 e-con-full e-flex wpr-particle-no wpr-jarallax-no wpr-parallax-no wpr-sticky-section-no wpr-equal-height-no e-con e-child\" data-id=\"82d7187\" data-element_type=\"container\" data-e-type=\"container\" data-settings=\"{&quot;background_background&quot;:&quot;classic&quot;}\">\n\t\t\t\t<\/div>\n\t\t\t\t<\/div>\n\t\t\t\t<\/div>\n\t\t\t\t<\/div>\n\t\t<div class=\"elementor-element elementor-element-737bf02 e-con-full e-flex wpr-particle-no wpr-jarallax-no wpr-parallax-no wpr-sticky-section-no wpr-equal-height-no e-con e-child\" data-id=\"737bf02\" data-element_type=\"container\" data-e-type=\"container\" data-settings=\"{&quot;background_background&quot;:&quot;classic&quot;}\">\n\t\t<div class=\"elementor-element elementor-element-30a6029 e-con-full e-flex wpr-particle-no wpr-jarallax-no wpr-parallax-no wpr-sticky-section-no wpr-equal-height-no e-con e-child\" data-id=\"30a6029\" data-element_type=\"container\" data-e-type=\"container\">\n\t\t\t\t<div class=\"elementor-element elementor-element-dfe8833 elementor-widget elementor-widget-heading\" data-id=\"dfe8833\" data-element_type=\"widget\" data-e-type=\"widget\" data-widget_type=\"heading.default\">\n\t\t\t\t\t<h2 class=\"elementor-heading-title elementor-size-default\">De nombreuses autres \u00eeles v\u00e9nitiennes<\/h2>\t\t\t\t<\/div>\n\t\t\t\t<div class=\"elementor-element elementor-element-0d2289c elementor-widget elementor-widget-text-editor\" data-id=\"0d2289c\" data-element_type=\"widget\" data-e-type=\"widget\" data-widget_type=\"text-editor.default\">\n\t\t\t\t\t\t\t\t\t<p>Outre ces trois \u00eeles charmantes, la lagune v\u00e9nitienne comprend de nombreuses autres \u00eeles, toujours accessibles par les bateaux publics depuis les terminaux de Punta Sabbioni et Treporti : le Lido de Venise, c\u00e9l\u00e8bre pour la renomm\u00e9e \u00ab Mostra del Cinema \u00bb ; Sant\u2019Erasmo, l\u2019\u00eele des Artichauts ; Pellestrina ; Chioggia et Sottomarina, renomm\u00e9es pour leurs bateaux de p\u00eache, ainsi que de nombreuses autres petites \u00eeles.<\/p>\t\t\t\t\t\t\t\t<\/div>\n\t\t\t\t<\/div>\n\t\t<div class=\"elementor-element elementor-element-67e19a1 e-con-full e-grid wpr-particle-no wpr-jarallax-no wpr-parallax-no wpr-sticky-section-no wpr-equal-height-no e-con e-child\" data-id=\"67e19a1\" data-element_type=\"container\" data-e-type=\"container\">\n\t\t<div class=\"elementor-element elementor-element-b6252f5 e-con-full e-flex wpr-particle-no wpr-jarallax-no wpr-parallax-no wpr-sticky-section-no wpr-equal-height-no e-con e-child\" data-id=\"b6252f5\" data-element_type=\"container\" data-e-type=\"container\">\n\t\t<div class=\"elementor-element elementor-element-d829d41 e-con-full e-flex wpr-particle-no wpr-jarallax-no wpr-parallax-no wpr-sticky-section-no wpr-equal-height-no e-con e-child\" data-id=\"d829d41\" data-element_type=\"container\" data-e-type=\"container\" data-settings=\"{&quot;background_background&quot;:&quot;classic&quot;}\">\n\t\t\t\t<\/div>\n\t\t<div class=\"elementor-element elementor-element-c85b314 e-con-full e-flex wpr-particle-no wpr-jarallax-no wpr-parallax-no wpr-sticky-section-no wpr-equal-height-no e-con e-child\" data-id=\"c85b314\" data-element_type=\"container\" data-e-type=\"container\" data-settings=\"{&quot;background_background&quot;:&quot;classic&quot;}\">\n\t\t\t\t<\/div>\n\t\t\t\t<\/div>\n\t\t<div class=\"elementor-element elementor-element-7c4f6ad e-con-full e-flex wpr-particle-no wpr-jarallax-no wpr-parallax-no wpr-sticky-section-no wpr-equal-height-no e-con e-child\" data-id=\"7c4f6ad\" data-element_type=\"container\" data-e-type=\"container\">\n\t\t<div class=\"elementor-element elementor-element-bf0bb61 e-con-full e-flex wpr-particle-no wpr-jarallax-no wpr-parallax-no wpr-sticky-section-no wpr-equal-height-no e-con e-child\" data-id=\"bf0bb61\" data-element_type=\"container\" data-e-type=\"container\" data-settings=\"{&quot;background_background&quot;:&quot;classic&quot;}\">\n\t\t\t\t<\/div>\n\t\t\t\t<\/div>\n\t\t\t\t<\/div>\n\t\t\t\t<\/div>\n\t\t\t\t\t<\/div>\n\t\t\t\t<\/div>\n\t\t\t\t<\/div>\n\t\t","protected":false},"excerpt":{"rendered":"<p>Les \u00eeles de la lagune de Venise Excursions en bateau \u00e0 moteur \u00e0 la d\u00e9couverte des fascinantes \u00eeles de la lagune de Venise Non seulement Venise, mais aussi Burano, Murano, Torcello et d&rsquo;autres petites \u00eeles caract\u00e9risent la lagune, et des vacances dans cette r\u00e9gion ne peuvent pas ne pas inclure une excursion en bateau \u00e0 moteur \u00e0 la d\u00e9couverte de ces joyaux qui rendent le paysage si pittoresque et fascinant. L&rsquo;excursion traverse la zone de la lagune v\u00e9nitienne appel\u00e9e \u00abLagune Nord\u00bb, caract\u00e9ris\u00e9e par la pr\u00e9sence de bar\u00e8nes et de petites \u00eeles s\u00e9par\u00e9es par des canaux et des ghebi. La flore et la faune r\u00e8gnent en ma\u00eetres dans ces lieux, o\u00f9 le calme n\u2019est perturb\u00e9 que par les petites embarcations typiques de la lagune (sandoli, mascaretes et les plus modernes cacciapesca), les seules capables de naviguer sur les faibles fonds des ghebi. Burano La premi\u00e8re \u00eele que l&rsquo;on rencontre le long du parcours est l&rsquo;\u00eele de Burano.\u00cele de p\u00eacheurs avec une forte identit\u00e9 idiomatique, sa caract\u00e9ristique la plus \u00e9vidente est ses nombreuses maisons color\u00e9es.Elle est surtout c\u00e9l\u00e8bre dans le monde pour ses cr\u00e9ations en dentelle, fi\u00e8rement expos\u00e9es au \u00ab mus\u00e9e de la dentelle \u00bb pr\u00e8s de la place d\u00e9di\u00e9e au c\u00e9l\u00e8bre musicien Baldassare Galuppi.D\u2019excellents restaurants rendent la visite de l&rsquo;\u00eele de Burano tr\u00e8s agr\u00e9able. Torcello En face de Burano se trouve l\u2019\u00eele de Torcello, premier \u00e9tablissement de la future Venise.Pendant sa p\u00e9riode de plus grande expansion, elle a atteint 10 000 habitants, tandis qu\u2019aujourd\u2019hui les r\u00e9sidents se sont r\u00e9duits \u00e0 quelques unit\u00e9s.Le \u00ab centre historique \u00bb est marqu\u00e9 par la basilique Sainte-Marie-Assunta, datant de l\u2019an 639 et renfermant en son int\u00e9rieur des mosa\u00efques byzantines d\u2019une valeur inestimable, par l\u2019\u00e9glise adjacente de Santa Fosca et par le Mus\u00e9e de l\u2019Estuaire, riche en vestiges arch\u00e9ologiques de la lagune v\u00e9nitienne.Les l\u00e9gendes anciennes sont \u00e0 l\u2019origine des noms de deux monuments particuliers : le \u00ab Pont du Diable \u00bb et le \u00ab Tr\u00f4ne d\u2019Attila \u00bb. Murano En poursuivant l\u2019itin\u00e9raire, on arrive \u00e0 Murano, la plus c\u00e9l\u00e8bre des trois \u00eeles.Capitale mondiale du verre artistique, Murano regorge de verreries encore en activit\u00e9, qui travaillent toujours le verre selon les m\u00e9thodes invent\u00e9es il y a des si\u00e8cles par les premiers ma\u00eetres verriers.Le Mus\u00e9e d\u2019Art Verrier rassemble des pi\u00e8ces de grande valeur artistique et de fabrication tr\u00e8s raffin\u00e9e.La visite de l\u2019\u00c9glise des Saints Marie et Donat m\u00e9rite \u00e9galement l\u2019attention ; c\u2019est l\u2019une des plus anciennes de la lagune v\u00e9nitienne, excellent exemple du style roman-byzantin, et elle conserve encore intact le sol en mosa\u00efque de marbre et de verre. De nombreuses autres \u00eeles v\u00e9nitiennes Outre ces trois \u00eeles charmantes, la lagune v\u00e9nitienne comprend de nombreuses autres \u00eeles, toujours accessibles par les bateaux publics depuis les terminaux de Punta Sabbioni et Treporti : le Lido de Venise, c\u00e9l\u00e8bre pour la renomm\u00e9e \u00ab Mostra del Cinema \u00bb ; Sant\u2019Erasmo, l\u2019\u00eele des Artichauts ; Pellestrina ; Chioggia et Sottomarina, renomm\u00e9es pour leurs bateaux de p\u00eache, ainsi que de nombreuses autres petites \u00eeles.<\/p>\n","protected":false},"author":1,"featured_media":0,"parent":3280,"menu_order":0,"comment_status":"closed","ping_status":"closed","template":"","meta":{"footnotes":""},"class_list":["post-3319","page","type-page","status-publish","hentry"],"blocksy_meta":[],"_links":{"self":[{"href":"https:\/\/miramarevenezia.it\/fr\/wp-json\/wp\/v2\/pages\/3319","targetHints":{"allow":["GET"]}}],"collection":[{"href":"https:\/\/miramarevenezia.it\/fr\/wp-json\/wp\/v2\/pages"}],"about":[{"href":"https:\/\/miramarevenezia.it\/fr\/wp-json\/wp\/v2\/types\/page"}],"author":[{"embeddable":true,"href":"https:\/\/miramarevenezia.it\/fr\/wp-json\/wp\/v2\/users\/1"}],"replies":[{"embeddable":true,"href":"https:\/\/miramarevenezia.it\/fr\/wp-json\/wp\/v2\/comments?post=3319"}],"version-history":[{"count":1,"href":"https:\/\/miramarevenezia.it\/fr\/wp-json\/wp\/v2\/pages\/3319\/revisions"}],"predecessor-version":[{"id":3321,"href":"https:\/\/miramarevenezia.it\/fr\/wp-json\/wp\/v2\/pages\/3319\/revisions\/3321"}],"up":[{"embeddable":true,"href":"https:\/\/miramarevenezia.it\/fr\/wp-json\/wp\/v2\/pages\/3280"}],"wp:attachment":[{"href":"https:\/\/miramarevenezia.it\/fr\/wp-json\/wp\/v2\/media?parent=3319"}],"curies":[{"name":"wp","href":"https:\/\/api.w.org\/{rel}","templated":true}]}}