{"id":4450,"date":"2026-03-30T10:51:55","date_gmt":"2026-03-30T09:51:55","guid":{"rendered":"https:\/\/miramarevenezia.it\/infos-et-contacts\/reglement\/"},"modified":"2026-03-30T11:09:49","modified_gmt":"2026-03-30T10:09:49","slug":"reglement","status":"publish","type":"page","link":"https:\/\/miramarevenezia.it\/fr\/infos-et-contacts\/reglement\/","title":{"rendered":"R\u00e8glement"},"content":{"rendered":"\t\t<div data-elementor-type=\"wp-page\" data-elementor-id=\"4450\" class=\"elementor elementor-4450 elementor-4447\">\n\t\t\t\t<div class=\"wpr-jarallax elementor-element elementor-element-e458469 parallax-sopra wpr-jarallax-yes e-flex e-con-boxed wpr-particle-no wpr-parallax-no wpr-sticky-section-no wpr-equal-height-no e-con e-parent\" speed-data=\"1.1\" bg-image=\"https:\/\/miramarevenezia.it\/wp-content\/uploads\/viale-fiorito-venezia.jpg\" bg-image-mobile=\"\" scroll-effect=\"scroll\" data-id=\"e458469\" data-element_type=\"container\" data-e-type=\"container\" data-settings=\"{&quot;background_background&quot;:&quot;classic&quot;}\">\n\t\t\t\t\t<div class=\"e-con-inner\">\n\t\t\t\t<div class=\"elementor-element elementor-element-7c1df26 elementor-widget elementor-widget-heading\" data-id=\"7c1df26\" data-element_type=\"widget\" data-e-type=\"widget\" data-widget_type=\"heading.default\">\n\t\t\t\t\t<h1 class=\"elementor-heading-title elementor-size-default\">R\u00e8glement 2026<\/h1>\t\t\t\t<\/div>\n\t\t\t\t\t<\/div>\n\t\t\t\t<\/div>\n\t\t<div class=\"elementor-element elementor-element-a9d570e e-flex e-con-boxed wpr-particle-no wpr-jarallax-no wpr-parallax-no wpr-sticky-section-no wpr-equal-height-no e-con e-parent\" data-id=\"a9d570e\" data-element_type=\"container\" data-e-type=\"container\">\n\t\t\t\t\t<div class=\"e-con-inner\">\n\t\t\t\t<div class=\"elementor-element elementor-element-0ffc42d elementor-widget elementor-widget-text-editor\" data-id=\"0ffc42d\" data-element_type=\"widget\" data-e-type=\"widget\" data-widget_type=\"text-editor.default\">\n\t\t\t\t\t\t\t\t\t<p>Le pr\u00e9sent R\u00e8glement est remis \u00e0 l\u2019arriv\u00e9e, affich\u00e9 \u00e0 l\u2019entr\u00e9e et \u00e0 l\u2019int\u00e9rieur du camping, et disponible en ligne sur notre site www.miramarevenezia.it.<\/p>\t\t\t\t\t\t\t\t<\/div>\n\t\t\t\t<div class=\"elementor-element elementor-element-7bfad50 elementor-widget elementor-widget-text-editor\" data-id=\"7bfad50\" data-element_type=\"widget\" data-e-type=\"widget\" data-widget_type=\"text-editor.default\">\n\t\t\t\t\t\t\t\t\t<p>L\u2019acc\u00e8s au camping et la signature de la \u201cCarte d\u2019Entr\u00e9e\u201d impliquent l\u2019acceptation totale du pr\u00e9sent R\u00e8glement.<\/p>\t\t\t\t\t\t\t\t<\/div>\n\t\t\t\t<div class=\"elementor-element elementor-element-0a28f91 elementor-widget elementor-widget-text-editor\" data-id=\"0a28f91\" data-element_type=\"widget\" data-e-type=\"widget\" data-widget_type=\"text-editor.default\">\n\t\t\t\t\t\t\t\t\t<ol><li>\u00c0 l\u2019arriv\u00e9e, chaque personne doit pr\u00e9senter \u00e0 la R\u00e9ception un document d\u2019identit\u00e9 valide pour les enregistrements pr\u00e9vus par la loi. Le non-respect de cette obligation constitue une infraction au Code p\u00e9nal. Les mineurs ne sont accept\u00e9s que s\u2019ils sont accompagn\u00e9s de leurs parents ou d\u2019un tuteur l\u00e9gal. L\u2019H\u00f4te doit v\u00e9rifier l\u2019exactitude des donn\u00e9es enregistr\u00e9es, signaler toute divergence et notifier \u00e0 l\u2019avance toute modification (arriv\u00e9e ou d\u00e9part de personnes, changement d\u2019emplacement, etc.).    <\/li><li>Lors du check-in, la R\u00e9ception remet \u00e0 l\u2019H\u00f4te, avec la Liste des Prix et le R\u00e8glement, une \u201cCarte d\u2019Entr\u00e9e\u201d \u00e0 pr\u00e9senter \u00e0 la demande du personnel et \u00e0 restituer au d\u00e9part. Pour garantir une meilleure s\u00e9curit\u00e9 et faciliter les contr\u00f4les internes, un bracelet d\u2019identification est remis \u00e0 l\u2019H\u00f4te et \u00e0 chaque membre de son groupe, \u00e0 porter durant tout le s\u00e9jour. Un pass v\u00e9hicule est \u00e9galement remis pour chaque v\u00e9hicule enregistr\u00e9 et doit \u00eatre expos\u00e9 sur le pare-brise (c\u00f4t\u00e9 passager).    <\/li><li>Les visites doivent \u00eatre d\u00e9clar\u00e9es \u00e0 la R\u00e9ception et autoris\u00e9es par la Direction, en fonction des besoins organisationnels du Camping. Une autorisation gratuite d\u2019une heure est accord\u00e9e aux visiteurs sur pr\u00e9sentation d\u2019un document d\u2019identit\u00e9. Les s\u00e9jours d\u00e9passant une heure ou l\u2019utilisation des services du camping impliquent le paiement du tarif VISITEUR JOURNALIER pr\u00e9vu par la liste des prix. Aucune autorisation n\u2019est d\u00e9livr\u00e9e avant 08h00 ni apr\u00e8s 21h00. Les visiteurs ne peuvent pas acc\u00e9der au camping avec des v\u00e9hicules motoris\u00e9s. L\u2019H\u00f4te doit informer ses visiteurs du R\u00e8glement interne et est responsable de leur comportement dans l\u2019enceinte du camping.      <\/li><li>Tout H\u00f4te surpris en compagnie de personnes non enregistr\u00e9es aupr\u00e8s de la Direction sera expuls\u00e9 du camping et pourra \u00eatre d\u00e9nonc\u00e9 conform\u00e9ment au R\u00e8glement de S\u00e9curit\u00e9 Publique et aux articles 614, 624, 633 et 637 du Code p\u00e9nal.<\/li><li>S\u00e9jour minimum : voir la liste des prix.<\/li><li>Le s\u00e9jour est calcul\u00e9 sur la base du nombre de nuits pass\u00e9es au camping, ind\u00e9pendamment de l\u2019heure d\u2019arriv\u00e9e. Les d\u00e9parts doivent avoir lieu avant 12h00 (10h00 pour les groupes) pour les emplacements, et avant 10h00 (09h00 pour les groupes) pour les h\u00e9bergements. Tout d\u00e9part apr\u00e8s ces horaires entra\u00eene la facturation d\u2019une journ\u00e9e suppl\u00e9mentaire.   <\/li><li>L\u2019emplacement est attribu\u00e9 par la Direction. L\u2019H\u00f4te doit installer tout son mat\u00e9riel, y compris les v\u00e9hicules, de mani\u00e8re ordonn\u00e9e \u00e0 l\u2019int\u00e9rieur des limites de son emplacement, sans creuser de trous ou canaux ni tendre de fils ou b\u00e2ches. Un seul branchement \u00e9lectrique est autoris\u00e9 par emplacement sur les bornes pr\u00e9vues.   <\/li><li>Les chiens sont accept\u00e9s, mais leur pr\u00e9sence doit \u00eatre d\u00e9clar\u00e9e lors de la r\u00e9servation et\/ou \u00e0 l\u2019arriv\u00e9e. Ils doivent disposer d\u2019un certificat de vaccination et d\u2019une assurance. Les propri\u00e9taires doivent veiller \u00e0 l\u2019hygi\u00e8ne, tenir les chiens en laisse en permanence, comme prescrit par la r\u00e9glementation v\u00e9t\u00e9rinaire, et s\u2019assurer qu\u2019ils ne d\u00e9rangent pas les autres H\u00f4tes ni n\u2019entrent dans d\u2019autres emplacements. Les chiens ne sont pas admis dans les h\u00e9bergements (bungalows\/maxi-caravanes) et ne peuvent occuper que les emplacements qui leur sont r\u00e9serv\u00e9s. L\u2019acc\u00e8s aux structures communes est interdit par les Autorit\u00e9s Sanitaires. Il est obligatoire de sortir les chiens du camping pour leurs besoins, toujours en laisse; les propri\u00e9taires doivent disposer de sacs destin\u00e9s \u00e0 la collecte des d\u00e9jections. Pour le lavage des chiens, seule la douche pr\u00e9vue \u00e0 cet effet doit \u00eatre utilis\u00e9e. Les races consid\u00e9r\u00e9es comme dangereuses par le Minist\u00e8re de la Sant\u00e9 ne sont pas accept\u00e9es, quelle que soit leur taille. La Direction d\u00e9cline toute responsabilit\u00e9 pour les dommages caus\u00e9s par les animaux domestiques.         <\/li><li>\u00c0 tout moment de la journ\u00e9e, il convient d\u2019\u00e9viter tout comportement, jeu ou utilisation d\u2019appareils susceptible de d\u00e9ranger les autres H\u00f4tes. Le silence doit \u00eatre respect\u00e9 de 23h00 \u00e0 07h00 et de 13h00 \u00e0 15h00. Pour des raisons organisationnelles, le portail d\u2019acc\u00e8s des v\u00e9hicules reste n\u00e9anmoins ouvert de 13h00 \u00e0 15h00.   <\/li><li>Les enfants doivent toujours \u00eatre accompagn\u00e9s d\u2019un adulte aux sanitaires, aires de jeux et piscine. Les adultes sont responsables du comportement des mineurs dont ils ont la charge.  <\/li><li>Piscines : L\u2019acc\u00e8s est gratuit. Un r\u00e8glement sp\u00e9cifique est affich\u00e9 \u00e0 l\u2019entr\u00e9e des piscines. Tous les H\u00f4tes sont invit\u00e9s \u00e0 le respecter scrupuleusement ainsi qu\u2019\u00e0 suivre les instructions du personnel et du ma\u00eetrenageur sauveteur. La Direction se r\u00e9serve le droit de modifier les horaires d\u2019ouverture en cas de mauvaises conditions m\u00e9t\u00e9orologiques.    <\/li><li>Les v\u00e9hicules (voitures, camping-cars, motos, v\u00e9los, trottinettes) ne peuvent \u00eatre utilis\u00e9s que pour entrer et sortir du camping, \u00e0 vitesse r\u00e9duite (5 km\/h) et dans le respect de la signalisation interne. La circulation est interdite de 23h00 \u00e0 07h00. Les cyclomoteurs doivent \u00eatre pouss\u00e9s. La recharge des v\u00e9hicules \u00e9lectriques est uniquement autoris\u00e9e \u00e0 la borne pr\u00e9vue \u00e0 cet effet.    <\/li><li>Les barbecues \u00e9lectriques ou \u00e0 gaz sont autoris\u00e9s. Les feux ouverts sont interdits. Les barbecues \u00e0 charbon ne peuvent \u00eatre utilis\u00e9s que dans l\u2019aire sp\u00e9cialement am\u00e9nag\u00e9e.   <\/li><li>La Direction n\u2019assume aucune responsabilit\u00e9 en cas de perte ou de vol d\u2019objets ou de valeurs, ni en cas de dommages caus\u00e9s \u00e0 des personnes ou \u00e0 des biens par des intemp\u00e9ries, gr\u00eale, chutes d\u2019arbres, de branches ou de pommes de pin, ou tout autre ph\u00e9nom\u00e8ne naturel n\u2019\u00e9tant pas imputable \u00e0 une n\u00e9gligence du personnel du Camping.<\/li><li>L\u2019usage de drones par les H\u00f4tes est strictement interdit sur l\u2019ensemble du camping.<\/li><\/ol>\t\t\t\t\t\t\t\t<\/div>\n\t\t\t\t<div class=\"elementor-element elementor-element-403c69b elementor-widget elementor-widget-text-editor\" data-id=\"403c69b\" data-element_type=\"widget\" data-e-type=\"widget\" data-widget_type=\"text-editor.default\">\n\t\t\t\t\t\t\t\t\t<p>La Direction se r\u00e9serve le droit d\u2019expulser toute personne qui, \u00e0 son enti\u00e8re discr\u00e9tion, causerait des dommages ou perturberait la vie communautaire.<\/p>\t\t\t\t\t\t\t\t<\/div>\n\t\t\t\t<div class=\"elementor-element elementor-element-0f7b968 elementor-widget elementor-widget-text-editor\" data-id=\"0f7b968\" data-element_type=\"widget\" data-e-type=\"widget\" data-widget_type=\"text-editor.default\">\n\t\t\t\t\t\t\t\t\t<p>Elle se r\u00e9serve \u00e9galement le droit de modifier ou de compl\u00e9ter le pr\u00e9sent R\u00e8glement si n\u00e9cessaire.<\/p>\t\t\t\t\t\t\t\t<\/div>\n\t\t\t\t\t<\/div>\n\t\t\t\t<\/div>\n\t\t\t\t<\/div>\n\t\t","protected":false},"excerpt":{"rendered":"<p>R\u00e8glement 2026 Le pr\u00e9sent R\u00e8glement est remis \u00e0 l\u2019arriv\u00e9e, affich\u00e9 \u00e0 l\u2019entr\u00e9e et \u00e0 l\u2019int\u00e9rieur du camping, et disponible en ligne sur notre site www.miramarevenezia.it. L\u2019acc\u00e8s au camping et la signature de la \u201cCarte d\u2019Entr\u00e9e\u201d impliquent l\u2019acceptation totale du pr\u00e9sent R\u00e8glement. \u00c0 l\u2019arriv\u00e9e, chaque personne doit pr\u00e9senter \u00e0 la R\u00e9ception un document d\u2019identit\u00e9 valide pour les enregistrements pr\u00e9vus par la loi. Le non-respect de cette obligation constitue une infraction au Code p\u00e9nal. Les mineurs ne sont accept\u00e9s que s\u2019ils sont accompagn\u00e9s de leurs parents ou d\u2019un tuteur l\u00e9gal. L\u2019H\u00f4te doit v\u00e9rifier l\u2019exactitude des donn\u00e9es enregistr\u00e9es, signaler toute divergence et notifier \u00e0 l\u2019avance toute modification (arriv\u00e9e ou d\u00e9part de personnes, changement d\u2019emplacement, etc.). Lors du check-in, la R\u00e9ception remet \u00e0 l\u2019H\u00f4te, avec la Liste des Prix et le R\u00e8glement, une \u201cCarte d\u2019Entr\u00e9e\u201d \u00e0 pr\u00e9senter \u00e0 la demande du personnel et \u00e0 restituer au d\u00e9part. Pour garantir une meilleure s\u00e9curit\u00e9 et faciliter les contr\u00f4les internes, un bracelet d\u2019identification est remis \u00e0 l\u2019H\u00f4te et \u00e0 chaque membre de son groupe, \u00e0 porter durant tout le s\u00e9jour. Un pass v\u00e9hicule est \u00e9galement remis pour chaque v\u00e9hicule enregistr\u00e9 et doit \u00eatre expos\u00e9 sur le pare-brise (c\u00f4t\u00e9 passager). Les visites doivent \u00eatre d\u00e9clar\u00e9es \u00e0 la R\u00e9ception et autoris\u00e9es par la Direction, en fonction des besoins organisationnels du Camping. Une autorisation gratuite d\u2019une heure est accord\u00e9e aux visiteurs sur pr\u00e9sentation d\u2019un document d\u2019identit\u00e9. Les s\u00e9jours d\u00e9passant une heure ou l\u2019utilisation des services du camping impliquent le paiement du tarif VISITEUR JOURNALIER pr\u00e9vu par la liste des prix. Aucune autorisation n\u2019est d\u00e9livr\u00e9e avant 08h00 ni apr\u00e8s 21h00. Les visiteurs ne peuvent pas acc\u00e9der au camping avec des v\u00e9hicules motoris\u00e9s. L\u2019H\u00f4te doit informer ses visiteurs du R\u00e8glement interne et est responsable de leur comportement dans l\u2019enceinte du camping. Tout H\u00f4te surpris en compagnie de personnes non enregistr\u00e9es aupr\u00e8s de la Direction sera expuls\u00e9 du camping et pourra \u00eatre d\u00e9nonc\u00e9 conform\u00e9ment au R\u00e8glement de S\u00e9curit\u00e9 Publique et aux articles 614, 624, 633 et 637 du Code p\u00e9nal. S\u00e9jour minimum : voir la liste des prix. Le s\u00e9jour est calcul\u00e9 sur la base du nombre de nuits pass\u00e9es au camping, ind\u00e9pendamment de l\u2019heure d\u2019arriv\u00e9e. Les d\u00e9parts doivent avoir lieu avant 12h00 (10h00 pour les groupes) pour les emplacements, et avant 10h00 (09h00 pour les groupes) pour les h\u00e9bergements. Tout d\u00e9part apr\u00e8s ces horaires entra\u00eene la facturation d\u2019une journ\u00e9e suppl\u00e9mentaire. L\u2019emplacement est attribu\u00e9 par la Direction. L\u2019H\u00f4te doit installer tout son mat\u00e9riel, y compris les v\u00e9hicules, de mani\u00e8re ordonn\u00e9e \u00e0 l\u2019int\u00e9rieur des limites de son emplacement, sans creuser de trous ou canaux ni tendre de fils ou b\u00e2ches. Un seul branchement \u00e9lectrique est autoris\u00e9 par emplacement sur les bornes pr\u00e9vues. Les chiens sont accept\u00e9s, mais leur pr\u00e9sence doit \u00eatre d\u00e9clar\u00e9e lors de la r\u00e9servation et\/ou \u00e0 l\u2019arriv\u00e9e. Ils doivent disposer d\u2019un certificat de vaccination et d\u2019une assurance. Les propri\u00e9taires doivent veiller \u00e0 l\u2019hygi\u00e8ne, tenir les chiens en laisse en permanence, comme prescrit par la r\u00e9glementation v\u00e9t\u00e9rinaire, et s\u2019assurer qu\u2019ils ne d\u00e9rangent pas les autres H\u00f4tes ni n\u2019entrent dans d\u2019autres emplacements. Les chiens ne sont pas admis dans les h\u00e9bergements (bungalows\/maxi-caravanes) et ne peuvent occuper que les emplacements qui leur sont r\u00e9serv\u00e9s. L\u2019acc\u00e8s aux structures communes est interdit par les Autorit\u00e9s Sanitaires. Il est obligatoire de sortir les chiens du camping pour leurs besoins, toujours en laisse; les propri\u00e9taires doivent disposer de sacs destin\u00e9s \u00e0 la collecte des d\u00e9jections. Pour le lavage des chiens, seule la douche pr\u00e9vue \u00e0 cet effet doit \u00eatre utilis\u00e9e. Les races consid\u00e9r\u00e9es comme dangereuses par le Minist\u00e8re de la Sant\u00e9 ne sont pas accept\u00e9es, quelle que soit leur taille. La Direction d\u00e9cline toute responsabilit\u00e9 pour les dommages caus\u00e9s par les animaux domestiques. \u00c0 tout moment de la journ\u00e9e, il convient d\u2019\u00e9viter tout comportement, jeu ou utilisation d\u2019appareils susceptible de d\u00e9ranger les autres H\u00f4tes. Le silence doit \u00eatre respect\u00e9 de 23h00 \u00e0 07h00 et de 13h00 \u00e0 15h00. Pour des raisons organisationnelles, le portail d\u2019acc\u00e8s des v\u00e9hicules reste n\u00e9anmoins ouvert de 13h00 \u00e0 15h00. Les enfants doivent toujours \u00eatre accompagn\u00e9s d\u2019un adulte aux sanitaires, aires de jeux et piscine. Les adultes sont responsables du comportement des mineurs dont ils ont la charge. Piscines : L\u2019acc\u00e8s est gratuit. Un r\u00e8glement sp\u00e9cifique est affich\u00e9 \u00e0 l\u2019entr\u00e9e des piscines. Tous les H\u00f4tes sont invit\u00e9s \u00e0 le respecter scrupuleusement ainsi qu\u2019\u00e0 suivre les instructions du personnel et du ma\u00eetrenageur sauveteur. La Direction se r\u00e9serve le droit de modifier les horaires d\u2019ouverture en cas de mauvaises conditions m\u00e9t\u00e9orologiques. Les v\u00e9hicules (voitures, camping-cars, motos, v\u00e9los, trottinettes) ne peuvent \u00eatre utilis\u00e9s que pour entrer et sortir du camping, \u00e0 vitesse r\u00e9duite (5 km\/h) et dans le respect de la signalisation interne. La circulation est interdite de 23h00 \u00e0 07h00. Les cyclomoteurs doivent \u00eatre pouss\u00e9s. La recharge des v\u00e9hicules \u00e9lectriques est uniquement autoris\u00e9e \u00e0 la borne pr\u00e9vue \u00e0 cet effet. Les barbecues \u00e9lectriques ou \u00e0 gaz sont autoris\u00e9s. Les feux ouverts sont interdits. Les barbecues \u00e0 charbon ne peuvent \u00eatre utilis\u00e9s que dans l\u2019aire sp\u00e9cialement am\u00e9nag\u00e9e. La Direction n\u2019assume aucune responsabilit\u00e9 en cas de perte ou de vol d\u2019objets ou de valeurs, ni en cas de dommages caus\u00e9s \u00e0 des personnes ou \u00e0 des biens par des intemp\u00e9ries, gr\u00eale, chutes d\u2019arbres, de branches ou de pommes de pin, ou tout autre ph\u00e9nom\u00e8ne naturel n\u2019\u00e9tant pas imputable \u00e0 une n\u00e9gligence du personnel du Camping. L\u2019usage de drones par les H\u00f4tes est strictement interdit sur l\u2019ensemble du camping. La Direction se r\u00e9serve le droit d\u2019expulser toute personne qui, \u00e0 son enti\u00e8re discr\u00e9tion, causerait des dommages ou perturberait la vie communautaire. Elle se r\u00e9serve \u00e9galement le droit de modifier ou de compl\u00e9ter le pr\u00e9sent R\u00e8glement si n\u00e9cessaire.<\/p>\n","protected":false},"author":1,"featured_media":0,"parent":3284,"menu_order":0,"comment_status":"closed","ping_status":"closed","template":"","meta":{"footnotes":""},"class_list":["post-4450","page","type-page","status-publish","hentry"],"blocksy_meta":[],"_links":{"self":[{"href":"https:\/\/miramarevenezia.it\/fr\/wp-json\/wp\/v2\/pages\/4450","targetHints":{"allow":["GET"]}}],"collection":[{"href":"https:\/\/miramarevenezia.it\/fr\/wp-json\/wp\/v2\/pages"}],"about":[{"href":"https:\/\/miramarevenezia.it\/fr\/wp-json\/wp\/v2\/types\/page"}],"author":[{"embeddable":true,"href":"https:\/\/miramarevenezia.it\/fr\/wp-json\/wp\/v2\/users\/1"}],"replies":[{"embeddable":true,"href":"https:\/\/miramarevenezia.it\/fr\/wp-json\/wp\/v2\/comments?post=4450"}],"version-history":[{"count":1,"href":"https:\/\/miramarevenezia.it\/fr\/wp-json\/wp\/v2\/pages\/4450\/revisions"}],"predecessor-version":[{"id":4451,"href":"https:\/\/miramarevenezia.it\/fr\/wp-json\/wp\/v2\/pages\/4450\/revisions\/4451"}],"up":[{"embeddable":true,"href":"https:\/\/miramarevenezia.it\/fr\/wp-json\/wp\/v2\/pages\/3284"}],"wp:attachment":[{"href":"https:\/\/miramarevenezia.it\/fr\/wp-json\/wp\/v2\/media?parent=4450"}],"curies":[{"name":"wp","href":"https:\/\/api.w.org\/{rel}","templated":true}]}}